{"id":17988,"date":"2023-04-11T19:33:44","date_gmt":"2023-04-11T19:33:44","guid":{"rendered":"https:\/\/www.chb.cl\/sitio\/?page_id=17988"},"modified":"2026-04-08T17:09:32","modified_gmt":"2026-04-08T20:09:32","slug":"centro-de-estudiantes","status":"publish","type":"page","link":"https:\/\/www.chb.cl\/sitio\/centro-de-estudiantes\/","title":{"rendered":"Centro de Estudiantes"},"content":{"rendered":"<p>[et_pb_section fb_built=\u00bb1&#8243; _builder_version=\u00bb4.16&#8243; global_colors_info=\u00bb{}\u00bb][et_pb_row _builder_version=\u00bb4.16&#8243; background_size=\u00bbinitial\u00bb background_position=\u00bbtop_left\u00bb background_repeat=\u00bbrepeat\u00bb global_colors_info=\u00bb{}\u00bb][et_pb_column type=\u00bb4_4&#8243; _builder_version=\u00bb4.16&#8243; custom_padding=\u00bb|||\u00bb global_colors_info=\u00bb{}\u00bb custom_padding__hover=\u00bb|||\u00bb][et_pb_text _builder_version=\u00bb4.24.0&#8243; _module_preset=\u00bbdefault\u00bb header_font=\u00bbAlata||||||||\u00bb global_colors_info=\u00bb{}\u00bb]<\/p>\n<h3 style=\"text-align: center;\"><b>CENTRO DE ESTUDIANTES\u00a0<\/b><\/h3>\n<p>[\/et_pb_text][et_pb_text _builder_version=\u00bb4.27.6&#8243; text_font_size=\u00bb17px\u00bb background_size=\u00bbinitial\u00bb background_position=\u00bbtop_left\u00bb background_repeat=\u00bbrepeat\u00bb text_orientation=\u00bbjustified\u00bb global_colors_info=\u00bb{}\u00bb]<\/p>\n<p style=\"text-align: justify;\"><span style=\"font-weight: 400;\">El objetivo del Centro de Estudiantes (CEE) es apoyar a todos los estudiantes en el desarrollo de un pensamiento reflexivo, juicio cr\u00edtico, la voluntad de acci\u00f3n; formarlos para la vida democr\u00e1tica y participaci\u00f3n en los cambios culturales y sociales. Decreto 524 de 2006.<\/span><\/p>\n<p style=\"text-align: justify;\"><strong>Directorio del Centro de Estudiantes del Colegio Hispano Brit\u00e1nico (2026-2027), est\u00e1 conformado por:<\/strong><\/p>\n<ul style=\"text-align: justify;\">\n<li style=\"font-weight: 400;\" aria-level=\"1\"><span style=\"font-weight: 400;\">Crist\u00f3bal \u00dabeda, III\u00b0 D &#8211; Presidente\u00a0<\/span><\/li>\n<li style=\"font-weight: 400;\" aria-level=\"1\"><span style=\"font-weight: 400;\">Javiera Acu\u00f1a, III\u00b0 A &#8211; Vicepresidenta\u00a0<\/span><\/li>\n<li style=\"font-weight: 400;\" aria-level=\"1\"><span style=\"font-weight: 400;\">Alonso V\u00e9liz, III\u00b0 D &#8211; Secretario Ejecutivo<\/span><\/li>\n<li style=\"font-weight: 400;\" aria-level=\"1\"><span style=\"font-weight: 400;\">Fernanda Soria, II\u00b0 A &#8211; Secretaria de Actas\u00a0<\/span><\/li>\n<li style=\"font-weight: 400;\" aria-level=\"1\"><span style=\"font-weight: 400;\">Amaya Contreras, III\u00b0 A &#8211; Secretaria de Finanzas\u00a0<\/span><\/li>\n<\/ul>\n<p style=\"text-align: justify;\"><span style=\"font-weight: 400;\">El Centro de Estudiantes del Colegio Hispano Brit\u00e1nico es una organizaci\u00f3n formada por estudiantes. Su finalidad es unir a los estudiantes, en funci\u00f3n de la misi\u00f3n, visi\u00f3n y objetivos de la Instituci\u00f3n y dentro de las normas de organizaci\u00f3n y convivencia escolar, como medio para desarrollar el pensamiento reflexivo, el juicio cr\u00edtico y la voluntad de acci\u00f3n.<\/span><\/p>\n<p>[\/et_pb_text][\/et_pb_column][\/et_pb_row][et_pb_row _builder_version=\u00bb4.24.3&#8243; _module_preset=\u00bbdefault\u00bb global_colors_info=\u00bb{}\u00bb][et_pb_column type=\u00bb4_4&#8243; _builder_version=\u00bb4.24.3&#8243; _module_preset=\u00bbdefault\u00bb global_colors_info=\u00bb{}\u00bb][et_pb_image src=\u00bbhttps:\/\/www.chb.cl\/sitio\/wp-content\/uploads\/2026\/04\/20260325_103422-1-scaled.jpg\u00bb _builder_version=\u00bb4.27.6&#8243; _module_preset=\u00bbdefault\u00bb title_text=\u00bb20260325_103422 (1)\u00bb align=\u00bbcenter\u00bb hover_enabled=\u00bb0&#8243; sticky_enabled=\u00bb0&#8243;][\/et_pb_image][\/et_pb_column][\/et_pb_row][et_pb_row _builder_version=\u00bb4.24.3&#8243; _module_preset=\u00bbdefault\u00bb global_colors_info=\u00bb{}\u00bb][et_pb_column type=\u00bb4_4&#8243; _builder_version=\u00bb4.24.3&#8243; _module_preset=\u00bbdefault\u00bb global_colors_info=\u00bb{}\u00bb][et_pb_button button_url=\u00bbhttps:\/\/www.chb.cl\/sitio\/estudiantes-protagonizan-debate-de-listas-candidatas-al-centro-de-estudiantes-2026\/\u00bb button_text=\u00bbEstudiantes protagonizan debate de listas candidatas al Centro de Estudiantes 2026 \ud83d\udccd\u00bb _builder_version=\u00bb4.27.6&#8243; _module_preset=\u00bbdefault\u00bb custom_button=\u00bbon\u00bb button_text_color=\u00bb#FFFFFF\u00bb button_bg_color=\u00bb#ff5300&#8243; button_border_radius=\u00bb30px\u00bb button_font=\u00bbAlata||||||||\u00bb global_colors_info=\u00bb{}\u00bb][\/et_pb_button][et_pb_button button_url=\u00bbhttps:\/\/www.chb.cl\/sitio\/candidatos-al-centro-de-estudiantes-2026-presentaron-sus-propuestas-al-director-en-un-espacio-de-dialogo-formativo\/\u00bb button_text=\u00bbCandidatos al Centro de Estudiantes 2026 presentaron sus propuestas al Director \ud83d\udc68\ud83c\udffd\u200d\ud83d\udcbc\u00bb _builder_version=\u00bb4.27.6&#8243; _module_preset=\u00bbdefault\u00bb custom_button=\u00bbon\u00bb button_text_color=\u00bb#FFFFFF\u00bb button_bg_color=\u00bb#ff5300&#8243; button_border_radius=\u00bb30px\u00bb button_font=\u00bbAlata||||||||\u00bb global_colors_info=\u00bb{}\u00bb][\/et_pb_button][et_pb_button button_url=\u00bbhttps:\/\/www.chb.cl\/sitio\/lista-a-se-convierte-en-el-nuevo-centro-de-estudiantes-2026\/\u00bb button_text=\u00bbLista A+ se convierte en el nuevo Centro de Estudiantes 2026 \ud83c\udfc6\u00bb _builder_version=\u00bb4.27.6&#8243; _module_preset=\u00bbdefault\u00bb custom_button=\u00bbon\u00bb button_text_color=\u00bb#FFFFFF\u00bb button_bg_color=\u00bb#ff5300&#8243; button_border_radius=\u00bb30px\u00bb button_font=\u00bbAlata||||||||\u00bb global_colors_info=\u00bb{}\u00bb][\/et_pb_button][\/et_pb_column][\/et_pb_row][\/et_pb_section]<\/p>\n","protected":false},"excerpt":{"rendered":"<p>CENTRO DE ESTUDIANTES\u00a0El objetivo del Centro de Estudiantes (CEE) es apoyar a todos los estudiantes en el desarrollo de un pensamiento reflexivo, juicio cr\u00edtico, la voluntad de acci\u00f3n; formarlos para [&hellip;]<\/p>\n","protected":false},"author":1,"featured_media":0,"parent":0,"menu_order":0,"comment_status":"closed","ping_status":"closed","template":"","meta":{"_et_pb_use_builder":"on","_et_pb_old_content":"<p>\u00a0<\/p><h3 style=\"text-align: center;\"><b>Proceso de Elecciones CEE CHB 2023<\/b><\/h3><p>[\/vc_column_text][vc_empty_space][\/vc_column][\/vc_row][vc_row][vc_column width=\"1\/3\"][vc_btn title=\"Campa\u00f1a CEE\" color=\"primary\" align=\"center\" link=\"url:https%3A%2F%2Fwww.chb.cl%2Fsitio%2Fse-da-inicio-formal-al-proceso-de-elecciones-para-centro-de-estudiantes-2023-del-colegio-hispano-britanico%2F\"][vc_empty_space][\/vc_column][vc_column width=\"1\/3\"][vc_btn title=\"Plenario CEE\" color=\"primary\" align=\"center\" link=\"url:https%3A%2F%2Fwww.chb.cl%2Fsitio%2Fhoy-fue-el-plenario-de-la-unica-lista-representante-para-el-centro-de-estudiantes-2023%2F\"][vc_empty_space][\/vc_column][vc_column width=\"1\/3\"][vc_btn title=\"Elecciones CEE\" color=\"primary\" align=\"center\" link=\"url:https%3A%2F%2Fwww.chb.cl%2Fsitio%2Felecciones-para-el-centro-de-estudiantes-del-colegio-hispano-britanico%2F\"][vc_empty_space][\/vc_column][\/vc_row][vc_row][vc_column width=\"1\/3\"][vc_btn title=\"\u201cRegistro Fotogr\u00e1fico Elecciones CEE 2023\u201d\" color=\"primary\" link=\"url:https%3A%2F%2Fwww.chb.cl%2Fsitio%2Fregistro-fotografico-elecciones-cee-2023%2F\"][\/vc_column][vc_column width=\"1\/3\"][\/vc_column][vc_column width=\"1\/3\"][\/vc_column][\/vc_row]<\/p>","_et_gb_content_width":"","footnotes":""},"class_list":["post-17988","page","type-page","status-publish","hentry"],"_links":{"self":[{"href":"https:\/\/www.chb.cl\/sitio\/wp-json\/wp\/v2\/pages\/17988","targetHints":{"allow":["GET"]}}],"collection":[{"href":"https:\/\/www.chb.cl\/sitio\/wp-json\/wp\/v2\/pages"}],"about":[{"href":"https:\/\/www.chb.cl\/sitio\/wp-json\/wp\/v2\/types\/page"}],"author":[{"embeddable":true,"href":"https:\/\/www.chb.cl\/sitio\/wp-json\/wp\/v2\/users\/1"}],"replies":[{"embeddable":true,"href":"https:\/\/www.chb.cl\/sitio\/wp-json\/wp\/v2\/comments?post=17988"}],"version-history":[{"count":0,"href":"https:\/\/www.chb.cl\/sitio\/wp-json\/wp\/v2\/pages\/17988\/revisions"}],"wp:attachment":[{"href":"https:\/\/www.chb.cl\/sitio\/wp-json\/wp\/v2\/media?parent=17988"}],"curies":[{"name":"wp","href":"https:\/\/api.w.org\/{rel}","templated":true}]}}