{"id":32630,"date":"2024-02-14T09:27:36","date_gmt":"2024-02-14T12:27:36","guid":{"rendered":"https:\/\/www.chb.cl\/sitio\/?page_id=32630"},"modified":"2024-02-14T09:29:22","modified_gmt":"2024-02-14T12:29:22","slug":"mision-y-vision-2","status":"publish","type":"page","link":"https:\/\/www.chb.cl\/sitio\/mision-y-vision-2\/","title":{"rendered":"Misi\u00f3n y visi\u00f3n"},"content":{"rendered":"<p>[et_pb_section fb_built=\u00bb1&#8243; admin_label=\u00bbsection\u00bb _builder_version=\u00bb4.16&#8243; global_colors_info=\u00bb{}\u00bb][et_pb_row admin_label=\u00bbrow\u00bb _builder_version=\u00bb4.16&#8243; background_size=\u00bbinitial\u00bb background_position=\u00bbtop_left\u00bb background_repeat=\u00bbrepeat\u00bb global_colors_info=\u00bb{}\u00bb][et_pb_column type=\u00bb4_4&#8243; _builder_version=\u00bb4.16&#8243; custom_padding=\u00bb|||\u00bb global_colors_info=\u00bb{}\u00bb custom_padding__hover=\u00bb|||\u00bb][et_pb_image src=\u00bbhttps:\/\/www.chb.cl\/sitio\/wp-content\/uploads\/2024\/02\/WhatsApp-Image-2024-02-05-at-12.30.38.jpeg\u00bb _builder_version=\u00bb4.24.0&#8243; _module_preset=\u00bbdefault\u00bb title_text=\u00bbWhatsApp Image 2024-02-05 at 12.30.38&#8243; hover_enabled=\u00bb0&#8243; sticky_enabled=\u00bb0&#8243;][\/et_pb_image][et_pb_text admin_label=\u00bbText\u00bb _builder_version=\u00bb4.24.0&#8243; background_size=\u00bbinitial\u00bb background_position=\u00bbtop_left\u00bb background_repeat=\u00bbrepeat\u00bb hover_enabled=\u00bb0&#8243; global_colors_info=\u00bb{}\u00bb text_orientation=\u00bbjustified\u00bb text_font_size=\u00bb17px\u00bb sticky_enabled=\u00bb0&#8243;]<\/p>\n<h3>Visi\u00f3n\u00a0<\/h3>\n<p>Ser la mejor alternativa educativa para que los estudiantes desarrollen sus competencias en un ambiente de alta exigencia acad\u00e9mica y deportiva, contribuyendo a formar personas dispuestas a ser felices, \u00edntegras, respetuosas y preparadas para liderar en la construcci\u00f3n de un mundo mejor.<\/p>\n<h3>Misi\u00f3n<\/h3>\n<p>Que la organizaci\u00f3n educativa HB sea un part\u00edcipe activo de la comunidad, formadora de personas con cualidades intelectuales y val\u00f3ricas que les permitir\u00e1n enfrentar de manera exitosa los desaf\u00edos de una sociedad en constante movimiento; para ello cuenta con un modelo educativo centrado en las competencias sus estudiantes en que son protagonistas de su aprendizaje. Contamos con un equipo docente con competencias y de alta exigencia acad\u00e9mica que les permiten actuar de mediador y facilitador de la educaci\u00f3n y de la formaci\u00f3n val\u00f3rica de sus estudiantes, apoyados por medios tecnol\u00f3gicos en constante desarrollo, asimismo, la organizaci\u00f3n educativa HB procura tener un ambiente grato y de excelentes relaciones interpersonales con toda su comunidad educativa.<\/p>\n<p>[\/et_pb_text][\/et_pb_column][\/et_pb_row][\/et_pb_section]<\/p>\n","protected":false},"excerpt":{"rendered":"<p>Visi\u00f3n\u00a0 Ser la mejor alternativa educativa para que los estudiantes desarrollen sus competencias en un ambiente de alta exigencia acad\u00e9mica y deportiva, contribuyendo a formar personas dispuestas a ser felices, [&hellip;]<\/p>\n","protected":false},"author":1,"featured_media":0,"parent":0,"menu_order":0,"comment_status":"closed","ping_status":"closed","template":"","meta":{"_et_pb_use_builder":"on","_et_pb_old_content":"Visi\u00f3n:\u00a0Ser la mejor alternativa educativa para que los estudiantes desarrollen sus competencias en un ambiente de alta exigencia acad\u00e9mica y deportiva, contribuyendo a formar personas dispuestas a ser felices, \u00edntegras, respetuosas y preparadas para liderar en la construcci\u00f3n de un mundo mejor.\r\n\r\nMisi\u00f3n:\u00a0Que la organizaci\u00f3n educativa HB sea un part\u00edcipe activo de la comunidad, formadora de personas con cualidades intelectuales y val\u00f3ricas que les permitir\u00e1n enfrentar de manera exitosa los desaf\u00edos de una sociedad en constante movimiento; para ello cuenta con un modelo educativo centrado en las competencias sus estudiantes en que son protagonistas de su aprendizaje. Contamos con un equipo docente con competencias y de alta exigencia acad\u00e9mica que les permiten actuar de mediador y facilitador de la educaci\u00f3n y de la formaci\u00f3n val\u00f3rica de sus estudiantes, apoyados por medios tecnol\u00f3gicos en constante desarrollo, asimismo, la organizaci\u00f3n educativa HB procura tener un ambiente grato y de excelentes relaciones interpersonales con toda su comunidad educativa.","_et_gb_content_width":"","footnotes":""},"class_list":["post-32630","page","type-page","status-publish","hentry"],"_links":{"self":[{"href":"https:\/\/www.chb.cl\/sitio\/wp-json\/wp\/v2\/pages\/32630","targetHints":{"allow":["GET"]}}],"collection":[{"href":"https:\/\/www.chb.cl\/sitio\/wp-json\/wp\/v2\/pages"}],"about":[{"href":"https:\/\/www.chb.cl\/sitio\/wp-json\/wp\/v2\/types\/page"}],"author":[{"embeddable":true,"href":"https:\/\/www.chb.cl\/sitio\/wp-json\/wp\/v2\/users\/1"}],"replies":[{"embeddable":true,"href":"https:\/\/www.chb.cl\/sitio\/wp-json\/wp\/v2\/comments?post=32630"}],"version-history":[{"count":0,"href":"https:\/\/www.chb.cl\/sitio\/wp-json\/wp\/v2\/pages\/32630\/revisions"}],"wp:attachment":[{"href":"https:\/\/www.chb.cl\/sitio\/wp-json\/wp\/v2\/media?parent=32630"}],"curies":[{"name":"wp","href":"https:\/\/api.w.org\/{rel}","templated":true}]}}