{"id":35374,"date":"2024-08-13T11:32:18","date_gmt":"2024-08-13T14:32:18","guid":{"rendered":"https:\/\/www.chb.cl\/sitio\/?page_id=35374"},"modified":"2024-08-22T16:10:42","modified_gmt":"2024-08-22T19:10:42","slug":"trabaja-con-nosotros","status":"publish","type":"page","link":"https:\/\/www.chb.cl\/sitio\/trabaja-con-nosotros\/","title":{"rendered":"trabaja con nosotros"},"content":{"rendered":"<p>[et_pb_section fb_built=\u00bb1&#8243; _builder_version=\u00bb4.27.0&#8243; _module_preset=\u00bbdefault\u00bb global_colors_info=\u00bb{}\u00bb][et_pb_row column_structure=\u00bb1_2,1_2&#8243; _builder_version=\u00bb4.27.0&#8243; _module_preset=\u00bbdefault\u00bb global_colors_info=\u00bb{}\u00bb][et_pb_column type=\u00bb1_2&#8243; _builder_version=\u00bb4.27.0&#8243; _module_preset=\u00bbdefault\u00bb global_colors_info=\u00bb{}\u00bb][et_pb_text _builder_version=\u00bb4.27.0&#8243; _module_preset=\u00bbdefault\u00bb global_colors_info=\u00bb{}\u00bb]<\/p>\n<h3>TRABAJA CON NOSOTROS<\/h3>\n<p>[\/et_pb_text][et_pb_text _builder_version=\u00bb4.27.0&#8243; _module_preset=\u00bbdefault\u00bb hover_enabled=\u00bb0&#8243; global_colors_info=\u00bb{}\u00bb sticky_enabled=\u00bb0&#8243;]<\/p>\n<p style=\"text-align: justify;\"><span>Estamos actualizando nuestra base de datos, para ser considerado en una futura vacante, env\u00edanos un correo electr\u00f3nico con su curr\u00edculum vitae a\u00a0<a href=\"mailto:info@chb.cl\" title=\"\" target=\"_blank\" rel=\"noopener\"><b>recepcion@chb.cl<\/b><\/a>, especificando en el\u00a0<strong><u>asunto<\/u><\/strong>, el \u00e1rea a la que postula:<br \/><\/span><\/p>\n<ul style=\"text-align: justify;\">\n<li><span>Docencia<\/span><\/li>\n<li><span>Administrativo<\/span><\/li>\n<li><span>Psicolog\u00eda<\/span><\/li>\n<li><span>Educaci\u00f3n Diferencial<\/span><\/li>\n<li><span>Asistente Social<\/span><\/li>\n<li><span>Inspector\u00eda<\/span><\/li>\n<li><span>Asistente de Aula<\/span><\/li>\n<li><span>Operaciones<\/span><\/li>\n<\/ul>\n<p style=\"text-align: justify;\">Gracias por tu inter\u00e9s<\/p>\n<p>[\/et_pb_text][\/et_pb_column][et_pb_column type=\u00bb1_2&#8243; _builder_version=\u00bb4.27.0&#8243; _module_preset=\u00bbdefault\u00bb global_colors_info=\u00bb{}\u00bb][et_pb_image src=\u00bbhttps:\/\/www.chb.cl\/sitio\/wp-content\/uploads\/2024\/08\/ctrabaja_con_nosotros.jpg\u00bb title_text=\u00bbctrabaja_con_nosotros\u00bb align=\u00bbcenter\u00bb _builder_version=\u00bb4.27.0&#8243; _module_preset=\u00bbdefault\u00bb width=\u00bb56%\u00bb border_radii=\u00bbon|20px|20px|20px|20px\u00bb global_colors_info=\u00bb{}\u00bb][\/et_pb_image][\/et_pb_column][\/et_pb_row][\/et_pb_section]<\/p>\n","protected":false},"excerpt":{"rendered":"<p>TRABAJA CON NOSOTROSEstamos actualizando nuestra base de datos, para ser considerado en una futura vacante, env\u00edanos un correo electr\u00f3nico con su curr\u00edculum vitae a\u00a0recepcion@chb.cl, especificando en el\u00a0asunto, el \u00e1rea a [&hellip;]<\/p>\n","protected":false},"author":1,"featured_media":0,"parent":0,"menu_order":0,"comment_status":"closed","ping_status":"closed","template":"","meta":{"_et_pb_use_builder":"on","_et_pb_old_content":"","_et_gb_content_width":"","footnotes":""},"class_list":["post-35374","page","type-page","status-publish","hentry"],"_links":{"self":[{"href":"https:\/\/www.chb.cl\/sitio\/wp-json\/wp\/v2\/pages\/35374","targetHints":{"allow":["GET"]}}],"collection":[{"href":"https:\/\/www.chb.cl\/sitio\/wp-json\/wp\/v2\/pages"}],"about":[{"href":"https:\/\/www.chb.cl\/sitio\/wp-json\/wp\/v2\/types\/page"}],"author":[{"embeddable":true,"href":"https:\/\/www.chb.cl\/sitio\/wp-json\/wp\/v2\/users\/1"}],"replies":[{"embeddable":true,"href":"https:\/\/www.chb.cl\/sitio\/wp-json\/wp\/v2\/comments?post=35374"}],"version-history":[{"count":0,"href":"https:\/\/www.chb.cl\/sitio\/wp-json\/wp\/v2\/pages\/35374\/revisions"}],"wp:attachment":[{"href":"https:\/\/www.chb.cl\/sitio\/wp-json\/wp\/v2\/media?parent=35374"}],"curies":[{"name":"wp","href":"https:\/\/api.w.org\/{rel}","templated":true}]}}