{"id":35413,"date":"2024-08-16T12:14:41","date_gmt":"2024-08-16T15:14:41","guid":{"rendered":"https:\/\/www.chb.cl\/sitio\/?page_id=35413"},"modified":"2024-08-16T12:14:44","modified_gmt":"2024-08-16T15:14:44","slug":"protocolo-de-riesgos-psicosociales-laborales","status":"publish","type":"page","link":"https:\/\/www.chb.cl\/sitio\/protocolo-de-riesgos-psicosociales-laborales\/","title":{"rendered":"Protocolo de riesgos psicosociales laborales"},"content":{"rendered":"<p>[et_pb_section fb_built=\u00bb1&#8243; theme_builder_area=\u00bbpost_content\u00bb _builder_version=\u00bb4.27.0&#8243; _module_preset=\u00bbdefault\u00bb][et_pb_row _builder_version=\u00bb4.27.0&#8243; _module_preset=\u00bbdefault\u00bb theme_builder_area=\u00bbpost_content\u00bb][et_pb_column _builder_version=\u00bb4.27.0&#8243; _module_preset=\u00bbdefault\u00bb type=\u00bb4_4&#8243; theme_builder_area=\u00bbpost_content\u00bb][et_pb_text _builder_version=\u00bb4.27.0&#8243; _module_preset=\u00bbdefault\u00bb theme_builder_area=\u00bbpost_content\u00bb text_font=\u00bbAlata||||||||\u00bb hover_enabled=\u00bb0&#8243; sticky_enabled=\u00bb0&#8243;]<\/p>\n<h2 style=\"text-align: center;\"><strong>Sensibilizaci\u00f3n y Difusi\u00f3n Protocolo de Riesgos Psicosociales Laborales CT &#8211; CHB<\/strong><\/h2>\n<p>[\/et_pb_text][\/et_pb_column][\/et_pb_row][et_pb_row _builder_version=\u00bb4.27.0&#8243; _module_preset=\u00bbdefault\u00bb column_structure=\u00bb1_4,1_4,1_4,1_4&#8243; theme_builder_area=\u00bbpost_content\u00bb][et_pb_column _builder_version=\u00bb4.27.0&#8243; _module_preset=\u00bbdefault\u00bb type=\u00bb1_4&#8243; theme_builder_area=\u00bbpost_content\u00bb][et_pb_text _builder_version=\u00bb4.27.0&#8243; _module_preset=\u00bbdefault\u00bb theme_builder_area=\u00bbpost_content\u00bb hover_enabled=\u00bb0&#8243; sticky_enabled=\u00bb0&#8243;]<\/p>\n<p style=\"text-align: center;\">Manual del m\u00e9todo<\/p>\n<p>[\/et_pb_text][et_pb_image _builder_version=\u00bb4.27.0&#8243; _module_preset=\u00bbdefault\u00bb theme_builder_area=\u00bbpost_content\u00bb title_text=\u00bbmanual del metodo\u00bb src=\u00bbhttps:\/\/www.chb.cl\/sitio\/wp-content\/uploads\/2024\/08\/manual-del-metodo.png\u00bb hover_enabled=\u00bb0&#8243; sticky_enabled=\u00bb0&#8243; url=\u00bbhttps:\/\/www.chb.cl\/sitio\/wp-content\/uploads\/2024\/08\/manual-del-metodo-del-cuestionario-ceal-sm-suseso-2024.pdf\u00bb align=\u00bbcenter\u00bb border_color_all=\u00bb#0C71C3&#8243; border_width_all=\u00bb5px\u00bb][\/et_pb_image][\/et_pb_column][et_pb_column _builder_version=\u00bb4.27.0&#8243; _module_preset=\u00bbdefault\u00bb type=\u00bb1_4&#8243; theme_builder_area=\u00bbpost_content\u00bb][et_pb_text _builder_version=\u00bb4.27.0&#8243; _module_preset=\u00bbdefault\u00bb theme_builder_area=\u00bbpost_content\u00bb hover_enabled=\u00bb0&#8243; sticky_enabled=\u00bb0&#8243;]<\/p>\n<p style=\"text-align: center;\">Protocolo de vigilancia<\/p>\n<p>[\/et_pb_text][et_pb_image _builder_version=\u00bb4.27.0&#8243; _module_preset=\u00bbdefault\u00bb theme_builder_area=\u00bbpost_content\u00bb title_text=\u00bbvigilancia\u00bb src=\u00bbhttps:\/\/www.chb.cl\/sitio\/wp-content\/uploads\/2024\/08\/vigilancia.png\u00bb hover_enabled=\u00bb0&#8243; sticky_enabled=\u00bb0&#8243; url=\u00bbhttps:\/\/www.chb.cl\/sitio\/wp-content\/uploads\/2024\/08\/2-protocolo-de-vigilancia-de-riesgos-psicosociales-en-el-trabajo.pdf\u00bb align=\u00bbcenter\u00bb border_color_all=\u00bb#0C71C3&#8243; border_width_all=\u00bb5px\u00bb][\/et_pb_image][\/et_pb_column][et_pb_column _builder_version=\u00bb4.27.0&#8243; _module_preset=\u00bbdefault\u00bb type=\u00bb1_4&#8243; theme_builder_area=\u00bbpost_content\u00bb][et_pb_text _builder_version=\u00bb4.27.0&#8243; _module_preset=\u00bbdefault\u00bb theme_builder_area=\u00bbpost_content\u00bb hover_enabled=\u00bb0&#8243; sticky_enabled=\u00bb0&#8243;]<\/p>\n<p style=\"text-align: center;\">Acta de conformaci\u00f3n<\/p>\n<p>[\/et_pb_text][et_pb_image _builder_version=\u00bb4.27.0&#8243; _module_preset=\u00bbdefault\u00bb theme_builder_area=\u00bbpost_content\u00bb title_text=\u00bbacta\u00bb src=\u00bbhttps:\/\/www.chb.cl\/sitio\/wp-content\/uploads\/2024\/08\/acta.png\u00bb hover_enabled=\u00bb0&#8243; sticky_enabled=\u00bb0&#8243; url=\u00bbhttps:\/\/www.chb.cl\/sitio\/wp-content\/uploads\/2024\/08\/Acta-de-conformacion-del-Comite-de-Aplicacion-CdA-Protocolo-de-Riesgos-Psicosociales.pdf\u00bb align=\u00bbcenter\u00bb border_color_all=\u00bb#0C71C3&#8243; border_width_all=\u00bb5px\u00bb][\/et_pb_image][\/et_pb_column][et_pb_column _builder_version=\u00bb4.27.0&#8243; _module_preset=\u00bbdefault\u00bb type=\u00bb1_4&#8243; theme_builder_area=\u00bbpost_content\u00bb][et_pb_text _builder_version=\u00bb4.27.0&#8243; _module_preset=\u00bbdefault\u00bb theme_builder_area=\u00bbpost_content\u00bb hover_enabled=\u00bb0&#8243; sticky_enabled=\u00bb0&#8243;]<\/p>\n<p style=\"text-align: center;\">Presentaci\u00f3n protocolo<\/p>\n<p>[\/et_pb_text][et_pb_image _builder_version=\u00bb4.27.0&#8243; _module_preset=\u00bbdefault\u00bb theme_builder_area=\u00bbpost_content\u00bb title_text=\u00bbPresentacion Protocolo\u00bb src=\u00bbhttps:\/\/www.chb.cl\/sitio\/wp-content\/uploads\/2024\/08\/Presentacion-Protocolo.png\u00bb hover_enabled=\u00bb0&#8243; sticky_enabled=\u00bb0&#8243; url=\u00bbhttps:\/\/www.chb.cl\/sitio\/wp-content\/uploads\/2024\/08\/122022-ppt-presentacion-empresa.pdf\u00bb align=\u00bbcenter\u00bb border_color_all=\u00bb#0C71C3&#8243; border_width_all=\u00bb5px\u00bb][\/et_pb_image][\/et_pb_column][\/et_pb_row][\/et_pb_section]<\/p>\n","protected":false},"excerpt":{"rendered":"<p>Sensibilizaci\u00f3n y Difusi\u00f3n Protocolo de Riesgos Psicosociales Laborales CT &#8211; CHBManual del m\u00e9todoProtocolo de vigilanciaActa de conformaci\u00f3nPresentaci\u00f3n protocolo<\/p>\n","protected":false},"author":1,"featured_media":0,"parent":0,"menu_order":0,"comment_status":"closed","ping_status":"closed","template":"","meta":{"_et_pb_use_builder":"on","_et_pb_old_content":"","_et_gb_content_width":"","footnotes":""},"class_list":["post-35413","page","type-page","status-publish","hentry"],"_links":{"self":[{"href":"https:\/\/www.chb.cl\/sitio\/wp-json\/wp\/v2\/pages\/35413","targetHints":{"allow":["GET"]}}],"collection":[{"href":"https:\/\/www.chb.cl\/sitio\/wp-json\/wp\/v2\/pages"}],"about":[{"href":"https:\/\/www.chb.cl\/sitio\/wp-json\/wp\/v2\/types\/page"}],"author":[{"embeddable":true,"href":"https:\/\/www.chb.cl\/sitio\/wp-json\/wp\/v2\/users\/1"}],"replies":[{"embeddable":true,"href":"https:\/\/www.chb.cl\/sitio\/wp-json\/wp\/v2\/comments?post=35413"}],"version-history":[{"count":0,"href":"https:\/\/www.chb.cl\/sitio\/wp-json\/wp\/v2\/pages\/35413\/revisions"}],"wp:attachment":[{"href":"https:\/\/www.chb.cl\/sitio\/wp-json\/wp\/v2\/media?parent=35413"}],"curies":[{"name":"wp","href":"https:\/\/api.w.org\/{rel}","templated":true}]}}