{"id":375,"date":"2013-06-11T02:30:08","date_gmt":"2013-06-11T02:30:08","guid":{"rendered":"https:\/\/www.chb.cl\/sitio\/?page_id=375"},"modified":"2025-03-19T09:10:14","modified_gmt":"2025-03-19T12:10:14","slug":"extraescolar","status":"publish","type":"page","link":"https:\/\/www.chb.cl\/sitio\/extraescolar\/","title":{"rendered":"Departamento Extraescolar"},"content":{"rendered":"<p>[et_pb_section fb_built=\u00bb1&#8243; admin_label=\u00bbsection\u00bb _builder_version=\u00bb4.16&#8243; global_colors_info=\u00bb{}\u00bb][et_pb_row admin_label=\u00bbrow\u00bb _builder_version=\u00bb4.16&#8243; background_size=\u00bbinitial\u00bb background_position=\u00bbtop_left\u00bb background_repeat=\u00bbrepeat\u00bb global_colors_info=\u00bb{}\u00bb][et_pb_column type=\u00bb4_4&#8243; _builder_version=\u00bb4.16&#8243; custom_padding=\u00bb|||\u00bb global_colors_info=\u00bb{}\u00bb custom_padding__hover=\u00bb|||\u00bb][et_pb_text admin_label=\u00bbText\u00bb _builder_version=\u00bb4.27.4&#8243; text_font_size=\u00bb17px\u00bb background_size=\u00bbinitial\u00bb background_position=\u00bbtop_left\u00bb background_repeat=\u00bbrepeat\u00bb text_orientation=\u00bbjustified\u00bb hover_enabled=\u00bb0&#8243; global_colors_info=\u00bb{}\u00bb sticky_enabled=\u00bb0&#8243;]<\/p>\n<h2 style=\"text-align: center;\">Extraescolar<\/h2>\n<p style=\"text-align: justify;\"><strong>\u00bfQu\u00e9 es un Taller Extraescolar?<\/strong><\/p>\n<p style=\"text-align: justify;\"><span style=\"font-weight: 400;\">Es una instancia educativo-recreativa de tiempo libre, realizadas fuera del horario lectivo, que se origina por el desarrollo de pr\u00e1cticas organizadas de actividades que apuntan a la integralidad de los estudiantes.\u00a0 Los Talleres Extraescolares del Colegio Hispano Brit\u00e1nico hacen referencia a todas aquellas actividades deportivas, art\u00edsticas, sociales y cient\u00edficas de libre elecci\u00f3n, las cuales est\u00e1n encaminadas a potenciar la formaci\u00f3n integral de sus estudiantes, abordando el sello institucional de una amplia oferta de actividades destinadas al desarrollo de competencias tanto cognitivas como sociales para nuestros estudiantes.<\/span><\/p>\n<p style=\"text-align: justify;\"><span style=\"font-weight: 400;\">El Coordinador Extraescolar es el responsable de que todas las actividades extraescolares del Colegio se desarrollen dentro de un \u00e1mbito de orden, disciplina, armon\u00eda, sana convivencia y bienestar. Actuando siempre en coherencia con el Proyecto Educativo y con el Proyecto T\u00e9cnico Pedag\u00f3gico del Colegio; cuenta con el apoyo del Inspector General y del Orientador en materias de Disciplina y Orientaci\u00f3n, y de todo el equipo directivo en materias espec\u00edficas de cada integrante.<\/span><\/p>\n<p style=\"text-align: justify;\"><span style=\"font-weight: 400;\">Por otro lado, el Club Deportivo funciona paralelamente a los talleres extraescolares y esta organizaci\u00f3n permite una mayor participaci\u00f3n deportiva de nuestros estudiantes a nivel comunal, regional y\/o nacional, en este caso la participaci\u00f3n es pagada y por consiguiente, son administrados econ\u00f3micamente por gesti\u00f3n de apoderados, profesores y\/o directiva de esa \u00e1rea.<\/span><\/p>\n<p style=\"text-align: justify;\"><strong><i>Objetivos.<\/i><\/strong><\/p>\n<ul style=\"text-align: justify;\">\n<li style=\"font-weight: 400;\" aria-level=\"1\"><span style=\"font-weight: 400;\">Representar y promover valores espec\u00edficos resultantes de la pr\u00e1ctica deportiva.<\/span><\/li>\n<li style=\"font-weight: 400;\" aria-level=\"1\"><span style=\"font-weight: 400;\">Desarrollar entre sus asociados la pr\u00e1ctica y el fomento del deporte y de la cultura en general.<\/span><\/li>\n<li style=\"font-weight: 400;\" aria-level=\"1\"><span style=\"font-weight: 400;\">Promover la participaci\u00f3n de la comunidad en actividades deportivas.<\/span><\/li>\n<li style=\"font-weight: 400;\" aria-level=\"1\"><span style=\"font-weight: 400;\">Promover el mejoramiento moral e intelectual de sus miembros.<\/span><\/li>\n<li style=\"font-weight: 400;\" aria-level=\"1\"><span style=\"font-weight: 400;\">Promover la participaci\u00f3n de la comunidad en su desarrollo social, deportivo y cultural.<\/span><\/li>\n<\/ul>\n<p style=\"text-align: justify;\"><span style=\"font-weight: 400;\">El rol del Coordinador Extraescolar se desarrolla en el \u00e1mbito de la planificaci\u00f3n, gesti\u00f3n, control y retroalimentaci\u00f3n de acciones concurrentes al logro de procesos y actividades extraescolares que aseguren la \u00edntegra formaci\u00f3n de los estudiantes del Colegio en concordancia con el Proyecto Educativo Institucional y Proyecto T\u00e9cnico Pedag\u00f3gico; debiendo planificar, organizar, dirigir, supervisar y evaluar todas las actividades extraescolares y extracurriculares del Colegio para que \u00e9stas se desarrollen efectivamente y para que sean coherentes con el Proyecto Educativo de la Instituci\u00f3n y del Proyecto T\u00e9cnico Pedag\u00f3gico del Colegio Hispano Brit\u00e1nico.<\/span><\/p>\n<p>[\/et_pb_text][\/et_pb_column][\/et_pb_row][\/et_pb_section]<\/p>\n","protected":false},"excerpt":{"rendered":"<p>Extraescolar \u00bfQu\u00e9 es un Taller Extraescolar? Es una instancia educativo-recreativa de tiempo libre, realizadas fuera del horario lectivo, que se origina por el desarrollo de pr\u00e1cticas organizadas de actividades que [&hellip;]<\/p>\n","protected":false},"author":1,"featured_media":0,"parent":0,"menu_order":0,"comment_status":"closed","ping_status":"closed","template":"","meta":{"_et_pb_use_builder":"on","_et_pb_old_content":"&nbsp;\r\n<h4 style=\"text-align: center;\"><strong>Coordinador Extraescolar\u00a0<\/strong>\r\nFabrizio Castillo P\u00e9rez<\/h4>\r\n<b>\u00bfQU\u00c9 ES UN TALLER EXTRAESCOLAR?<\/b>\r\n\r\n<span style=\"font-weight: 400;\">Es una instancia educativo-recreativa de tiempo libre, realizadas fuera del horario lectivo, que se origina por el desarrollo de pr\u00e1cticas organizadas de actividades que apuntan a la integralidad de los estudiantes.\u00a0 Los Talleres Extraescolares del Colegio Hispano Brit\u00e1nico hacen referencia a todas aquellas actividades deportivas, art\u00edsticas, sociales y cient\u00edficas de libre elecci\u00f3n, las cuales est\u00e1n encaminadas a potenciar la formaci\u00f3n integral de sus estudiantes, abordando el sello institucional de una amplia oferta de actividades destinadas al desarrollo de competencias tanto cognitivas como sociales para nuestros estudiantes.<\/span>\r\n\r\n<span style=\"font-weight: 400;\">El Coordinador Extraescolar es el responsable de que todas las actividades extraescolares del Colegio se desarrollen dentro de un \u00e1mbito de orden, disciplina, armon\u00eda, sana convivencia y bienestar. Actuando siempre en coherencia con el Proyecto Educativo y con el Proyecto T\u00e9cnico Pedag\u00f3gico del Colegio; cuenta con el apoyo del Inspector General y del Orientador en materias de Disciplina y Orientaci\u00f3n, y de todo el equipo directivo en materias espec\u00edficas de cada integrante.<\/span>\r\n\r\n<b>Talleres extraescolares y club deportivo.<\/b>\r\n\r\n<span style=\"font-weight: 400;\">El colegio Hispano Brit\u00e1nico cuenta con un amplio y variado n\u00famero de posibilidades deportivas, art\u00edsticas, sociales y\/o cient\u00edficas, siendo las de mayor convocatoria los talleres deportivo-art\u00edsticos que van desde los deportes colectivos e individuales tradicionales, hasta deportes de exclusiva pr\u00e1ctica a nivel escolar.\u00a0 Los estudiantes podr\u00e1n participar en un m\u00e1ximo de dos (2) Talleres Extraescolares, cuya participaci\u00f3n es totalmente gratuita y los procesos de inscripci\u00f3n se inician a finales del mes de marzo.<\/span>\r\n\r\n<span style=\"font-weight: 400;\">Por otro lado, el<\/span><b> Club Deportivo<\/b><span style=\"font-weight: 400;\"> funciona paralelamente a los talleres extraescolares y esta organizaci\u00f3n permite una mayor participaci\u00f3n deportiva de nuestros estudiantes a nivel comunal, regional y\/o nacional, en este caso la participaci\u00f3n es pagada y por consiguiente, son administrados econ\u00f3micamente por gesti\u00f3n de apoderados, profesores y\/o directiva de esa \u00e1rea.<\/span>\r\n\r\n<b>Objetivos.<\/b>\r\n<ul>\r\n \t<li style=\"font-weight: 400;\" aria-level=\"1\"><span style=\"font-weight: 400;\">Representar y promover valores espec\u00edficos resultantes de la pr\u00e1ctica deportiva.<\/span><\/li>\r\n \t<li style=\"font-weight: 400;\" aria-level=\"1\"><span style=\"font-weight: 400;\">Desarrollar entre sus asociados la pr\u00e1ctica y el fomento del deporte y de la cultura en general.<\/span><\/li>\r\n \t<li style=\"font-weight: 400;\" aria-level=\"1\"><span style=\"font-weight: 400;\">Promover la participaci\u00f3n de la comunidad en actividades deportivas.<\/span><\/li>\r\n \t<li style=\"font-weight: 400;\" aria-level=\"1\"><span style=\"font-weight: 400;\">Promover el mejoramiento moral e intelectual de sus miembros.<\/span><\/li>\r\n \t<li style=\"font-weight: 400;\" aria-level=\"1\"><span style=\"font-weight: 400;\">Promover la participaci\u00f3n de la comunidad en su desarrollo social, deportivo y cultural.<\/span><\/li>\r\n<\/ul>\r\n<span style=\"font-weight: 400;\">El rol del Coordinador Extraescolar se desarrolla en el \u00e1mbito de la planificaci\u00f3n, gesti\u00f3n, control y retroalimentaci\u00f3n de acciones concurrentes al logro de procesos y actividades extraescolares que aseguren la \u00edntegra formaci\u00f3n de los alumnos del Colegio en concordancia con el Proyecto Educativo Institucional y Proyecto T\u00e9cnico Pedag\u00f3gico; debiendo planificar, organizar, dirigir, supervisar y evaluar todas las actividades extraescolares y extracurriculares del Colegio para que \u00e9stas se desarrollen efectivamente y para que sean coherentes con el Proyecto Educativo de la Instituci\u00f3n y del Proyecto T\u00e9cnico Pedag\u00f3gico del Colegio.<\/span>","_et_gb_content_width":"","footnotes":""},"class_list":["post-375","page","type-page","status-publish","hentry"],"_links":{"self":[{"href":"https:\/\/www.chb.cl\/sitio\/wp-json\/wp\/v2\/pages\/375","targetHints":{"allow":["GET"]}}],"collection":[{"href":"https:\/\/www.chb.cl\/sitio\/wp-json\/wp\/v2\/pages"}],"about":[{"href":"https:\/\/www.chb.cl\/sitio\/wp-json\/wp\/v2\/types\/page"}],"author":[{"embeddable":true,"href":"https:\/\/www.chb.cl\/sitio\/wp-json\/wp\/v2\/users\/1"}],"replies":[{"embeddable":true,"href":"https:\/\/www.chb.cl\/sitio\/wp-json\/wp\/v2\/comments?post=375"}],"version-history":[{"count":0,"href":"https:\/\/www.chb.cl\/sitio\/wp-json\/wp\/v2\/pages\/375\/revisions"}],"wp:attachment":[{"href":"https:\/\/www.chb.cl\/sitio\/wp-json\/wp\/v2\/media?parent=375"}],"curies":[{"name":"wp","href":"https:\/\/api.w.org\/{rel}","templated":true}]}}