{"id":38192,"date":"2025-02-17T16:34:01","date_gmt":"2025-02-17T19:34:01","guid":{"rendered":"https:\/\/www.chb.cl\/sitio\/?page_id=38192"},"modified":"2025-02-17T22:02:43","modified_gmt":"2025-02-18T01:02:43","slug":"premiacion-1-a-6-basico","status":"publish","type":"page","link":"https:\/\/www.chb.cl\/sitio\/premiacion-1-a-6-basico\/","title":{"rendered":"Premiacion 1\u00b0 a 6\u00b0 B\u00e1sico"},"content":{"rendered":"<p>[et_pb_section fb_built=\u00bb1&#8243; _builder_version=\u00bb4.27.4&#8243; _module_preset=\u00bbdefault\u00bb global_colors_info=\u00bb{}\u00bb][et_pb_row _builder_version=\u00bb4.27.4&#8243; _module_preset=\u00bbdefault\u00bb global_colors_info=\u00bb{}\u00bb][et_pb_column type=\u00bb4_4&#8243; _builder_version=\u00bb4.27.4&#8243; _module_preset=\u00bbdefault\u00bb global_colors_info=\u00bb{}\u00bb][et_pb_text _builder_version=\u00bb4.27.4&#8243; _module_preset=\u00bbdefault\u00bb hover_enabled=\u00bb0&#8243; global_colors_info=\u00bb{}\u00bb sticky_enabled=\u00bb0&#8243;]<\/p>\n<h2 style=\"text-align: center;\"><strong>Rendimiento Acad\u00e9mico\u00a0\ud83c\udf93<\/strong><\/h2>\n<p>[\/et_pb_text][\/et_pb_column][\/et_pb_row][et_pb_row column_structure=\u00bb1_3,1_3,1_3&#8243; _builder_version=\u00bb4.27.4&#8243; _module_preset=\u00bbdefault\u00bb global_colors_info=\u00bb{}\u00bb][et_pb_column type=\u00bb1_3&#8243; _builder_version=\u00bb4.27.4&#8243; _module_preset=\u00bbdefault\u00bb global_colors_info=\u00bb{}\u00bb][et_pb_text _builder_version=\u00bb4.27.4&#8243; _module_preset=\u00bbdefault\u00bb global_colors_info=\u00bb{}\u00bb]<\/p>\n<h4 style=\"text-align: center;\"><strong>1\u00b0 B\u00e1sico<\/strong><\/h4>\n<p>[\/et_pb_text][et_pb_text _builder_version=\u00bb4.27.4&#8243; _module_preset=\u00bbdefault\u00bb global_colors_info=\u00bb{}\u00bb]<\/p>\n<p>1\u00b0 A &#8211; Mat\u00edas Ignacio Rivera Molina<br \/>1\u00b0 B &#8211; Zexuan Wu Yang<br \/>1\u00b0 C &#8211; Joaqu\u00edn Ignacio Salinas Araya<br \/>1\u00b0 C &#8211; Agustina Francisca Miranda Espinoza<\/p>\n<p>[\/et_pb_text][\/et_pb_column][et_pb_column type=\u00bb1_3&#8243; _builder_version=\u00bb4.27.4&#8243; _module_preset=\u00bbdefault\u00bb global_colors_info=\u00bb{}\u00bb][et_pb_text _builder_version=\u00bb4.27.4&#8243; _module_preset=\u00bbdefault\u00bb global_colors_info=\u00bb{}\u00bb]<\/p>\n<h4 style=\"text-align: center;\"><strong>2\u00b0 B\u00e1sico<\/strong><\/h4>\n<p>[\/et_pb_text][et_pb_text _builder_version=\u00bb4.27.4&#8243; _module_preset=\u00bbdefault\u00bb global_colors_info=\u00bb{}\u00bb]<\/p>\n<p>2\u00b0 A &#8211; Rafael Augusto Castro Reinoso<br \/>2\u00b0 A &#8211; Nicolas Javier Rojas Fuentes<br \/>2\u00b0 B &#8211; Emilia Teresa Blancos Jorquera<br \/>2\u00b0 C &#8211; Maite Catalina Oro Amaya<br \/>2\u00b0 D &#8211; Luciana Paz Guti\u00e9rrez Gonz\u00e1lez<\/p>\n<p>[\/et_pb_text][\/et_pb_column][et_pb_column type=\u00bb1_3&#8243; _builder_version=\u00bb4.27.4&#8243; _module_preset=\u00bbdefault\u00bb global_colors_info=\u00bb{}\u00bb][et_pb_text _builder_version=\u00bb4.27.4&#8243; _module_preset=\u00bbdefault\u00bb global_colors_info=\u00bb{}\u00bb]<\/p>\n<h4 style=\"text-align: center;\"><strong>3\u00b0 B\u00e1sico<\/strong><\/h4>\n<p>[\/et_pb_text][et_pb_text _builder_version=\u00bb4.27.4&#8243; _module_preset=\u00bbdefault\u00bb global_colors_info=\u00bb{}\u00bb]<\/p>\n<p>3\u00b0 A &#8211; Trinidad Catalina Moreno Luttgues<br \/>3\u00b0 A &#8211; Piera Martina Garc\u00eda Carmona<br \/>3\u00b0 A &#8211; Josefa Victoria Sandoval Pe\u00f1aloza<br \/>3\u00b0 B &#8211; Fernanda Javiera Montalva Alarc\u00f3n<br \/>3\u00b0 B &#8211; Joaqu\u00edn Enrique Cort\u00e9s Cisternas<br \/>3\u00b0 B &#8211; Tom\u00e1s Ignacio Carvajal Monsalve<br \/>3\u00b0 C &#8211; Victoria Gracia Kompatzki Palza<br \/>3\u00b0 C &#8211; Julieta Bel\u00e9n Olgu\u00edn Tapia<br \/>3\u00b0 C &#8211; Dami\u00e1n Villalobos Gonz\u00e1lez<br \/>3\u00b0 C &#8211; Josefina Lorena Saavedra Escobar<br \/>3\u00b0 C &#8211; Paula Carolina Soto Riquelme<br \/>3\u00b0 D &#8211; Bohong Lin Chen<br \/>3\u00b0 D &#8211; Ignacia Kaiser Pinto<br \/>3\u00b0 D &#8211; Colomba Jes\u00fas Gjurovic Garrido<\/p>\n<p>[\/et_pb_text][\/et_pb_column][\/et_pb_row][et_pb_row column_structure=\u00bb1_3,1_3,1_3&#8243; _builder_version=\u00bb4.27.4&#8243; _module_preset=\u00bbdefault\u00bb global_colors_info=\u00bb{}\u00bb][et_pb_column type=\u00bb1_3&#8243; _builder_version=\u00bb4.27.4&#8243; _module_preset=\u00bbdefault\u00bb global_colors_info=\u00bb{}\u00bb][et_pb_text _builder_version=\u00bb4.27.4&#8243; _module_preset=\u00bbdefault\u00bb global_colors_info=\u00bb{}\u00bb]<\/p>\n<h4 style=\"text-align: center;\"><strong>4\u00b0 B\u00e1sico<\/strong><\/h4>\n<p>[\/et_pb_text][et_pb_text _builder_version=\u00bb4.27.4&#8243; _module_preset=\u00bbdefault\u00bb global_colors_info=\u00bb{}\u00bb]<\/p>\n<p>4\u00b0 A &#8211; Ina Elena Malinarich Gjuranovic<br \/>4\u00b0 A &#8211; Amelia Constanza Castro Rivera<br \/>4\u00b0 A &#8211; Emilia Jousen Orellana Morales<br \/>4\u00b0 B &#8211; Maximiliano Alexis Roa Rodr\u00edguez<br \/>4\u00b0 B &#8211; Mariana Ignacia Salgado Alvarez<br \/>4\u00b0 B &#8211; Mart\u00edn Ignacio Godoy Rojas<br \/>4\u00b0 B &#8211; Patricio Alejandro Navarro Medrano<br \/>4\u00b0 C &#8211; Florencia Agustina Aguilera Estrada<br \/>4\u00b0 C &#8211; Martina Paz Cabezas Rubio<br \/>4\u00b0 C &#8211; Vittorio Augusto Manniello Araya<br \/>4\u00b0 D &#8211; Samir Andr\u00e9s Iskandar Mu\u00f1oz<br \/>4\u00b0 D &#8211; Zerni Wu Yang<br \/>4\u00b0 D &#8211; Bruno Araya Contreras<\/p>\n<p>[\/et_pb_text][\/et_pb_column][et_pb_column type=\u00bb1_3&#8243; _builder_version=\u00bb4.27.4&#8243; _module_preset=\u00bbdefault\u00bb global_colors_info=\u00bb{}\u00bb][et_pb_text _builder_version=\u00bb4.27.4&#8243; _module_preset=\u00bbdefault\u00bb global_colors_info=\u00bb{}\u00bb]<\/p>\n<h4 style=\"text-align: center;\"><strong>5\u00b0 B\u00e1sico<\/strong><\/h4>\n<p>[\/et_pb_text][et_pb_text _builder_version=\u00bb4.27.4&#8243; _module_preset=\u00bbdefault\u00bb global_colors_info=\u00bb{}\u00bb]<\/p>\n<p>5\u00b0 A &#8211; Antonieta Amelia G\u00f3mez P\u00e9rez<br \/>5\u00b0 A &#8211; Jorge Alfredo Iskandar Mu\u00f1oz<br \/>5\u00b0 A &#8211; Josefa Ignacia Oyarz\u00fan Molina<br \/>5\u00b0 B &#8211; Isidora Ignacia Tapia Vald\u00e9s<br \/>5\u00b0 b &#8211; Rafaela Ignacia Montes Meza<br \/>5\u00b0 B &#8211; Mart\u00edn Ignacio Cejas Cristopulos<br \/>5\u00b0 C &#8211; Alonso Javier Montalva Alarc\u00f3n<br \/>5\u00b0 C &#8211; Amanda Caraballo Barrios<br \/>5\u00b0 C &#8211; Crist\u00f3bal Alfonso Cort\u00e9s Cisternas<br \/>5\u00b0 C &#8211; Alonso Antonio Ureta Becker<br \/>5\u00b0 C &#8211; Fernanda Javiera Mu\u00f1oz Villalobos<br \/>5\u00b0 D &#8211; Sofia Isidora Celis Rivera<br \/>5\u00b0 D &#8211; Mart\u00edn Alonso Rojas Aguirre<br \/>5\u00b0 D &#8211; Florencia Paz Boudon Vergara<br \/>5\u00b0 D &#8211; Florencia Ignacia Bel\u00e9n Dastres Alvarado<\/p>\n<p>[\/et_pb_text][\/et_pb_column][et_pb_column type=\u00bb1_3&#8243; _builder_version=\u00bb4.27.4&#8243; _module_preset=\u00bbdefault\u00bb global_colors_info=\u00bb{}\u00bb][et_pb_text _builder_version=\u00bb4.27.4&#8243; _module_preset=\u00bbdefault\u00bb global_colors_info=\u00bb{}\u00bb]<\/p>\n<h4 style=\"text-align: center;\"><strong>6\u00b0 B\u00e1sico<\/strong><\/h4>\n<p>[\/et_pb_text][et_pb_text _builder_version=\u00bb4.27.4&#8243; _module_preset=\u00bbdefault\u00bb global_colors_info=\u00bb{}\u00bb]<\/p>\n<p>6\u00b0 A &#8211; Isidora Emilia Aguilera Estrada<br \/>6\u00b0 A &#8211; Emilia Valentina Copia Llewelyn<br \/>6\u00b0 A &#8211; Josefina Bel\u00e9n Carrera Troncoso<br \/>6\u00b0 B &#8211; Ignacio Javier Honores Fern\u00e1ndez<br \/>6\u00b0 B &#8211; Anais Leonor Paiva Olmos<br \/>6\u00b0 B &#8211; Josefa Isidora Cordero Aravena<br \/>6\u00b0 C &#8211; Emelyn Shiro Youssef Cabezas<br \/>6\u00b0 C &#8211; Catalina Paz Friedli Lafuente<br \/>6\u00b0 C &#8211; Sebasti\u00e1n Antonio Bustos Urrutia<br \/>6\u00b0 D &#8211; Sebasti\u00e1n Alonso Tapia Vald\u00e9s<br \/>6\u00b0 D &#8211; Antonella Pascale Peralta Cordero<br \/>6\u00b0 D &#8211; Franco Nicol\u00e1s Copello Vasqu\u00e9z<br \/>6\u00b0 E &#8211; Nicol\u00e1s Daniel Ortega Alegria<br \/>6\u00b0 E &#8211; Colomba Ignacia Rosso Godoy<br \/>6\u00b0 E &#8211; Luciano Gaspar Navia Eguiluz<\/p>\n<p>[\/et_pb_text][\/et_pb_column][\/et_pb_row][et_pb_row _builder_version=\u00bb4.27.4&#8243; _module_preset=\u00bbdefault\u00bb global_colors_info=\u00bb{}\u00bb][et_pb_column type=\u00bb4_4&#8243; _builder_version=\u00bb4.27.4&#8243; _module_preset=\u00bbdefault\u00bb global_colors_info=\u00bb{}\u00bb][et_pb_text _builder_version=\u00bb4.27.4&#8243; _module_preset=\u00bbdefault\u00bb global_colors_info=\u00bb{}\u00bb]<\/p>\n<h2 style=\"text-align: center;\"><strong>Clima de convivencia escolar positivo\u00a0\ud83d\udcda<\/strong><\/h2>\n<p>[\/et_pb_text][\/et_pb_column][\/et_pb_row][et_pb_row column_structure=\u00bb1_3,1_3,1_3&#8243; _builder_version=\u00bb4.27.4&#8243; _module_preset=\u00bbdefault\u00bb global_colors_info=\u00bb{}\u00bb][et_pb_column type=\u00bb1_3&#8243; _builder_version=\u00bb4.27.4&#8243; _module_preset=\u00bbdefault\u00bb global_colors_info=\u00bb{}\u00bb][et_pb_text _builder_version=\u00bb4.27.4&#8243; _module_preset=\u00bbdefault\u00bb global_colors_info=\u00bb{}\u00bb]<\/p>\n<h4 style=\"text-align: center;\"><strong>1\u00b0 B\u00e1sico<\/strong><\/h4>\n<p>[\/et_pb_text][et_pb_text _builder_version=\u00bb4.27.4&#8243; _module_preset=\u00bbdefault\u00bb global_colors_info=\u00bb{}\u00bb]<\/p>\n<p>1\u00b0 A &#8211; Agustina Paz Campos Garc\u00eda<br \/>1\u00b0 B &#8211; Dominga Trinidad Donaire Huanca<br \/>1\u00b0 C &#8211; Emily Constanza Castro Ortega<\/p>\n<p>[\/et_pb_text][\/et_pb_column][et_pb_column type=\u00bb1_3&#8243; _builder_version=\u00bb4.27.4&#8243; _module_preset=\u00bbdefault\u00bb global_colors_info=\u00bb{}\u00bb][et_pb_text _builder_version=\u00bb4.27.4&#8243; _module_preset=\u00bbdefault\u00bb global_colors_info=\u00bb{}\u00bb]<\/p>\n<h4 style=\"text-align: center;\"><strong>2\u00b0 B\u00e1sico<\/strong><\/h4>\n<p>[\/et_pb_text][et_pb_text _builder_version=\u00bb4.27.4&#8243; _module_preset=\u00bbdefault\u00bb global_colors_info=\u00bb{}\u00bb]<\/p>\n<p>2\u00b0 A &#8211; Josefa Marina Soto Garc\u00eda<br \/>2\u00b0 B &#8211; Celeste Rosario Castro Rosales<br \/>2\u00b0 C &#8211; Isidora Catalina Jimenez Carrasco<br \/>2\u00b0 D &#8211; Alfonsina Paz Orellana Bravo<\/p>\n<p>[\/et_pb_text][\/et_pb_column][et_pb_column type=\u00bb1_3&#8243; _builder_version=\u00bb4.27.4&#8243; _module_preset=\u00bbdefault\u00bb global_colors_info=\u00bb{}\u00bb][et_pb_text _builder_version=\u00bb4.27.4&#8243; _module_preset=\u00bbdefault\u00bb global_colors_info=\u00bb{}\u00bb]<\/p>\n<h4 style=\"text-align: center;\"><strong>3\u00b0 B\u00e1sico<\/strong><\/h4>\n<p>[\/et_pb_text][et_pb_text _builder_version=\u00bb4.27.4&#8243; _module_preset=\u00bbdefault\u00bb global_colors_info=\u00bb{}\u00bb]<\/p>\n<p>3\u00b0 A &#8211; Leonor Victoria Diaz Bahamondes<br \/>3\u00b0 B &#8211; Fernanda Javiera Montalva Alarc\u00f3n <br \/>3\u00b0 C &#8211; Bruno Luciano Copello Vasquez<br \/>3\u00b0 D &#8211; Martina Constanza Contreras Castillo<\/p>\n<p>[\/et_pb_text][\/et_pb_column][\/et_pb_row][et_pb_row column_structure=\u00bb1_3,1_3,1_3&#8243; _builder_version=\u00bb4.27.4&#8243; _module_preset=\u00bbdefault\u00bb global_colors_info=\u00bb{}\u00bb][et_pb_column type=\u00bb1_3&#8243; _builder_version=\u00bb4.27.4&#8243; _module_preset=\u00bbdefault\u00bb global_colors_info=\u00bb{}\u00bb][et_pb_text _builder_version=\u00bb4.27.4&#8243; _module_preset=\u00bbdefault\u00bb global_colors_info=\u00bb{}\u00bb]<\/p>\n<h4 style=\"text-align: center;\"><strong>4\u00b0 B\u00e1sico<\/strong><\/h4>\n<p>[\/et_pb_text][et_pb_text _builder_version=\u00bb4.27.4&#8243; _module_preset=\u00bbdefault\u00bb global_colors_info=\u00bb{}\u00bb]<\/p>\n<p>4\u00b0 A &#8211; Clemente Pineda Veloso<br \/>4\u00b0 B &#8211; Felipe Corval\u00e1n Arenas<br \/>4\u00b0 C &#8211; Luciano Ignacio Gui\u00f1ez Fern\u00e1ndez<br \/>4\u00b0 D &#8211; Bastian Antoine Rudolffi Vega<\/p>\n<p>[\/et_pb_text][\/et_pb_column][et_pb_column type=\u00bb1_3&#8243; _builder_version=\u00bb4.27.4&#8243; _module_preset=\u00bbdefault\u00bb global_colors_info=\u00bb{}\u00bb][et_pb_text _builder_version=\u00bb4.27.4&#8243; _module_preset=\u00bbdefault\u00bb global_colors_info=\u00bb{}\u00bb]<\/p>\n<h4 style=\"text-align: center;\"><strong>5\u00b0 B\u00e1sico<\/strong><\/h4>\n<p>[\/et_pb_text][et_pb_text _builder_version=\u00bb4.27.4&#8243; _module_preset=\u00bbdefault\u00bb global_colors_info=\u00bb{}\u00bb]<\/p>\n<p>5\u00b0 A &#8211; Mariano Ignacio Cerda Vel\u00e1squez<br \/>5\u00b0 B &#8211; Constanza Belen Pozo Salvatierra<br \/>5\u00b0 C &#8211; Maite Carolina Cort\u00e9s Mella<br \/>5\u00b0 D &#8211; Violeta Emilia Fuenzalida D\u00edaz<\/p>\n<p>[\/et_pb_text][\/et_pb_column][et_pb_column type=\u00bb1_3&#8243; _builder_version=\u00bb4.27.4&#8243; _module_preset=\u00bbdefault\u00bb global_colors_info=\u00bb{}\u00bb][et_pb_text _builder_version=\u00bb4.27.4&#8243; _module_preset=\u00bbdefault\u00bb global_colors_info=\u00bb{}\u00bb]<\/p>\n<h4 style=\"text-align: center;\"><strong>6\u00b0 B\u00e1sico<\/strong><\/h4>\n<p>[\/et_pb_text][et_pb_text _builder_version=\u00bb4.27.4&#8243; _module_preset=\u00bbdefault\u00bb global_colors_info=\u00bb{}\u00bb]<\/p>\n<p>6\u00b0 A &#8211; Felipe Javier Aros Mancarella<br \/>6\u00b0 B &#8211; Cristian Andr\u00e9s Choque Llanque<br \/>6\u00b0 C &#8211; Agust\u00edn Antonio Guzm\u00e1n Moraga<br \/>6\u00b0 D &#8211; Samanamu Flores Hassen Neymar<br \/>6\u00b0 E &#8211; Sof\u00eda Ostria Massaro<\/p>\n<p>[\/et_pb_text][\/et_pb_column][\/et_pb_row][et_pb_row _builder_version=\u00bb4.27.4&#8243; _module_preset=\u00bbdefault\u00bb global_colors_info=\u00bb{}\u00bb][et_pb_column type=\u00bb4_4&#8243; _builder_version=\u00bb4.27.4&#8243; _module_preset=\u00bbdefault\u00bb global_colors_info=\u00bb{}\u00bb][et_pb_text _builder_version=\u00bb4.27.4&#8243; _module_preset=\u00bbdefault\u00bb global_colors_info=\u00bb{}\u00bb]<\/p>\n<h2 style=\"text-align: center;\"><strong>Esp\u00edritu CHB\u00a0\ud83c\udf1f<\/strong><\/h2>\n<p>[\/et_pb_text][\/et_pb_column][\/et_pb_row][et_pb_row column_structure=\u00bb1_3,1_3,1_3&#8243; _builder_version=\u00bb4.27.4&#8243; _module_preset=\u00bbdefault\u00bb global_colors_info=\u00bb{}\u00bb][et_pb_column type=\u00bb1_3&#8243; _builder_version=\u00bb4.27.4&#8243; _module_preset=\u00bbdefault\u00bb global_colors_info=\u00bb{}\u00bb][et_pb_text _builder_version=\u00bb4.27.4&#8243; _module_preset=\u00bbdefault\u00bb global_colors_info=\u00bb{}\u00bb]<\/p>\n<h4 style=\"text-align: center;\"><strong>1\u00b0 B\u00e1sico<\/strong><\/h4>\n<p>[\/et_pb_text][et_pb_text _builder_version=\u00bb4.27.4&#8243; _module_preset=\u00bbdefault\u00bb global_colors_info=\u00bb{}\u00bb]<\/p>\n<p>1\u00b0 A &#8211; Agustina Paz Campos Garc\u00eda<br \/>1\u00b0 B &#8211; Dominga Trinidad Donaire Huanca<br \/>1\u00b0 C &#8211; Emily Constanza Castro Ortega<\/p>\n<p>[\/et_pb_text][\/et_pb_column][et_pb_column type=\u00bb1_3&#8243; _builder_version=\u00bb4.27.4&#8243; _module_preset=\u00bbdefault\u00bb global_colors_info=\u00bb{}\u00bb][et_pb_text _builder_version=\u00bb4.27.4&#8243; _module_preset=\u00bbdefault\u00bb global_colors_info=\u00bb{}\u00bb]<\/p>\n<h4 style=\"text-align: center;\"><strong>2\u00b0 B\u00e1sico<\/strong><\/h4>\n<p>[\/et_pb_text][et_pb_text _builder_version=\u00bb4.27.4&#8243; _module_preset=\u00bbdefault\u00bb global_colors_info=\u00bb{}\u00bb]<\/p>\n<p>2\u00b0 A &#8211; Josefa Marina Soto Garc\u00eda<br \/>2\u00b0 B &#8211; Celeste Rosario Castro Rosales<br \/>2\u00b0 C &#8211; Isidora Catalina Jimenez Carrasco<br \/>2\u00b0 D &#8211; Alfonsina Paz Orellana Bravo<\/p>\n<p>[\/et_pb_text][\/et_pb_column][et_pb_column type=\u00bb1_3&#8243; _builder_version=\u00bb4.27.4&#8243; _module_preset=\u00bbdefault\u00bb global_colors_info=\u00bb{}\u00bb][et_pb_text _builder_version=\u00bb4.27.4&#8243; _module_preset=\u00bbdefault\u00bb global_colors_info=\u00bb{}\u00bb]<\/p>\n<h4 style=\"text-align: center;\"><strong>3\u00b0 B\u00e1sico<\/strong><\/h4>\n<p>[\/et_pb_text][et_pb_text _builder_version=\u00bb4.27.4&#8243; _module_preset=\u00bbdefault\u00bb global_colors_info=\u00bb{}\u00bb]<\/p>\n<p>3\u00b0 A &#8211; Leonor Victoria Diaz Bahamondes<br \/>3\u00b0 B &#8211; Fernanda Javiera Montalva Alarc\u00f3n <br \/>3\u00b0 C &#8211; Bruno Luciano Copello Vasquez<br \/>3\u00b0 D &#8211; Martina Constanza Contreras Castillo<\/p>\n<p>[\/et_pb_text][\/et_pb_column][\/et_pb_row][et_pb_row column_structure=\u00bb1_3,1_3,1_3&#8243; _builder_version=\u00bb4.27.4&#8243; _module_preset=\u00bbdefault\u00bb global_colors_info=\u00bb{}\u00bb][et_pb_column type=\u00bb1_3&#8243; _builder_version=\u00bb4.27.4&#8243; _module_preset=\u00bbdefault\u00bb global_colors_info=\u00bb{}\u00bb][et_pb_text _builder_version=\u00bb4.27.4&#8243; _module_preset=\u00bbdefault\u00bb global_colors_info=\u00bb{}\u00bb]<\/p>\n<h4 style=\"text-align: center;\"><strong>4\u00b0 B\u00e1sico<\/strong><\/h4>\n<p>[\/et_pb_text][et_pb_text _builder_version=\u00bb4.27.4&#8243; _module_preset=\u00bbdefault\u00bb global_colors_info=\u00bb{}\u00bb]<\/p>\n<p>4\u00b0 A &#8211; Mar\u00eda Paz De Caso Morgan<br \/>4\u00b0 B &#8211; Ana\u00eds Arumi Sisa Flores Condori<br \/>4\u00b0 C &#8211; Florencia Agustina Aguilera Estrada<br \/>4\u00b0 D &#8211; Renzo Elias Vega Casazza<\/p>\n<p>[\/et_pb_text][\/et_pb_column][et_pb_column type=\u00bb1_3&#8243; _builder_version=\u00bb4.27.4&#8243; _module_preset=\u00bbdefault\u00bb global_colors_info=\u00bb{}\u00bb][et_pb_text _builder_version=\u00bb4.27.4&#8243; _module_preset=\u00bbdefault\u00bb global_colors_info=\u00bb{}\u00bb]<\/p>\n<h4 style=\"text-align: center;\"><strong>5\u00b0 B\u00e1sico<\/strong><\/h4>\n<p>[\/et_pb_text][et_pb_text _builder_version=\u00bb4.27.4&#8243; _module_preset=\u00bbdefault\u00bb global_colors_info=\u00bb{}\u00bb]<\/p>\n<p>5\u00b0 A &#8211; Jorge Alfredo Iskandar Mu\u00f1oz<br \/>5\u00b0 B &#8211; Rafaella Fiorenza Solari Rocha<br \/>5\u00b0 C &#8211; Amanda Caraballo Barrios<br \/>5\u00b0 D &#8211; Pasquala Paz Arzic Gattoni<\/p>\n<p>[\/et_pb_text][\/et_pb_column][et_pb_column type=\u00bb1_3&#8243; _builder_version=\u00bb4.27.4&#8243; _module_preset=\u00bbdefault\u00bb global_colors_info=\u00bb{}\u00bb][et_pb_text _builder_version=\u00bb4.27.4&#8243; _module_preset=\u00bbdefault\u00bb global_colors_info=\u00bb{}\u00bb]<\/p>\n<h4 style=\"text-align: center;\"><strong>6\u00b0 B\u00e1sico<\/strong><\/h4>\n<p>[\/et_pb_text][et_pb_text _builder_version=\u00bb4.27.4&#8243; _module_preset=\u00bbdefault\u00bb global_colors_info=\u00bb{}\u00bb]<\/p>\n<p>6\u00b0 A &#8211; Joaqu\u00edn Antonio Zu\u00f1iga Torres<br \/>6\u00b0 B &#8211; Ana\u00eds Leonor Paiva Olmos<br \/>6\u00b0 C &#8211; Catalina Paz Friedli Lafuente <br \/>6\u00b0 D &#8211; Franco Nicolas Copello Vasquez<br \/>6\u00b0 E &#8211; Cristobal Torres Guerrero<\/p>\n<p>[\/et_pb_text][\/et_pb_column][\/et_pb_row][et_pb_row _builder_version=\u00bb4.27.4&#8243; _module_preset=\u00bbdefault\u00bb global_colors_info=\u00bb{}\u00bb][et_pb_column type=\u00bb4_4&#8243; _builder_version=\u00bb4.27.4&#8243; _module_preset=\u00bbdefault\u00bb global_colors_info=\u00bb{}\u00bb][et_pb_text _builder_version=\u00bb4.27.4&#8243; _module_preset=\u00bbdefault\u00bb global_colors_info=\u00bb{}\u00bb]<\/p>\n<h2 style=\"text-align: center;\"><strong>The Best \ud83c\udfc5<\/strong><\/h2>\n<p>[\/et_pb_text][\/et_pb_column][\/et_pb_row][et_pb_row column_structure=\u00bb1_3,1_3,1_3&#8243; _builder_version=\u00bb4.27.4&#8243; _module_preset=\u00bbdefault\u00bb global_colors_info=\u00bb{}\u00bb][et_pb_column type=\u00bb1_3&#8243; _builder_version=\u00bb4.27.4&#8243; _module_preset=\u00bbdefault\u00bb global_colors_info=\u00bb{}\u00bb][et_pb_text _builder_version=\u00bb4.27.4&#8243; _module_preset=\u00bbdefault\u00bb global_colors_info=\u00bb{}\u00bb]<\/p>\n<h4 style=\"text-align: center;\"><strong>1\u00b0 B\u00e1sico<\/strong><\/h4>\n<p>[\/et_pb_text][et_pb_text _builder_version=\u00bb4.27.4&#8243; _module_preset=\u00bbdefault\u00bb global_colors_info=\u00bb{}\u00bb]<\/p>\n<p>1\u00b0 A &#8211; Isidora Ruhoeng Li Zhang<br \/>1\u00b0 B &#8211; Amal Bel\u00e9n Youssef Cabezas<br \/>1\u00b0 C &#8211; Lucas Sebasti\u00e1n Moreno V\u00e9liz<\/p>\n<p>[\/et_pb_text][\/et_pb_column][et_pb_column type=\u00bb1_3&#8243; _builder_version=\u00bb4.27.4&#8243; _module_preset=\u00bbdefault\u00bb global_colors_info=\u00bb{}\u00bb][et_pb_text _builder_version=\u00bb4.27.4&#8243; _module_preset=\u00bbdefault\u00bb global_colors_info=\u00bb{}\u00bb]<\/p>\n<h4 style=\"text-align: center;\"><strong>2\u00b0 B\u00e1sico<\/strong><\/h4>\n<p>[\/et_pb_text][et_pb_text _builder_version=\u00bb4.27.4&#8243; _module_preset=\u00bbdefault\u00bb global_colors_info=\u00bb{}\u00bb]<\/p>\n<p>2\u00b0 A &#8211; Renata Elena Acu\u00f1a Benavides<br \/>2\u00b0 B &#8211; Tomas Andres Figueroa Ahumada<br \/>2\u00b0 C &#8211; \u00c1lex Fabi\u00e1n Mendoza Loor<br \/>2\u00b0 D &#8211; Nicole Estefan\u00eda Ar\u00e9valo Mar\u00edn<\/p>\n<p>[\/et_pb_text][\/et_pb_column][et_pb_column type=\u00bb1_3&#8243; _builder_version=\u00bb4.27.4&#8243; _module_preset=\u00bbdefault\u00bb global_colors_info=\u00bb{}\u00bb][et_pb_text _builder_version=\u00bb4.27.4&#8243; _module_preset=\u00bbdefault\u00bb global_colors_info=\u00bb{}\u00bb]<\/p>\n<h4 style=\"text-align: center;\"><strong>3\u00b0 B\u00e1sico<\/strong><\/h4>\n<p>[\/et_pb_text][et_pb_text _builder_version=\u00bb4.27.4&#8243; _module_preset=\u00bbdefault\u00bb global_colors_info=\u00bb{}\u00bb]<\/p>\n<p>3\u00b0 A &#8211; Osxar Xu Zhong<br \/>3\u00b0 B &#8211; Vicente Alejandro Contreras Morales<br \/>3\u00b0 C &#8211; Dami\u00e1n Villalobos Gonz\u00e1lez<br \/>3\u00b0 D &#8211; Joaqu\u00edn Augusto Samuel Rojas Hernandez<\/p>\n<p>[\/et_pb_text][\/et_pb_column][\/et_pb_row][et_pb_row column_structure=\u00bb1_3,1_3,1_3&#8243; _builder_version=\u00bb4.27.4&#8243; _module_preset=\u00bbdefault\u00bb global_colors_info=\u00bb{}\u00bb][et_pb_column type=\u00bb1_3&#8243; _builder_version=\u00bb4.27.4&#8243; _module_preset=\u00bbdefault\u00bb global_colors_info=\u00bb{}\u00bb][et_pb_text _builder_version=\u00bb4.27.4&#8243; _module_preset=\u00bbdefault\u00bb global_colors_info=\u00bb{}\u00bb]<\/p>\n<h4 style=\"text-align: center;\"><strong>4\u00b0 B\u00e1sico<\/strong><\/h4>\n<p>[\/et_pb_text][et_pb_text _builder_version=\u00bb4.27.4&#8243; _module_preset=\u00bbdefault\u00bb global_colors_info=\u00bb{}\u00bb]<\/p>\n<p>4\u00b0 A &#8211; Lucas Fabi\u00e1n Avenda\u00f1o Llancam\u00e1n<br \/>4\u00b0 B &#8211; Maximiliano Alexis Arturo Roa Rodriguez<br \/>4\u00b0 C &#8211; Martina Paz Cabezas Rubio<br \/>4\u00b0 D &#8211; Samir Andres Iskandar Mu\u00f1oz<\/p>\n<p>[\/et_pb_text][\/et_pb_column][et_pb_column type=\u00bb1_3&#8243; _builder_version=\u00bb4.27.4&#8243; _module_preset=\u00bbdefault\u00bb global_colors_info=\u00bb{}\u00bb][et_pb_text _builder_version=\u00bb4.27.4&#8243; _module_preset=\u00bbdefault\u00bb global_colors_info=\u00bb{}\u00bb]<\/p>\n<h4 style=\"text-align: center;\"><strong>5\u00b0 B\u00e1sico<\/strong><\/h4>\n<p>[\/et_pb_text][et_pb_text _builder_version=\u00bb4.27.4&#8243; _module_preset=\u00bbdefault\u00bb global_colors_info=\u00bb{}\u00bb]<\/p>\n<p>5\u00b0 A &#8211; Antonieta Amelia Gomez Perez<br \/>5\u00b0 B &#8211; Martin Ignacio Cejas Cristopulos<br \/>5\u00b0 C &#8211; Fernanda Javiera Mu\u00f1oz Villalobos<br \/>5\u00b0 D &#8211; Sofia Isidora Celis Rivera<\/p>\n<p>[\/et_pb_text][\/et_pb_column][et_pb_column type=\u00bb1_3&#8243; _builder_version=\u00bb4.27.4&#8243; _module_preset=\u00bbdefault\u00bb global_colors_info=\u00bb{}\u00bb][et_pb_text _builder_version=\u00bb4.27.4&#8243; _module_preset=\u00bbdefault\u00bb global_colors_info=\u00bb{}\u00bb]<\/p>\n<h4 style=\"text-align: center;\"><strong>6\u00b0 B\u00e1sico<\/strong><\/h4>\n<p>[\/et_pb_text][et_pb_text _builder_version=\u00bb4.27.4&#8243; _module_preset=\u00bbdefault\u00bb global_colors_info=\u00bb{}\u00bb]<\/p>\n<p>6\u00b0 A &#8211; Isidora Emilia Aguilera Estrada<br \/>6\u00b0 B &#8211; Christopher Esteban Exhelmez Pallero<br \/>6\u00b0 C &#8211; Laura Antonia Oporto Gonz\u00e1lez<br \/>6\u00b0 D &#8211; Antonella Pascale Peralta Cordero<br \/>6\u00b0 E &#8211; Cristobal Andres Torres Guerrero<\/p>\n<p>[\/et_pb_text][\/et_pb_column][\/et_pb_row][\/et_pb_section]<\/p>\n","protected":false},"excerpt":{"rendered":"<p>Rendimiento Acad\u00e9mico\u00a0\ud83c\udf931\u00b0 B\u00e1sico1\u00b0 A &#8211; Mat\u00edas Ignacio Rivera Molina1\u00b0 B &#8211; Zexuan Wu Yang1\u00b0 C &#8211; Joaqu\u00edn Ignacio Salinas Araya1\u00b0 C &#8211; Agustina Francisca Miranda Espinoza2\u00b0 B\u00e1sico2\u00b0 A &#8211; Rafael [&hellip;]<\/p>\n","protected":false},"author":1,"featured_media":0,"parent":0,"menu_order":0,"comment_status":"closed","ping_status":"closed","template":"","meta":{"_et_pb_use_builder":"on","_et_pb_old_content":"","_et_gb_content_width":"","footnotes":""},"class_list":["post-38192","page","type-page","status-publish","hentry"],"_links":{"self":[{"href":"https:\/\/www.chb.cl\/sitio\/wp-json\/wp\/v2\/pages\/38192","targetHints":{"allow":["GET"]}}],"collection":[{"href":"https:\/\/www.chb.cl\/sitio\/wp-json\/wp\/v2\/pages"}],"about":[{"href":"https:\/\/www.chb.cl\/sitio\/wp-json\/wp\/v2\/types\/page"}],"author":[{"embeddable":true,"href":"https:\/\/www.chb.cl\/sitio\/wp-json\/wp\/v2\/users\/1"}],"replies":[{"embeddable":true,"href":"https:\/\/www.chb.cl\/sitio\/wp-json\/wp\/v2\/comments?post=38192"}],"version-history":[{"count":0,"href":"https:\/\/www.chb.cl\/sitio\/wp-json\/wp\/v2\/pages\/38192\/revisions"}],"wp:attachment":[{"href":"https:\/\/www.chb.cl\/sitio\/wp-json\/wp\/v2\/media?parent=38192"}],"curies":[{"name":"wp","href":"https:\/\/api.w.org\/{rel}","templated":true}]}}