{"id":383,"date":"2013-06-11T02:32:39","date_gmt":"2013-06-11T02:32:39","guid":{"rendered":"https:\/\/www.chb.cl\/sitio\/?page_id=383"},"modified":"2026-02-17T16:47:27","modified_gmt":"2026-02-17T19:47:27","slug":"nivel-basico","status":"publish","type":"page","link":"https:\/\/www.chb.cl\/sitio\/nivel-basico\/","title":{"rendered":"Nivel ense\u00f1anza b\u00e1sica"},"content":{"rendered":"<p>[et_pb_section fb_built=\u00bb1&#8243; admin_label=\u00bbsection\u00bb _builder_version=\u00bb4.16&#8243; global_colors_info=\u00bb{}\u00bb][et_pb_row _builder_version=\u00bb4.24.0&#8243; _module_preset=\u00bbdefault\u00bb global_colors_info=\u00bb{}\u00bb][et_pb_column type=\u00bb4_4&#8243; _builder_version=\u00bb4.24.0&#8243; _module_preset=\u00bbdefault\u00bb global_colors_info=\u00bb{}\u00bb][et_pb_image src=\u00bbhttps:\/\/www.chb.cl\/sitio\/wp-content\/uploads\/2026\/02\/PhotoRoom-20230308_084151.png\u00bb title_text=\u00bbPhotoRoom-20230308_084151&#8243; align=\u00bbcenter\u00bb _builder_version=\u00bb4.27.5&#8243; _module_preset=\u00bbdefault\u00bb width=\u00bb28%\u00bb hover_enabled=\u00bb0&#8243; global_colors_info=\u00bb{}\u00bb sticky_enabled=\u00bb0&#8243;][\/et_pb_image][\/et_pb_column][\/et_pb_row][et_pb_row admin_label=\u00bbrow\u00bb _builder_version=\u00bb4.16&#8243; background_size=\u00bbinitial\u00bb background_position=\u00bbtop_left\u00bb background_repeat=\u00bbrepeat\u00bb global_colors_info=\u00bb{}\u00bb][et_pb_column type=\u00bb4_4&#8243; _builder_version=\u00bb4.16&#8243; custom_padding=\u00bb|||\u00bb global_colors_info=\u00bb{}\u00bb custom_padding__hover=\u00bb|||\u00bb][et_pb_text admin_label=\u00bbText\u00bb _builder_version=\u00bb4.27.5&#8243; text_font_size=\u00bb17px\u00bb background_size=\u00bbinitial\u00bb background_position=\u00bbtop_left\u00bb background_repeat=\u00bbrepeat\u00bb text_orientation=\u00bbjustified\u00bb global_colors_info=\u00bb{}\u00bb]<\/p>\n<h3 style=\"text-align: center;\">\u00a0Jefe Unidad T\u00e9cnica Pedag\u00f3gica Educaci\u00f3n B\u00e1sica.<\/h3>\n<h3 style=\"text-align: center;\"><span style=\"font-weight: 400;\">Alejandro Carrillo N\u00fa\u00f1ez<\/span><\/h3>\n<p><span style=\"font-weight: 400;\"><\/span><\/p>\n<p><span style=\"font-weight: 400;\"><\/span><\/p>\n<p><span style=\"font-weight: 400;\"><\/span><\/p>\n<h4>\u00bfQu\u00e9 es la Unidad T\u00e9cnica Pedag\u00f3gica? (Educaci\u00f3n B\u00e1sica)<\/h4>\n<p><span style=\"font-weight: 400;\">Es la instancia responsable del diagn\u00f3stico, programaci\u00f3n, organizaci\u00f3n, planificaci\u00f3n, supervisi\u00f3n y evaluaci\u00f3n de las actividades curriculares del colegio Hispano Brit\u00e1nico en el proceso de ense\u00f1anza-aprendizaje, a trav\u00e9s de la gesti\u00f3n y retroalimentaci\u00f3n de todo el quehacer t\u00e9cnico-pedag\u00f3gico, tales como: orientaci\u00f3n educacional, planificaci\u00f3n curricular, supervisi\u00f3n pedag\u00f3gica, evaluaci\u00f3n del aprendizaje, entre otras; velando por el cumplimiento de las normativas vigentes del Ministerio de Educaci\u00f3n y del Proyecto Educativo Institucional del Colegio.<\/span><\/p>\n<p><span style=\"font-weight: 400;\">El jefe de UTP efect\u00faa un rol de acompa\u00f1amiento en coordinaci\u00f3n con los Jefes de Departamento y profesores.<\/span><\/p>\n<p><span style=\"font-weight: 400;\">Es importante saber que de acuerdo al Art\u00edculo 72\u00b0 del Reglamento interno y Manual de Convivencia Escolar, que los padres y apoderados del Colegio Hispano Brit\u00e1nico, tienen el derecho a utilizar, de modo apropiado, los siguientes conductos regulares jer\u00e1rquicos de soluci\u00f3n de conflictos que afecten a su pupilo(a) en el \u00e1mbito acad\u00e9mico:<\/span><\/p>\n<ul>\n<li style=\"font-weight: 400;\" aria-level=\"1\"><span style=\"font-weight: 400;\">Profesor de Asignatura (primera Instancia)<\/span><\/li>\n<li style=\"font-weight: 400;\" aria-level=\"1\"><span style=\"font-weight: 400;\">Profesor Jefe (Segunda Instancia)<\/span><\/li>\n<li style=\"font-weight: 400;\" aria-level=\"1\"><span style=\"font-weight: 400;\">Coordinador Acad\u00e9mico (tercera Instancia)<\/span><\/li>\n<li style=\"font-weight: 400;\" aria-level=\"1\"><span style=\"font-weight: 400;\">Director (\u00daltima instancia)<\/span><\/li>\n<\/ul>\n<h4><\/h4>\n<h4>Entre sus funciones se encuentran:<\/h4>\n<ul>\n<li style=\"font-weight: 400;\" aria-level=\"1\"><span style=\"font-weight: 400;\">Lograr la excelencia acad\u00e9mica a trav\u00e9s del enfoque centrado en el estudiante.<\/span><\/li>\n<li style=\"font-weight: 400;\" aria-level=\"1\"><span style=\"font-weight: 400;\">Gesti\u00f3n pedag\u00f3gica de excelencia en el aula.<\/span><\/li>\n<li style=\"font-weight: 400;\" aria-level=\"1\"><span style=\"font-weight: 400;\">Alinear a los docentes en torno a un curriculum sociocognitivo centrado en el estudiante.<\/span><\/li>\n<li style=\"font-weight: 400;\" aria-level=\"1\"><span style=\"font-weight: 400;\">Desarrollar procedimientos y pr\u00e1cticas para lograr en los estudiantes un trabajo responsable y de manera independiente, conducido con dinamismo y rigurosidad conceptual, permitiendo avanzar en su desarrollo del conocimiento habilidades cognitivas, personales, sociales y afectivas.<\/span><\/li>\n<li style=\"font-weight: 400;\" aria-level=\"1\"><span style=\"font-weight: 400;\">Implementar estrategias y pr\u00e1cticas efectivas con lineamientos pedag\u00f3gicos comunes en forma sistem\u00e1tica y progresiva, con trabajo colaborativo para el logro de los aprendizajes en la implementaci\u00f3n del curr\u00edculum, incorporando procesos de evaluaci\u00f3n para la toma de decisiones.<\/span><\/li>\n<li style=\"font-weight: 400;\" aria-level=\"1\"><span style=\"font-weight: 400;\">Velar por el cumplimiento del Decreto 67 de Evaluaci\u00f3n y Promoci\u00f3n.<\/span><\/li>\n<li style=\"font-weight: 400;\" aria-level=\"1\"><span style=\"font-weight: 400;\">Establecer lineamientos educativo-formativos al interior de los diferentes niveles. Planificar y organizar las actividades t\u00e9cnico-pedag\u00f3gicas del a\u00f1o lectivo, de acuerdo a normativa vigente.<\/span><\/li>\n<li style=\"font-weight: 400;\" aria-level=\"1\"><span style=\"font-weight: 400;\">Organizar el curr\u00edculum en relaci\u00f3n a los objetivos del PEI.<\/span><\/li>\n<li style=\"font-weight: 400;\" aria-level=\"1\"><span style=\"font-weight: 400;\">Supervisar el cumplimiento y entrega a tiempo de los planes anuales, planificaciones, gu\u00edas, evaluaciones y calendarizaciones semestrales.<\/span><\/li>\n<li style=\"font-weight: 400;\" aria-level=\"1\"><span style=\"font-weight: 400;\">Coordinar y supervisar el trabajo acad\u00e9mico de los Jefes de Departamento.<\/span><\/li>\n<li style=\"font-weight: 400;\" aria-level=\"1\"><span style=\"font-weight: 400;\">Dirigir consejos de profesores y\/o consejos t\u00e9cnicos.<\/span><\/li>\n<\/ul>\n<h4><\/h4>\n<h4>Objetivo.<\/h4>\n<p><span style=\"font-weight: 400;\">Dirigir la gesti\u00f3n pedag\u00f3gica, para alcanzar los objetivos pedag\u00f3gicos institucionales, trabajando colaborativamente con el equipo de Convivencia Escolar, para apoyar el desarrollo humano y acad\u00e9mico de todos los estudiantes del Colegio Hispano Brit\u00e1nico.<\/span><\/p>\n<p>[\/et_pb_text][et_pb_button button_url=\u00bbhttps:\/\/www.chb.cl\/sitio\/wp-content\/uploads\/2024\/03\/Resultados-SIMCE-2023-4\u00b0-Basicos-27.04.24.pdf\u00bb button_text=\u00bbResultados SIMCE 2023 4\u00b0 B\u00e1sicos\u00bb button_alignment=\u00bbleft\u00bb _builder_version=\u00bb4.24.0&#8243; _module_preset=\u00bbdefault\u00bb custom_button=\u00bbon\u00bb button_text_color=\u00bb#FFFFFF\u00bb button_bg_color=\u00bb#0C71C3&#8243; button_border_radius=\u00bb30px\u00bb button_font=\u00bbAlata||||||||\u00bb global_colors_info=\u00bb{}\u00bb][\/et_pb_button][\/et_pb_column][\/et_pb_row][\/et_pb_section]<\/p>\n","protected":false},"excerpt":{"rendered":"<p>\u00a0Jefe Unidad T\u00e9cnica Pedag\u00f3gica Educaci\u00f3n B\u00e1sica. Alejandro Carrillo N\u00fa\u00f1ez \u00bfQu\u00e9 es la Unidad T\u00e9cnica Pedag\u00f3gica? (Educaci\u00f3n B\u00e1sica) Es la instancia responsable del diagn\u00f3stico, programaci\u00f3n, organizaci\u00f3n, planificaci\u00f3n, supervisi\u00f3n y evaluaci\u00f3n de [&hellip;]<\/p>\n","protected":false},"author":1,"featured_media":0,"parent":0,"menu_order":0,"comment_status":"closed","ping_status":"closed","template":"","meta":{"_et_pb_use_builder":"on","_et_pb_old_content":"[vc_row][vc_column][vc_single_image image=\"17697\" img_size=\"full\" alignment=\"center\"][vc_column_text]\r\n<h4 style=\"text-align: center;\"><b>Jefe Unidad T\u00e9cnica Pedag\u00f3gica Educaci\u00f3n B\u00e1sica.<\/b><\/h4>\r\n<h4 style=\"text-align: center;\"><span style=\"font-weight: 400;\">Jessica Pe\u00f1ailillo Leiva<\/span><\/h4>\r\n[\/vc_column_text][\/vc_column][\/vc_row][vc_row][vc_column][vc_empty_space][vc_column_text]<b>\u00bfQu\u00e9 es la Unidad T\u00e9cnica Pedag\u00f3gica? (Educaci\u00f3n B\u00e1sica)<\/b>\r\n\r\n<span style=\"font-weight: 400;\">Es la instancia responsable del diagn\u00f3stico, programaci\u00f3n, organizaci\u00f3n, planificaci\u00f3n, supervisi\u00f3n y evaluaci\u00f3n de las actividades curriculares del colegio Hispano Brit\u00e1nico en el proceso de ense\u00f1anza-aprendizaje, a trav\u00e9s de la gesti\u00f3n y retroalimentaci\u00f3n de todo el quehacer t\u00e9cnico-pedag\u00f3gico, tales como: orientaci\u00f3n educacional, planificaci\u00f3n curricular, supervisi\u00f3n pedag\u00f3gica, evaluaci\u00f3n del aprendizaje, entre otras; velando por el cumplimiento de las normativas vigentes del Ministerio de Educaci\u00f3n y del Proyecto Educativo Institucional del Colegio.<\/span>\r\n\r\n<span style=\"font-weight: 400;\">El jefe de UTP efect\u00faa un rol de acompa\u00f1amiento en coordinaci\u00f3n con los Jefes de Departamento y profesores.<\/span>\r\n\r\n<span style=\"font-weight: 400;\">Es importante saber que de acuerdo al Art\u00edculo 72\u00b0 del Reglamento interno y Manual de Convivencia Escolar, que los padres y apoderados del Colegio Hispano Brit\u00e1nico, tienen el derecho a utilizar, de modo apropiado, los siguientes conductos regulares jer\u00e1rquicos de soluci\u00f3n de conflictos que afecten a su pupilo(a) en el \u00e1mbito acad\u00e9mico:<\/span>\r\n<ul>\r\n \t<li style=\"font-weight: 400;\" aria-level=\"1\"><span style=\"font-weight: 400;\">Profesor de Asignatura (primera Instancia)<\/span><\/li>\r\n \t<li style=\"font-weight: 400;\" aria-level=\"1\"><span style=\"font-weight: 400;\">Profesor Jefe (Segunda Instancia)<\/span><\/li>\r\n \t<li style=\"font-weight: 400;\" aria-level=\"1\"><span style=\"font-weight: 400;\">Coordinador Acad\u00e9mico (tercera Instancia)<\/span><\/li>\r\n \t<li style=\"font-weight: 400;\" aria-level=\"1\"><span style=\"font-weight: 400;\">Director (\u00daltima instancia)<\/span><\/li>\r\n<\/ul>\r\n<b>Entre sus funciones se encuentran:<\/b>\r\n<ul>\r\n \t<li style=\"font-weight: 400;\" aria-level=\"1\"><span style=\"font-weight: 400;\">Lograr la excelencia acad\u00e9mica a trav\u00e9s del enfoque centrado en el estudiante.<\/span><\/li>\r\n \t<li style=\"font-weight: 400;\" aria-level=\"1\"><span style=\"font-weight: 400;\">Gesti\u00f3n pedag\u00f3gica de excelencia en el aula.<\/span><\/li>\r\n \t<li style=\"font-weight: 400;\" aria-level=\"1\"><span style=\"font-weight: 400;\">Alinear a los docentes en torno a un curriculum sociocognitivo centrado en el estudiante.<\/span><\/li>\r\n \t<li style=\"font-weight: 400;\" aria-level=\"1\"><span style=\"font-weight: 400;\">Desarrollar procedimientos y pr\u00e1cticas para lograr en los estudiantes un trabajo responsable y de manera independiente, conducido con dinamismo y rigurosidad conceptual, permitiendo avanzar en su desarrollo del conocimiento habilidades cognitivas, personales, sociales y afectivas.<\/span><\/li>\r\n \t<li style=\"font-weight: 400;\" aria-level=\"1\"><span style=\"font-weight: 400;\">Implementar estrategias y pr\u00e1cticas efectivas con lineamientos pedag\u00f3gicos comunes en forma sistem\u00e1tica y progresiva, con trabajo colaborativo para el logro de los aprendizajes en la implementaci\u00f3n del curr\u00edculum, incorporando procesos de evaluaci\u00f3n para la toma de decisiones.<\/span><\/li>\r\n \t<li style=\"font-weight: 400;\" aria-level=\"1\"><span style=\"font-weight: 400;\">Velar por el cumplimiento del Decreto 67 de Evaluaci\u00f3n y Promoci\u00f3n.<\/span><\/li>\r\n \t<li style=\"font-weight: 400;\" aria-level=\"1\"><span style=\"font-weight: 400;\">Establecer lineamientos educativo-formativos al interior de los diferentes niveles. Planificar y organizar las actividades t\u00e9cnico-pedag\u00f3gicas del a\u00f1o lectivo, de acuerdo a normativa vigente.<\/span><\/li>\r\n \t<li style=\"font-weight: 400;\" aria-level=\"1\"><span style=\"font-weight: 400;\">Organizar el curr\u00edculum en relaci\u00f3n a los objetivos del PEI.<\/span><\/li>\r\n \t<li style=\"font-weight: 400;\" aria-level=\"1\"><span style=\"font-weight: 400;\">Supervisar el cumplimiento y entrega a tiempo de los planes anuales, planificaciones, gu\u00edas, evaluaciones y calendarizaciones semestrales.<\/span><\/li>\r\n \t<li style=\"font-weight: 400;\" aria-level=\"1\"><span style=\"font-weight: 400;\">Coordinar y supervisar el trabajo acad\u00e9mico de los Jefes de Departamento.<\/span><\/li>\r\n \t<li style=\"font-weight: 400;\" aria-level=\"1\"><span style=\"font-weight: 400;\">Dirigir consejos de profesores y\/o consejos t\u00e9cnicos.<\/span><\/li>\r\n<\/ul>\r\n<b>Objetivo.<\/b>\r\n\r\n<span style=\"font-weight: 400;\">Dirigir la gesti\u00f3n pedag\u00f3gica, para alcanzar los objetivos pedag\u00f3gicos institucionales, trabajando colaborativamente con el equipo de Convivencia Escolar, para apoyar el desarrollo humano y acad\u00e9mico de todos los estudiantes del colegio Hispano Brit\u00e1nico.<\/span>[\/vc_column_text][vc_empty_space][\/vc_column][\/vc_row][vc_row][vc_column width=\"1\/3\"][vc_btn title=\"Departamento de Tecnolog\u00eda, m\u00fasica y Artes\" color=\"primary\" align=\"center\" link=\"url:https%3A%2F%2Fwww.chb.cl%2Fsitio%2Fsemana-de-la-educacion-artistica%2F\"][vc_empty_space][vc_btn title=\"Departamento de Matematicas\" color=\"primary\" align=\"center\" link=\"url:https%3A%2F%2Fwww.chb.cl%2Fsitio%2Fvamos-de-compras-al-supermercado%2F\"][\/vc_column][vc_column width=\"1\/3\"][vc_btn title=\"Departamento de Ciencias\" color=\"primary\" align=\"center\" link=\"url:https%3A%2F%2Fwww.chb.cl%2Fsitio%2Fconferencia-sobre-el-cambio-climatico-y-la-energia-sustentable%2F\"][vc_empty_space][vc_btn title=\"Departamento de Ingl\u00e9s\" color=\"primary\" align=\"center\" link=\"url:https%3A%2F%2Fwww.chb.cl%2Fsitio%2Frevisa-fotos-y-videos%2F\"][\/vc_column][vc_column width=\"1\/3\"][vc_btn title=\"Departamento de Humanidades (Historia)\" color=\"primary\" align=\"center\" link=\"url:https%3A%2F%2Fwww.chb.cl%2Fsitio%2Fdepartamento-de-humanidades-historia%2F\"][vc_empty_space][\/vc_column][\/vc_row]","_et_gb_content_width":"","footnotes":""},"class_list":["post-383","page","type-page","status-publish","hentry"],"_links":{"self":[{"href":"https:\/\/www.chb.cl\/sitio\/wp-json\/wp\/v2\/pages\/383","targetHints":{"allow":["GET"]}}],"collection":[{"href":"https:\/\/www.chb.cl\/sitio\/wp-json\/wp\/v2\/pages"}],"about":[{"href":"https:\/\/www.chb.cl\/sitio\/wp-json\/wp\/v2\/types\/page"}],"author":[{"embeddable":true,"href":"https:\/\/www.chb.cl\/sitio\/wp-json\/wp\/v2\/users\/1"}],"replies":[{"embeddable":true,"href":"https:\/\/www.chb.cl\/sitio\/wp-json\/wp\/v2\/comments?post=383"}],"version-history":[{"count":0,"href":"https:\/\/www.chb.cl\/sitio\/wp-json\/wp\/v2\/pages\/383\/revisions"}],"wp:attachment":[{"href":"https:\/\/www.chb.cl\/sitio\/wp-json\/wp\/v2\/media?parent=383"}],"curies":[{"name":"wp","href":"https:\/\/api.w.org\/{rel}","templated":true}]}}