{"id":387,"date":"2013-06-11T02:36:32","date_gmt":"2013-06-11T02:36:32","guid":{"rendered":"https:\/\/www.chb.cl\/sitio\/?page_id=387"},"modified":"2026-02-17T16:47:15","modified_gmt":"2026-02-17T19:47:15","slug":"historia","status":"publish","type":"page","link":"https:\/\/www.chb.cl\/sitio\/historia\/","title":{"rendered":"Historia"},"content":{"rendered":"<p>[et_pb_section fb_built=\u00bb1&#8243; admin_label=\u00bbsection\u00bb _builder_version=\u00bb4.16&#8243; global_colors_info=\u00bb{}\u00bb][et_pb_row admin_label=\u00bbrow\u00bb _builder_version=\u00bb4.24.0&#8243; background_size=\u00bbinitial\u00bb background_position=\u00bbtop_left\u00bb background_repeat=\u00bbrepeat\u00bb animation_style=\u00bbfade\u00bb global_colors_info=\u00bb{}\u00bb][et_pb_column type=\u00bb4_4&#8243; _builder_version=\u00bb4.16&#8243; custom_padding=\u00bb|||\u00bb global_colors_info=\u00bb{}\u00bb custom_padding__hover=\u00bb|||\u00bb][et_pb_text admin_label=\u00bbText\u00bb _builder_version=\u00bb4.27.5&#8243; background_size=\u00bbinitial\u00bb background_position=\u00bbtop_left\u00bb background_repeat=\u00bbrepeat\u00bb text_orientation=\u00bbjustified\u00bb global_colors_info=\u00bb{}\u00bb]<\/p>\n<h2 style=\"text-align: justify;\">Historia<\/h2>\n<p><span style=\"font-weight: 400;\">El Colegio Hispano Brit\u00e1nico Iquique es una instituci\u00f3n educativa que desde 1980 se ha mantenido prestigiando constantemente a nuestra regi\u00f3n, no solo con resultados acad\u00e9micos y alto est\u00e1ndar de estudio, sino tambi\u00e9n por su compromiso con el medio ambiente y la convivencia escolar positiva.<\/span><\/p>\n<p><b>El Cuerpo directivo del Colegio lo conforman:<\/b><\/p>\n<ul>\n<li><span style=\"font-weight: 400;\"> Director del Colegio, Sr. Jos\u00e9 Tellez Morales<\/span><span style=\"font-weight: 400;\"><br \/><\/span><span style=\"font-weight: 400;\">\u25cf Jefe de Unidad T\u00e9cnico Pedag\u00f3gica de Educaci\u00f3n Media, Sr. Ren\u00e9 Delgado Almeida<\/span><span style=\"font-weight: 400;\"><br \/><\/span><span style=\"font-weight: 400;\">\u25cf Jefe de Unidad T\u00e9cnico Pedag\u00f3gica de Educaci\u00f3n B\u00e1sica, Sr. Alejandro Carrillo N\u00fa\u00f1ez<\/span><span style=\"font-weight: 400;\"><br \/><\/span><span style=\"font-weight: 400;\">\u25cf Inspectora General, Sra. Alejandra Carla Milla Ahumada<\/span><\/li>\n<li><span style=\"font-weight: 400;\"> Encargado de Convivencia Escolar, Sr. Miguel \u00c1ngel Orellana Chavez<\/span><span style=\"font-weight: 400;\"><br \/><\/span><span style=\"font-weight: 400;\">\u25cf Orientadora Educaci\u00f3n B\u00e1sica, Sra. Mar\u00eda Eugenia Pino Villalobos<\/span><span style=\"font-weight: 400;\"><br \/><\/span><span style=\"font-weight: 400;\">\u25cf Orientadora Educaci\u00f3n Media, Sra. Tania Carre\u00f1o Godoy<\/span><span style=\"font-weight: 400;\"><br \/><\/span><span style=\"font-weight: 400;\">\u25cf Jefe del Departamento de Educaci\u00f3n F\u00edsica y Deportes, Sr. Fabrizio Castillo P\u00e9rez<\/span><\/li>\n<\/ul>\n<p><b>El Cuerpo Directivo del Jard\u00edn Infantil lo conforma:<\/b><\/p>\n<ul>\n<li><span style=\"font-weight: 400;\"> Directora Pedag\u00f3gica Del Jard\u00edn Infantil, Sra. Marta Pinto Cardemil<\/span><\/li>\n<\/ul>\n<p><span style=\"font-weight: 400;\">Hispano Brit\u00e1nico comenz\u00f3 sus actividades en nuestra ciudad inicialmente como Jard\u00edn Infantil en marzo de 1980. En el a\u00f1o 1982 se abri\u00f3 a la Educaci\u00f3n B\u00e1sica y posteriormente a la Educaci\u00f3n Media lanzando su primera y exitosa promoci\u00f3n de egresados de IV Medio el a\u00f1o 2000, en las puertas de este nuevo siglo.<\/span><\/p>\n<p><span style=\"font-weight: 400;\">El a\u00f1o 2014, el Jard\u00edn Infantil se independiz\u00f3 f\u00edsicamente del Colegio y comenz\u00f3 a funcionar en un amplio edificio especialmente dise\u00f1ado para la atenci\u00f3n de preescolares, con una innovadora y pionera infraestructura arquitect\u00f3nica.<\/span><\/p>\n<p><span style=\"font-weight: 400;\">Este a\u00f1o 2026 cumple 46 a\u00f1os de dedicada labor educativa.<\/span><\/p>\n<p><span style=\"font-weight: 400;\">Hispano Brit\u00e1nico desde el Jard\u00edn Infantil, aspira a la preparaci\u00f3n de sus estudiantes para que sean los agentes de cambio del ma\u00f1ana, entreg\u00e1ndoles una educaci\u00f3n en que la excelencia acad\u00e9mica y la calidad prevalezcan, form\u00e1ndolos integralmente como personas capaces de enfrentar los grandes desaf\u00edos en forma certera, positiva y creativa, ya que si nos detenemos a observar el mundo en el que nos encontramos, nos damos cuenta que nuestros estudiantes heredar\u00e1n un mundo que deber\u00e1n reparar y reformular, debido a los cambios tanto ambientales como socioculturales que estamos provocando.<\/span><\/p>\n<p><span style=\"font-weight: 400;\">El Colegio Hispano Brit\u00e1nico y el Jard\u00edn Infantil Hispano Brit\u00e1nico, son conocidos por la comunidad Iquique\u00f1a por ser instituciones que desarrollan un fuerte sentimiento del cuidado y conservaci\u00f3n del medio ambiente, el reciclaje y los estilos de vida saludables, que consideran entendemos condiciones indispensables para el establecimiento de la vida humana de calidad. En esta filosof\u00eda considera que nuestros h\u00e1bitos como personas est\u00e1n provocando en el planeta serios da\u00f1os, y por ello conf\u00edan que pueden ser modificados por un cambio en nuestra forma y estilos de ver la vida, una vida m\u00e1s centrada a equilibrarnos con y en la naturaleza, a respetar a los animales, a una tenencia responsable de nuestras mascotas, a ser solidarios con los m\u00e1s necesitados, a llevar una vida saludable, a visualizar la actividad f\u00edsica como una v\u00eda para protegernos de las enfermedades de la modernidad y por sobre todo a aprender que vivir en armon\u00eda.<\/span><\/p>\n<p><span style=\"font-weight: 400;\">Con mucho orgullo el Colegio Hispano Brit\u00e1nico ha demostrado el alto nivel de su calidad educativa, durante sus 46 a\u00f1os de vida, se ha mantenido vigente en los primeros lugares de logros regionales en todas las mediciones educacionales que aplica el Estado de Chile. Estos logros le han permitido recibir el reconocimiento de sus padres, madres y apoderados, egresados y el cuerpo docente.<\/span><\/p>\n<p><span style=\"font-weight: 400;\">A lo largo de estos a\u00f1os de excelencia educativa, el Colegio Hispano Brit\u00e1nico ha sido guiado por visionarios l\u00edderes que, con dedicaci\u00f3n y pasi\u00f3n, han consolidado los valores y el alto nivel acad\u00e9mico que nos distinguen. Desde sus inicios, cada Director ha dejado una huella imborrable, impulsando no solo el \u00e9xito en las aulas, sino tambi\u00e9n el compromiso con el medio ambiente, la solidaridad y el desarrollo integral de nuestros estudiantes.<\/span><\/p>\n<p><span style=\"font-weight: 400;\">Te invitamos a conocer a quienes han dirigido con orgullo esta gran Comunidad Educativa CHB, forjando el camino de generaciones que hoy brillan en Iquique y m\u00e1s all\u00e1.<\/span><\/p>\n<p style=\"text-align: justify;\"><br style=\"font-weight: 400;\" \/><\/p>\n<p>[\/et_pb_text][et_pb_button button_url=\u00bbhttps:\/\/www.chb.cl\/sitio\/directores-del-colegio-hispano-britanico\/\u00bb button_text=\u00bbConoce aqu\u00ed qui\u00e9nes han dirigido con orgullo esta gran Comunidad Educativa CHB\u00bb button_alignment=\u00bbcenter\u00bb _builder_version=\u00bb4.27.5&#8243; _module_preset=\u00bbdefault\u00bb custom_button=\u00bbon\u00bb button_text_color=\u00bb#FFFFFF\u00bb button_bg_color=\u00bb#ff5300&#8243; button_border_width=\u00bb0px\u00bb button_border_radius=\u00bb30px\u00bb button_letter_spacing=\u00bb0px\u00bb button_icon_placement=\u00bbleft\u00bb hover_enabled=\u00bb0&#8243; global_colors_info=\u00bb{}\u00bb sticky_enabled=\u00bb0&#8243;][\/et_pb_button][\/et_pb_column][\/et_pb_row][\/et_pb_section]<\/p>\n","protected":false},"excerpt":{"rendered":"<p>Historia El Colegio Hispano Brit\u00e1nico Iquique es una instituci\u00f3n educativa que desde 1980 se ha mantenido prestigiando constantemente a nuestra regi\u00f3n, no solo con resultados acad\u00e9micos y alto est\u00e1ndar de [&hellip;]<\/p>\n","protected":false},"author":1,"featured_media":0,"parent":0,"menu_order":0,"comment_status":"closed","ping_status":"closed","template":"","meta":{"_et_pb_use_builder":"on","_et_pb_old_content":"<span style=\"font-weight: 400;\">El Colegio Hispano Brit\u00e1nico es una instituci\u00f3n educativa que durante sus 43 a\u00f1os de vida se ha mantenido prestigiando constantemente a nuestra regi\u00f3n, no solo con resultados acad\u00e9micos y alto est\u00e1ndar de estudio.<\/span>\r\n\r\n<strong>El Cuerpo directivo del Colegio lo conforman:<\/strong>\r\n<ul>\r\n \t<li style=\"font-weight: 400;\" aria-level=\"1\"><span style=\"font-weight: 400;\">Director del Colegio, Sr. Alejandro Flores Henriquez<\/span><\/li>\r\n \t<li style=\"font-weight: 400;\" aria-level=\"1\"><span style=\"font-weight: 400;\">Jefe de Unidad T\u00e9cnico Pedag\u00f3gica de Educaci\u00f3n Media, Sr. Jos\u00e9 Tellez Morales<\/span><\/li>\r\n \t<li style=\"font-weight: 400;\" aria-level=\"1\"><span style=\"font-weight: 400;\">Jefe de Unidad T\u00e9cnico Pedag\u00f3gica de Educaci\u00f3n B\u00e1sica, Sra. Jessica Pe\u00f1ailillo\u00a0<\/span><\/li>\r\n \t<li style=\"font-weight: 400;\" aria-level=\"1\"><span style=\"font-weight: 400;\">Inspector General, Sr. Alejandro Carrillo N\u00fa\u00f1ez<\/span><\/li>\r\n \t<li style=\"font-weight: 400;\" aria-level=\"1\"><span style=\"font-weight: 400;\">Encargado de Convivencia Escolar, Sr. Miguel \u00c1ngel Orellana Chavez<\/span><\/li>\r\n \t<li style=\"font-weight: 400;\" aria-level=\"1\"><span style=\"font-weight: 400;\">Orientadora Educaci\u00f3n B\u00e1sica, Sra. Mar\u00eda Eugenia Pino Villalobos<\/span><\/li>\r\n \t<li style=\"font-weight: 400;\" aria-level=\"1\"><span style=\"font-weight: 400;\">Orientadora Educaci\u00f3n Media, Sra. Tania Carre\u00f1o Godoy<\/span><\/li>\r\n \t<li style=\"font-weight: 400;\" aria-level=\"1\"><span style=\"font-weight: 400;\">Coordinador de Educaci\u00f3n Extraescolar, Sr. Fabrizio Castillo P\u00e9rez<\/span><\/li>\r\n<\/ul>\r\n<strong>El Cuerpo Directivo del Jard\u00edn Infantil lo conforman:<\/strong>\r\n<ul>\r\n \t<li style=\"font-weight: 400;\" aria-level=\"1\"><span style=\"font-weight: 400;\">Sostenedora del Jard\u00edn Infantil, Sra. Helge Ferger Salda\u00f1a<\/span><\/li>\r\n \t<li style=\"font-weight: 400;\" aria-level=\"1\"><span style=\"font-weight: 400;\">Directora Pedag\u00f3gica Del Jard\u00edn Infantil, Sra. Miriam Lafertte Videla<\/span><\/li>\r\n \t<li style=\"font-weight: 400;\" aria-level=\"1\"><span style=\"font-weight: 400;\">L\u00edder Pedag\u00f3gica Nivel Preescolar, Sra. Marta Pinto Cardemil<\/span><\/li>\r\n<\/ul>\r\n<span style=\"font-weight: 400;\">Hispano Brit\u00e1nico comenz\u00f3 sus actividades en nuestra ciudad inicialmente como Jard\u00edn Infantil en marzo de 1980. En el a\u00f1o 1982 se abri\u00f3 a la Educaci\u00f3n B\u00e1sica y posteriormente a la Educaci\u00f3n Media lanzando su primera y exitosa promoci\u00f3n de egresados de 4\u00b0 Medio el a\u00f1o 2000, en las puertas de este nuevo siglo.<\/span>\r\n\r\n<span style=\"font-weight: 400;\">El a\u00f1o 2014, el Jard\u00edn Infantil se independiz\u00f3 f\u00edsicamente del Colegio y comenz\u00f3 a funcionar en un amplio edificio especialmente dise\u00f1ado para la atenci\u00f3n de preescolares, con una innovadora y pionera infraestructura arquitect\u00f3nica.<\/span>\r\n\r\n<span style=\"font-weight: 400;\">El a\u00f1o 2023 cumple 43 a\u00f1os de dedicada labor educativa.<\/span>\r\n\r\n<span style=\"font-weight: 400;\">El Establecimiento cuenta el presente a\u00f1o con 1.237 estudiantes, desde 1\u00ba A\u00f1o B\u00e1sico a 4\u00ba A\u00f1o Medio, atendidos por 55 profesores, as\u00ed como 218 p\u00e1rvulos desde el Nivel Medio Menor a\u00a0 Kinder, atendidos por 11 Educadoras, 11 T\u00e9cnicas Parvularias y 1 Profesora de Ingl\u00e9s.<\/span>\r\n\r\n<span style=\"font-weight: 400;\">Hispano Brit\u00e1nico desde el Jard\u00edn Infantil, aspira a la preparaci\u00f3n de sus estudiantes para que sean los agentes de cambio del ma\u00f1ana, entreg\u00e1ndoles una educaci\u00f3n en que la excelencia acad\u00e9mica y la calidad prevalezcan, form\u00e1ndolos integralmente como personas capaces de enfrentar los grandes desaf\u00edos en forma certera, positiva y creativa, ya que si nos detenemos a observar el mundo en el que nos encontramos, nos damos cuenta que nuestros estudiantes heredar\u00e1n un mundo que deber\u00e1n reparar y reformular, debido a los cambios tanto ambientales como socioculturales que estamos provocando.<\/span>\r\n\r\n<span style=\"font-weight: 400;\">El colegio Hispano Brit\u00e1nico y su Jard\u00edn Infantil, son conocidos por la comunidad Iquique\u00f1a por ser instituciones que desarrollan un fuerte sentimiento del cuidado y conservaci\u00f3n del medio ambiente, el reciclaje y los estilos de vida saludables, que consideran entendemos condiciones indispensables para el establecimiento de la vida humana de calidad. En esta filosof\u00eda de vida consideran que nuestros h\u00e1bitos como personas est\u00e1n provocando en el planeta serios da\u00f1os, y por ello conf\u00edan que esos h\u00e1bitos pueden ser modificados por un cambio en nuestra forma y estilos de ver la vida, una vida m\u00e1s centrada a equilibrarnos con y en la naturaleza, a respetar a los animales, a una tenencia responsable de nuestras mascotas, a ser solidarios con los m\u00e1s necesitados, a llevar una vida saludable, a visualizar la actividad f\u00edsica como una v\u00eda para protegernos de las enfermedades de la modernidad y por sobre todo a aprender que vivir en armon\u00eda.<\/span>\r\n\r\n<span style=\"font-weight: 400;\">Con mucho orgullo el Colegio Hispano Brit\u00e1nico ha demostrado el alto nivel de su calidad educativa, durante sus 43 a\u00f1os de vida se ha mantenido vigente en los primeros lugares de logros regionales en todas las mediciones educacionales que aplica el Estado de Chile. Estos logros le han permitido recibir el reconocimiento de sus padres, madres y apoderados, reforzado por el de los exalumnos y cuerpo docente.<\/span>[\/vc_column_text][\/vc_column][\/vc_row][vc_row][vc_column][vc_empty_space][vc_column_text]\r\n<h3>Himno del Colegio<\/h3>\r\n[\/vc_column_text][vc_empty_space][\/vc_column][\/vc_row][vc_row][vc_column width=\"1\/2\"][vc_column_text]<strong>Himno del Colegio<\/strong>\r\n\r\nMi Colegio Hispano Brit\u00e1nico\r\nte llevo grabado en mi coraz\u00f3n\r\nen tus aulas me entregas gloriosas\r\nlas letras que hoy d\u00eda ser\u00e1n mi crecer.\r\n\r\nEl ma\u00f1ana se muestra auspicioso,\r\nFuturo grandioso, te miro con fe\r\nen Iquique, Hispano Brit\u00e1nico\r\npreparas tu esfuerzo a la patria servir.\r\n\r\n<strong>Estribillo:<\/strong>\r\n\r\nHoy camino con paso seguro\r\nal destino que hoy salgo a encontrar,\r\nes familia, maestro, estudiante,\r\nque marcha triunfante\r\nsaber es ganar.\r\n\r\nUn camino de ciencia y cultura\r\nde t\u00e9cnica y arte futuro es saber.\r\n\r\nMi Colegio Hispano Brit\u00e1nico\r\nte llevo grabado en mi coraz\u00f3n\r\nen tus aulas me entregas gloriosas\r\nlas letras que hoy d\u00eda ser\u00e1n mi crecer.\r\n\r\nEl ma\u00f1ana se muestra auspicioso,\r\nFuturo grandioso, te miro con fe\r\nen Iquique, Hispano Brit\u00e1nico\r\npreparas tu esfuerzo a la patria servir.\r\n\r\n<strong>Estribillo:<\/strong>\r\n\r\nHoy camino con paso seguro\r\nal destino que hoy salgo a encontrar,\r\nes familia, maestro, estudiante,\r\nque marcha triunfante\r\nsaber es ganar.\r\n\r\nUn camino de ciencia y cultura\r\nde t\u00e9cnica y arte futuro es saber.\r\n\r\n<b>Letra y M\u00fasica: Carlos Morales Escobar<\/b>\r\n<p style=\"text-align: center;\"><iframe title=\"YouTube video player\" src=\"https:\/\/www.youtube.com\/embed\/nKWhZJjYCGA\" width=\"560\" height=\"315\" frameborder=\"0\" allowfullscreen=\"allowfullscreen\"><\/iframe><\/p>\r\n[\/vc_column_text][\/vc_column][\/vc_row]","_et_gb_content_width":"","footnotes":""},"class_list":["post-387","page","type-page","status-publish","hentry"],"_links":{"self":[{"href":"https:\/\/www.chb.cl\/sitio\/wp-json\/wp\/v2\/pages\/387","targetHints":{"allow":["GET"]}}],"collection":[{"href":"https:\/\/www.chb.cl\/sitio\/wp-json\/wp\/v2\/pages"}],"about":[{"href":"https:\/\/www.chb.cl\/sitio\/wp-json\/wp\/v2\/types\/page"}],"author":[{"embeddable":true,"href":"https:\/\/www.chb.cl\/sitio\/wp-json\/wp\/v2\/users\/1"}],"replies":[{"embeddable":true,"href":"https:\/\/www.chb.cl\/sitio\/wp-json\/wp\/v2\/comments?post=387"}],"version-history":[{"count":0,"href":"https:\/\/www.chb.cl\/sitio\/wp-json\/wp\/v2\/pages\/387\/revisions"}],"wp:attachment":[{"href":"https:\/\/www.chb.cl\/sitio\/wp-json\/wp\/v2\/media?parent=387"}],"curies":[{"name":"wp","href":"https:\/\/api.w.org\/{rel}","templated":true}]}}