{"id":389,"date":"2013-06-11T02:39:53","date_gmt":"2013-06-11T02:39:53","guid":{"rendered":"https:\/\/www.chb.cl\/sitio\/?page_id=389"},"modified":"2022-02-14T18:49:00","modified_gmt":"2022-02-14T18:49:00","slug":"informe-de-gestion","status":"publish","type":"page","link":"https:\/\/www.chb.cl\/sitio\/informe-de-gestion\/","title":{"rendered":"Informe de gesti\u00f3n 2018"},"content":{"rendered":"<p>No es posible una proyecci\u00f3n sin antes reflexionar el pasado-presente. Es este ejercicio -de pensar nuestro quehacer en el contexto de la temporalidad- el que nos da la perspectiva para descubrir hacia d\u00f3nde continuar la marcha, con qu\u00e9 herramientas y de qu\u00e9 manera.<\/p>\n<p>Cuando esto no se hace, el riesgo de transitar a ciegas y hacia ninguna parte es demasiado grande y evidente.<\/p>\n<p>A ello se debe que al culminar un a\u00f1o de trabajo hagamos balances y evaluaciones. Dicho de otra forma: necesitamos pensar para tomar buenas decisiones. Y aunque algunos, entregados a la comodidad de reiterar f\u00f3rmulas probadas, piensen que reflexionar la acci\u00f3n educativa personal y comunitaria sea un ejercicio prescindible, insistimos en que la Educaci\u00f3n no est\u00e1 exenta de tal empe\u00f1o, al contrario, es donde m\u00e1s se necesita, pues nos enfrentamos a una actividad social cuya pretensi\u00f3n es nada m\u00e1s y nada menos que incidir en la evoluci\u00f3n cultural y espiritual de la Humanidad.<\/p>\n<p>Es en este contexto que presentamos a ustedes la Cuenta P\u00fablica de la Gesti\u00f3n del A\u00f1o 2018 de nuestro colegio y a la cual invitamos a su lectura, an\u00e1lisis y retroalimentaci\u00f3n hacia el establecimiento si as\u00ed estimasen adecuado.<\/p>\n<p>Muchas Gracias<\/p>\n<p style=\"text-align: right;\">Joseph Morgan Ferger<br \/>\nDirector<\/p>\n<h1><a href=\"https:\/\/www.chb.cl\/sitio\/wp-content\/uploads\/2019\/04\/informegestion2018.pdf\">DESCARGAR CUENTA P\u00daBLICA 2018<\/a><\/h1>\n","protected":false},"excerpt":{"rendered":"<p>No es posible una proyecci\u00f3n sin antes reflexionar el pasado-presente. Es este ejercicio -de pensar nuestro quehacer en el contexto de la temporalidad- el que nos da la perspectiva para [&hellip;]<\/p>\n","protected":false},"author":1,"featured_media":0,"parent":0,"menu_order":0,"comment_status":"closed","ping_status":"closed","template":"","meta":{"_et_pb_use_builder":"","_et_pb_old_content":"","_et_gb_content_width":"","footnotes":""},"class_list":["post-389","page","type-page","status-publish","hentry"],"_links":{"self":[{"href":"https:\/\/www.chb.cl\/sitio\/wp-json\/wp\/v2\/pages\/389","targetHints":{"allow":["GET"]}}],"collection":[{"href":"https:\/\/www.chb.cl\/sitio\/wp-json\/wp\/v2\/pages"}],"about":[{"href":"https:\/\/www.chb.cl\/sitio\/wp-json\/wp\/v2\/types\/page"}],"author":[{"embeddable":true,"href":"https:\/\/www.chb.cl\/sitio\/wp-json\/wp\/v2\/users\/1"}],"replies":[{"embeddable":true,"href":"https:\/\/www.chb.cl\/sitio\/wp-json\/wp\/v2\/comments?post=389"}],"version-history":[{"count":0,"href":"https:\/\/www.chb.cl\/sitio\/wp-json\/wp\/v2\/pages\/389\/revisions"}],"wp:attachment":[{"href":"https:\/\/www.chb.cl\/sitio\/wp-json\/wp\/v2\/media?parent=389"}],"curies":[{"name":"wp","href":"https:\/\/api.w.org\/{rel}","templated":true}]}}