{"id":393,"date":"2013-06-11T02:40:57","date_gmt":"2013-06-11T02:40:57","guid":{"rendered":"https:\/\/www.chb.cl\/sitio\/?page_id=393"},"modified":"2022-02-14T18:49:00","modified_gmt":"2022-02-14T18:49:00","slug":"informe-indice-satisfaccion","status":"publish","type":"page","link":"https:\/\/www.chb.cl\/sitio\/informe-indice-satisfaccion\/","title":{"rendered":"Informe \u00edndice de satisfacci\u00f3n de apoderados 2018"},"content":{"rendered":"\n<p>El a\u00f1o 2004 nace la encuesta \u00cdndice de Satisfacci\u00f3n de Apoderados (ISA), la cual se aplica a todos los apoderados del colegio.<br \/><\/p>\n\n\n\n<p>Esta encuesta entrega anualmente un indicador que posee una escala de 1 a 7, de manera tal que es muy f\u00e1cil observar a simple vista el grado de satisfacci\u00f3n de los apoderados.<br \/><\/p>\n\n\n\n<p>El valor de este indicador sube en comparaci\u00f3n al del a\u00f1o pasado (el cual obtiene un 5,5 producto de la particularizaci\u00f3n del colegio):<\/p>\n\n\n<p>[table]<br \/>\n[table_row]NIVEL|2014|2015|2016|2017|2018[\/table_row]<br \/>\n[table_row]B\u00e1sica|6,0|6,2|6,2|5,4|5,8[\/table_row]<br \/>\n[table_row]Media|6,0|5,9|6,1|5,6|5,7[\/table_row]<br \/>\n[table_row]General|6,0|6,1|6,15|5,5|5,75[\/table_row]<br \/>\n[\/table]<\/p>\n\n\n\n<p>Se puede observar que:<\/p>\n\n\n\n<ul class=\"wp-block-list\"><li>El Indicador de Satisfacci\u00f3n promedio de Educaci\u00f3n B\u00e1sica y Educaci\u00f3n Media empiezan a repuntar despu\u00e9s de la baja del a\u00f1o 2017 debido al efecto particularizaci\u00f3n.<\/li><\/ul>\n\n\n\n<table class=\"wp-block-table\"><tbody><tr><td>Con respecto a la pregunta \u201c\u00bfrecomendar\u00eda usted este establecimiento? Un 93% de los apoderados respondieron afirmativamente, lo cual nos indica una alt\u00edsima proporci\u00f3n de apoderados satisfechos o complacidos, a tal punto de recomendar al colegio entre sus conocidos.<\/td><\/tr><\/tbody><\/table>\n\n\n\n<p>El respaldo de los apoderados es important\u00edsimo para el establecimiento pues la educaci\u00f3n de los ni\u00f1os se basa en dos vertientes: la escolar y la familiar. Por lo tanto, la coordinaci\u00f3n de estos dos elementos, representados principalmente por los profesores y los padres, es fundamental para su desarrollo.<\/p>\n\n\n\n<p>La aprobaci\u00f3n de los padres a la tarea educativa del colegio facilita los procesos de adaptaci\u00f3n y aprendizaje del ni\u00f1o y tiene una aportaci\u00f3n positiva tanto en los padres como en los profesores.<\/p>\n\n\n\n<figure class=\"wp-block-image\"><img decoding=\"async\" src=\"https:\/\/www.chb.cl\/sitio\/wp-content\/uploads\/2019\/04\/Captura-de-Pantalla-2019-04-15-a-las-09.12.25-1024x557.png\" alt=\"\" class=\"wp-image-4917\"\/><\/figure>\n\n\n\n<p>Si bien es cierto que todas las \u00e1reas del establecimiento han sido bien evaluadas, los \u00edtems EXIGENCIA ACAD\u00c9MICA, INFRAESTRUCTURA, SEGURIDAD E INFORMACI\u00d3N Y COMUNICACI\u00d3N son los mejores evaluados.<\/p>\n\n\n\n<p>Por quinta vez consecutiva el \u00edtem INFORMACI\u00d3N Y COMUNICACI\u00d3N ocupa los primeros lugares de esta lista, aquello nos conmueve enormemente pues hemos hecho grandes esfuerzos para mantenerles informados acerca del acontecer del colegio y de su Proyecto Educativo.<\/p>\n\n\n\n<p>Llama mucho la atenci\u00f3n que se eval\u00faen a la baja los Talleres Extraescolares puesto que el establecimiento es el colegio que m\u00e1s talleres extraescolares posee en la comuna,&nbsp;no hay otro establecimiento en la regi\u00f3n que posea tantos talleres extraescolares.&nbsp;<\/p>\n\n\n\n<p>Joseph Morgan<br \/>Director<br \/><\/p>\n\n\n\n<h2 class=\"wp-block-heading\"><br \/><\/h2>\n\n\n\n<p><br \/><\/p>\n","protected":false},"excerpt":{"rendered":"<p>El a\u00f1o 2004 nace la encuesta \u00cdndice de Satisfacci\u00f3n de Apoderados (ISA), la cual se aplica a todos los apoderados del colegio. Esta encuesta entrega anualmente un indicador que posee [&hellip;]<\/p>\n","protected":false},"author":1,"featured_media":0,"parent":0,"menu_order":0,"comment_status":"closed","ping_status":"closed","template":"","meta":{"_et_pb_use_builder":"","_et_pb_old_content":"","_et_gb_content_width":"","footnotes":""},"class_list":["post-393","page","type-page","status-publish","hentry"],"_links":{"self":[{"href":"https:\/\/www.chb.cl\/sitio\/wp-json\/wp\/v2\/pages\/393","targetHints":{"allow":["GET"]}}],"collection":[{"href":"https:\/\/www.chb.cl\/sitio\/wp-json\/wp\/v2\/pages"}],"about":[{"href":"https:\/\/www.chb.cl\/sitio\/wp-json\/wp\/v2\/types\/page"}],"author":[{"embeddable":true,"href":"https:\/\/www.chb.cl\/sitio\/wp-json\/wp\/v2\/users\/1"}],"replies":[{"embeddable":true,"href":"https:\/\/www.chb.cl\/sitio\/wp-json\/wp\/v2\/comments?post=393"}],"version-history":[{"count":0,"href":"https:\/\/www.chb.cl\/sitio\/wp-json\/wp\/v2\/pages\/393\/revisions"}],"wp:attachment":[{"href":"https:\/\/www.chb.cl\/sitio\/wp-json\/wp\/v2\/media?parent=393"}],"curies":[{"name":"wp","href":"https:\/\/api.w.org\/{rel}","templated":true}]}}