{"id":42010,"date":"2025-06-25T10:41:04","date_gmt":"2025-06-25T13:41:04","guid":{"rendered":"https:\/\/www.chb.cl\/sitio\/?page_id=42010"},"modified":"2025-06-25T13:51:39","modified_gmt":"2025-06-25T16:51:39","slug":"directores-del-colegio-hispano-britanico","status":"publish","type":"page","link":"https:\/\/www.chb.cl\/sitio\/directores-del-colegio-hispano-britanico\/","title":{"rendered":"Directores del Colegio Hispano Brit\u00e1nico"},"content":{"rendered":"<p>[et_pb_section fb_built=\u00bb1&#8243; admin_label=\u00bbsection\u00bb _builder_version=\u00bb4.16&#8243; global_colors_info=\u00bb{}\u00bb][et_pb_row admin_label=\u00bbrow\u00bb _builder_version=\u00bb4.16&#8243; background_size=\u00bbinitial\u00bb background_position=\u00bbtop_left\u00bb background_repeat=\u00bbrepeat\u00bb global_colors_info=\u00bb{}\u00bb][et_pb_column type=\u00bb4_4&#8243; _builder_version=\u00bb4.16&#8243; custom_padding=\u00bb|||\u00bb global_colors_info=\u00bb{}\u00bb custom_padding__hover=\u00bb|||\u00bb][et_pb_text _builder_version=\u00bb4.27.4&#8243; _module_preset=\u00bbdefault\u00bb hover_enabled=\u00bb0&#8243; sticky_enabled=\u00bb0&#8243;]<\/p>\n<h1>Directores Colegio Hispano Brit\u00e1nico<\/h1>\n<p>[\/et_pb_text][et_pb_text admin_label=\u00bbText\u00bb _builder_version=\u00bb4.27.4&#8243; background_size=\u00bbinitial\u00bb background_position=\u00bbtop_left\u00bb background_repeat=\u00bbrepeat\u00bb global_colors_info=\u00bb{}\u00bb]<\/p>\n<p style=\"text-align: justify;\">A lo largo de su historia, el Colegio Hispano Brit\u00e1nico ha sido liderado por destacados profesionales de la educaci\u00f3n, cuya visi\u00f3n y compromiso han cimentado las bases de nuestra instituci\u00f3n.<\/p>\n<p style=\"text-align: justify;\">Cada uno de ellos ha aportado su sello \u00fanico, fortaleciendo no solo la excelencia acad\u00e9mica, sino tambi\u00e9n los valores de respeto, sostenibilidad y comunidad que nos definen. Desde los pioneros que dieron vida al proyecto educativo hasta quienes hoy contin\u00faan innovando, su legado perdura en cada logro de nuestros estudiantes y en el esp\u00edritu CHB.<\/p>\n<p style=\"text-align: justify;\">Conoce a los directores que han guiado con pasi\u00f3n y dedicaci\u00f3n esta gran trayectoria, inspirando a generaciones a crecer, aprender y trascender:<\/p>\n<p style=\"text-align: justify;\">\n<ul>\n<li><a href=\"https:\/\/www.chb.cl\/sitio\/matrimonio-morgan-ferger\/\">Matrimonio Morgan Ferger 1980-2012<\/a><\/li>\n<li><a href=\"https:\/\/www.chb.cl\/sitio\/nela-ponce-gallardo\/\">Nela Ponce Gallardo 1982-1990<\/a><\/li>\n<li><a href=\"https:\/\/www.chb.cl\/sitio\/joseph-morgan-ferger\/\">Joseph Morgan Ferger 2000-2019<\/a><\/li>\n<li><a href=\"https:\/\/www.chb.cl\/sitio\/alejandro-flores-henriquez\/\">Alejandro Flores Henr\u00edquez 2019-2025<\/a><\/li>\n<li><a href=\"https:\/\/www.chb.cl\/sitio\/jose-tellez-morales\/\">Jos\u00e9 T\u00e9llez Morales 2025<\/a><\/li>\n<\/ul>\n<p>[\/et_pb_text][\/et_pb_column][\/et_pb_row][\/et_pb_section]<\/p>\n","protected":false},"excerpt":{"rendered":"<p>Directores Colegio Hispano Brit\u00e1nicoA lo largo de su historia, el Colegio Hispano Brit\u00e1nico ha sido liderado por destacados profesionales de la educaci\u00f3n, cuya visi\u00f3n y compromiso han cimentado las bases [&hellip;]<\/p>\n","protected":false},"author":1,"featured_media":0,"parent":0,"menu_order":0,"comment_status":"closed","ping_status":"closed","template":"","meta":{"_et_pb_use_builder":"on","_et_pb_old_content":"<span style=\"font-weight: 400;\">A lo largo de su historia, el Colegio Hispano Brit\u00e1nico ha sido liderado por destacados profesionales de la educaci\u00f3n, cuya visi\u00f3n y compromiso han cimentado las bases de nuestra instituci\u00f3n. Cada uno de ellos ha aportado su sello \u00fanico, fortaleciendo no solo la excelencia acad\u00e9mica, sino tambi\u00e9n los valores de respeto, sostenibilidad y comunidad que nos definen. Desde los pioneros que dieron vida al proyecto educativo hasta quienes hoy contin\u00faan innovando, su legado perdura en cada logro de nuestros estudiantes y en el esp\u00edritu CHB. Conoce a los directores que han guiado con pasi\u00f3n y dedicaci\u00f3n esta gran trayectoria, inspirando a generaciones a crecer, aprender y trascender:<\/span>\r\n<ul>\r\n \t<li style=\"font-weight: 400;\" aria-level=\"1\"><span style=\"font-weight: 400;\">Matrimonio Morgan Ferger 1980-2012<\/span><\/li>\r\n \t<li style=\"font-weight: 400;\" aria-level=\"1\"><span style=\"font-weight: 400;\">Nela Ponce Gallardo 1982-1990<\/span><\/li>\r\n \t<li style=\"font-weight: 400;\" aria-level=\"1\"><span style=\"font-weight: 400;\">Joseph Morgan Ferger 2000-2019<\/span><\/li>\r\n \t<li style=\"font-weight: 400;\" aria-level=\"1\"><span style=\"font-weight: 400;\">Alejandro Flores Henr\u00edquez 2019-2025<\/span><\/li>\r\n \t<li style=\"font-weight: 400;\" aria-level=\"1\"><span style=\"font-weight: 400;\">Jos\u00e9 T\u00e9llez Morales 2025<\/span><\/li>\r\n<\/ul>","_et_gb_content_width":"","footnotes":""},"class_list":["post-42010","page","type-page","status-publish","hentry"],"_links":{"self":[{"href":"https:\/\/www.chb.cl\/sitio\/wp-json\/wp\/v2\/pages\/42010","targetHints":{"allow":["GET"]}}],"collection":[{"href":"https:\/\/www.chb.cl\/sitio\/wp-json\/wp\/v2\/pages"}],"about":[{"href":"https:\/\/www.chb.cl\/sitio\/wp-json\/wp\/v2\/types\/page"}],"author":[{"embeddable":true,"href":"https:\/\/www.chb.cl\/sitio\/wp-json\/wp\/v2\/users\/1"}],"replies":[{"embeddable":true,"href":"https:\/\/www.chb.cl\/sitio\/wp-json\/wp\/v2\/comments?post=42010"}],"version-history":[{"count":0,"href":"https:\/\/www.chb.cl\/sitio\/wp-json\/wp\/v2\/pages\/42010\/revisions"}],"wp:attachment":[{"href":"https:\/\/www.chb.cl\/sitio\/wp-json\/wp\/v2\/media?parent=42010"}],"curies":[{"name":"wp","href":"https:\/\/api.w.org\/{rel}","templated":true}]}}