{"id":42015,"date":"2025-06-25T10:58:03","date_gmt":"2025-06-25T13:58:03","guid":{"rendered":"https:\/\/www.chb.cl\/sitio\/?page_id=42015"},"modified":"2025-06-25T13:36:06","modified_gmt":"2025-06-25T16:36:06","slug":"matrimonio-morgan-ferger","status":"publish","type":"page","link":"https:\/\/www.chb.cl\/sitio\/matrimonio-morgan-ferger\/","title":{"rendered":"Matrimonio Morgan Ferger"},"content":{"rendered":"<p>[et_pb_section fb_built=\u00bb1&#8243; _builder_version=\u00bb4.16&#8243; global_colors_info=\u00bb{}\u00bb][et_pb_row _builder_version=\u00bb4.16&#8243; background_size=\u00bbinitial\u00bb background_position=\u00bbtop_left\u00bb background_repeat=\u00bbrepeat\u00bb global_colors_info=\u00bb{}\u00bb][et_pb_column type=\u00bb4_4&#8243; _builder_version=\u00bb4.16&#8243; custom_padding=\u00bb|||\u00bb global_colors_info=\u00bb{}\u00bb custom_padding__hover=\u00bb|||\u00bb][et_pb_image src=\u00bbhttps:\/\/www.chb.cl\/sitio\/wp-content\/uploads\/2025\/06\/helferguer.jpg\u00bb title_text=\u00bbhelferguer\u00bb align=\u00bbcenter\u00bb _builder_version=\u00bb4.27.4&#8243; _module_preset=\u00bbdefault\u00bb width=\u00bb45%\u00bb max_width=\u00bb100%\u00bb global_colors_info=\u00bb{}\u00bb][\/et_pb_image][et_pb_text _builder_version=\u00bb4.27.4&#8243; _module_preset=\u00bbdefault\u00bb hover_enabled=\u00bb0&#8243; global_colors_info=\u00bb{}\u00bb sticky_enabled=\u00bb0&#8243;]<\/p>\n<p style=\"text-align: center;\"><strong>HELGE FERGER SALDA\u00d1A<\/strong><\/p>\n<p style=\"text-align: center;\"><strong>1980 &#8211; 2012<\/strong><\/p>\n<p>[\/et_pb_text][et_pb_text _builder_version=\u00bb4.27.4&#8243; background_size=\u00bbinitial\u00bb background_position=\u00bbtop_left\u00bb background_repeat=\u00bbrepeat\u00bb global_colors_info=\u00bb{}\u00bb]<\/p>\n<p style=\"text-align: justify;\"><span style=\"font-weight: 400;\">Don Jos\u00e9 y su esposa Sra. Helge, imposible referirse a uno de ellos sin la compa\u00f1\u00eda del otro, quienes compartieron casi 60 a\u00f1os de matrimonio.\u00a0 Don Jos\u00e9 Morgan Guzm\u00e1n, fue un apoyo fundamental en la vida personal y profesional de la Sra. Helge Ferger Salda\u00f1a, ayud\u00e1ndose uno a otro en la materializaci\u00f3n exitosa de una familia y de sus sue\u00f1os en el campo educacional.<\/span><\/p>\n<ul style=\"text-align: justify;\">\n<li style=\"font-weight: 400;\" aria-level=\"1\"><b>Creaci\u00f3n del Jard\u00edn Infantil \u00abCapullito\u00bb (1973):<\/b><span style=\"font-weight: 400;\"> Trabajando en el Hospital Ernesto Torres Galdames de Iquique, do\u00f1a Helge comenz\u00f3 a adquirir valiosa experiencia para su futuro como directivo educacional al responder a la necesidad de crear una Sala Cuna y Jard\u00edn Infantil para los hijos del personal del hospital. Lider\u00f3 el proyecto y fund\u00f3 el Jard\u00edn Infantil \u00abCapullito\u00bb, que sigue funcionando hasta el d\u00eda de hoy.<\/span><\/li>\n<li style=\"font-weight: 400;\" aria-level=\"1\"><b>Jard\u00edn Infantil U de Chile (1975) :<\/b><span style=\"font-weight: 400;\"> Tras ingresar como docente de la carrera de Educaci\u00f3n Parvularia de la Universidad de Chile, Sede Iquique, Do\u00f1a Helge puso en marcha Centro de Pr\u00e1cticas de dicha carrera participando activamente en la fundaci\u00f3n del Jard\u00edn Infantil \u201cU de Chile\u00bb desde su construcci\u00f3n, dirigiendo su autofinanciamiento y gesti\u00f3n educativa.<\/span><\/li>\n<li style=\"font-weight: 400;\" aria-level=\"1\"><b>Fundaci\u00f3n del Colegio Hispano Brit\u00e1nico (CHB) en 1980:<\/b><span style=\"font-weight: 400;\"> Inspirados por estas experiencias previas, el matrimonio Morgan Ferger inici\u00f3 el proyecto del CHB con un peque\u00f1o Jard\u00edn Infantil en la Villa Magisterio, haci\u00e9ndose cargo de la Direcci\u00f3n Acad\u00e9mica, con gran dedicaci\u00f3n y entrega, la Educadora Sra. Miriam Lafertte Videla qui\u00e9n se mantuvo como Directora del Jard\u00edn Infantil por 44 a\u00f1os (1980-2023).<\/span><\/li>\n<\/ul>\n<p style=\"text-align: justify;\"><span style=\"font-weight: 400;\">Este fue el primer paso para lo que luego se convertir\u00eda en el actual prestigioso establecimiento educacional CHB.\u00a0<\/span><\/p>\n<ul style=\"text-align: justify;\">\n<li style=\"font-weight: 400;\" aria-level=\"1\"><b>Expansi\u00f3n del CHB<\/b><span style=\"font-weight: 400;\">: Bajo la tutela del matrimonio, el CHB creci\u00f3 desde la Educaci\u00f3n Preescolar a la B\u00e1sica hasta completar\u00a0 la Educaci\u00f3n Media, traslad\u00e1ndose a diferentes locaciones: (1980\/1981) ex calle \u201cLos Molles\u201d actual Santiago Polanco, (1981\/ 1983) calle Riquelme, (1983\/1997) calle Baquedano y finalmente a su actual ubicaci\u00f3n en la calle Salvador Allende desde el a\u00f1o 1998 a la fecha.<\/span><\/li>\n<\/ul>\n<p style=\"text-align: justify;\"><span style=\"font-weight: 400;\">El Colegio comenz\u00f3 sus actividades en nuestra ciudad inicialmente s\u00f3lo con Educaci\u00f3n Preescolar en el mes de marzo de 1980.<\/span><\/p>\n<p style=\"text-align: justify;\"><span style=\"font-weight: 400;\">En el a\u00f1o 1982 se abri\u00f3 a la Educaci\u00f3n B\u00e1sica creciendo a\u00f1o a a\u00f1o hasta completar en 8 a\u00f1os, la Educaci\u00f3n B\u00e1sica,\u00a0 posteriormente,<\/span> <span style=\"font-weight: 400;\">el a\u00f1o 1998, ampli\u00f3 su campo educacional hacia la\u00a0 a la Educaci\u00f3n Media lanzando su primera y exitosa promoci\u00f3n de egresados de 4\u00b0 Medio\u00a0 en las puertas de este nuevo siglo,\u00a0 el a\u00f1o 2000, con exalumnos que regresaron al Colegio ingresando el a\u00f1o 1998 a II\u00b0 Medio.\u00a0<\/span><\/p>\n<ul>\n<li style=\"font-weight: 400; text-align: justify;\" aria-level=\"1\"><b>Excelencia Acad\u00e9mica y Reconocimiento Regional:<\/b><span style=\"font-weight: 400;\"> Durante todos esos a\u00f1os y a\u00fan en la actualidad el Colegio HB, ha logrado siempre mantener sus resultados acad\u00e9micos entre los m\u00e1s altos de la regi\u00f3n, preparando de este modo a sus estudiantes para ingresar a las carreras profesionales de su elecci\u00f3n.<\/span><\/li>\n<li style=\"font-weight: 400; text-align: justify;\" aria-level=\"1\"><b>Legado y Reconocimiento de la Comunidad:<\/b><span style=\"font-weight: 400;\"> El trabajo y la dedicaci\u00f3n del matrimonio Morgan Ferger, dej\u00f3 una huella profunda en la comunidad educativa. Ex alumnos y apoderados recuerdan con cari\u00f1o y gratitud\u00a0 su paso por el CHB.<\/span><\/li>\n<li style=\"font-weight: 400; text-align: justify;\" aria-level=\"1\"><b>Fortalecimiento de Valores y Sellos Institucionales:<\/b><span style=\"font-weight: 400;\"> Promovieron los valores del Colegio a trav\u00e9s del ejemplo personal, consolidando una cultura institucional basada en la excelencia, el respeto y la colaboraci\u00f3n.<\/span><\/li>\n<li style=\"font-weight: 400; text-align: justify;\" aria-level=\"1\"><b>Relaci\u00f3n Cercana con la Comunidad Educativa:<\/b><span style=\"font-weight: 400;\"> El matrimonio Morgan Ferger utiliz\u00f3 una pol\u00edtica de puertas abiertas, Do\u00f1a Helge particip\u00f3 activamente en los recreos para conectarse con estudiantes, docentes y apoderados, fomentando un ambiente cercano y familiar, Don Jos\u00e9 desde el ejercicio de su cargo de Director Administrativo y Financiero, forj\u00f3 en forma permanente un v\u00ednculo muy estrecho con todo el personal quienes lo recuerdan m\u00e1s que como jefe como un amigo y un padre, por su abierta acogida y gran humanidad.<\/span><\/li>\n<li style=\"font-weight: 400; text-align: justify;\" aria-level=\"1\"><b>Legado perdurable: <\/b><span style=\"font-weight: 400;\">Tras una vida dedicada a la educaci\u00f3n, ambos dejaron un legado imborrable en el CHB y en la comunidad de Iquique, siendo recordados\u00a0 como unas figuras inspiradoras y comprometidas con el bienestar de su personal, su familia y con la formaci\u00f3n integral de sus estudiantes.<\/span><\/li>\n<\/ul>\n<p>[\/et_pb_text][\/et_pb_column][\/et_pb_row][\/et_pb_section]<\/p>\n","protected":false},"excerpt":{"rendered":"<p>HELGE FERGER SALDA\u00d1A 1980 &#8211; 2012Don Jos\u00e9 y su esposa Sra. Helge, imposible referirse a uno de ellos sin la compa\u00f1\u00eda del otro, quienes compartieron casi 60 a\u00f1os de matrimonio.\u00a0 [&hellip;]<\/p>\n","protected":false},"author":1,"featured_media":0,"parent":0,"menu_order":0,"comment_status":"closed","ping_status":"closed","template":"","meta":{"_et_pb_use_builder":"on","_et_pb_old_content":"<p><span style=\"font-weight: 400;\">Don Jos\u00e9 y su esposa Sra. Helge, imposible referirse a uno de ellos sin la compa\u00f1\u00eda del otro, quienes compartieron casi 60 a\u00f1os de matrimonio.\u00a0 Don Jos\u00e9 Morgan Guzm\u00e1n, fue un apoyo fundamental en la vida personal y profesional de la Sra. Helge Ferger Salda\u00f1a, ayud\u00e1ndose uno a otro en la materializaci\u00f3n exitosa de una familia y de sus sue\u00f1os en el campo educacional.<\/span><\/p><ul><li style=\"font-weight: 400;\" aria-level=\"1\"><b>Creaci\u00f3n del Jard\u00edn Infantil \"Capullito\" (1973):<\/b><span style=\"font-weight: 400;\"> Trabajando en el Hospital Ernesto Torres Galdames de Iquique, do\u00f1a Helge comenz\u00f3 a adquirir valiosa experiencia para su futuro como directivo educacional al responder a la necesidad de crear una Sala Cuna y Jard\u00edn Infantil para los hijos del personal del hospital. Lider\u00f3 el proyecto y fund\u00f3 el Jard\u00edn Infantil \"Capullito\", que sigue funcionando hasta el d\u00eda de hoy.<\/span><\/li><li style=\"font-weight: 400;\" aria-level=\"1\"><b>Jard\u00edn Infantil U de Chile (1975) :<\/b><span style=\"font-weight: 400;\"> Tras ingresar como docente de la carrera de Educaci\u00f3n Parvularia de la Universidad de Chile, Sede Iquique, Do\u00f1a Helge puso en marcha Centro de Pr\u00e1cticas de dicha carrera participando activamente en la fundaci\u00f3n del Jard\u00edn Infantil \u201cU de Chile\" desde su construcci\u00f3n, dirigiendo su autofinanciamiento y gesti\u00f3n educativa.<\/span><\/li><li style=\"font-weight: 400;\" aria-level=\"1\"><b>Fundaci\u00f3n del Colegio Hispano Brit\u00e1nico (CHB) en 1980:<\/b><span style=\"font-weight: 400;\"> Inspirados por estas experiencias previas, el matrimonio Morgan Ferger inici\u00f3 el proyecto del CHB con un peque\u00f1o Jard\u00edn Infantil en la Villa Magisterio, haci\u00e9ndose cargo de la Direcci\u00f3n Acad\u00e9mica, con gran dedicaci\u00f3n y entrega, la Educadora Sra. Miriam Lafertte Videla qui\u00e9n se mantuvo como Directora del Jard\u00edn Infantil por 44 a\u00f1os (1980-2023).<\/span><\/li><\/ul><p><span style=\"font-weight: 400;\">Este fue el primer paso para lo que luego se convertir\u00eda en el actual prestigioso establecimiento educacional CHB.\u00a0<\/span><\/p><ul><li style=\"font-weight: 400;\" aria-level=\"1\"><b>Expansi\u00f3n del CHB<\/b><span style=\"font-weight: 400;\">: Bajo la tutela del matrimonio, el CHB creci\u00f3 desde la Educaci\u00f3n Preescolar a la B\u00e1sica hasta completar\u00a0 la Educaci\u00f3n Media, traslad\u00e1ndose a diferentes locaciones: (1980\/1981) ex calle \u201cLos Molles\u201d actual Santiago Polanco, (1981\/ 1983) calle Riquelme, (1983\/1997) calle Baquedano y finalmente a su actual ubicaci\u00f3n en la calle Salvador Allende desde el a\u00f1o 1998 a la fecha.<\/span><\/li><\/ul><p><span style=\"font-weight: 400;\">El Colegio comenz\u00f3 sus actividades en nuestra ciudad inicialmente s\u00f3lo con Educaci\u00f3n Preescolar en el mes de marzo de 1980.<\/span><\/p><p><span style=\"font-weight: 400;\">En el a\u00f1o 1982 se abri\u00f3 a la Educaci\u00f3n B\u00e1sica creciendo a\u00f1o a a\u00f1o hasta completar en 8 a\u00f1os, la Educaci\u00f3n B\u00e1sica,\u00a0 posteriormente,<\/span> <span style=\"font-weight: 400;\">el a\u00f1o 1998, ampli\u00f3 su campo educacional hacia la\u00a0 a la Educaci\u00f3n Media lanzando su primera y exitosa promoci\u00f3n de egresados de 4\u00b0 Medio\u00a0 en las puertas de este nuevo siglo,\u00a0 el a\u00f1o 2000, con exalumnos que regresaron al Colegio ingresando el a\u00f1o 1998 a II\u00b0 Medio.\u00a0<\/span><\/p><ul><li style=\"font-weight: 400;\" aria-level=\"1\"><b>Excelencia Acad\u00e9mica y Reconocimiento Regional:<\/b><span style=\"font-weight: 400;\"> Durante todos esos a\u00f1os y a\u00fan en la actualidad el Colegio HB, ha logrado siempre mantener sus resultados acad\u00e9micos entre los m\u00e1s altos de la regi\u00f3n, preparando de este modo a sus estudiantes para ingresar a las carreras profesionales de su elecci\u00f3n.<\/span><\/li><li style=\"font-weight: 400;\" aria-level=\"1\"><b>Legado y Reconocimiento de la Comunidad:<\/b><span style=\"font-weight: 400;\"> El trabajo y la dedicaci\u00f3n del matrimonio Morgan Ferger, dej\u00f3 una huella profunda en la comunidad educativa. Ex alumnos y apoderados recuerdan con cari\u00f1o y gratitud\u00a0 su paso por el CHB.<\/span><\/li><li style=\"font-weight: 400;\" aria-level=\"1\"><b>Fortalecimiento de Valores y Sellos Institucionales:<\/b><span style=\"font-weight: 400;\"> Promovieron los valores del Colegio a trav\u00e9s del ejemplo personal, consolidando una cultura institucional basada en la excelencia, el respeto y la colaboraci\u00f3n.<\/span><\/li><li style=\"font-weight: 400;\" aria-level=\"1\"><b>Relaci\u00f3n Cercana con la Comunidad Educativa:<\/b><span style=\"font-weight: 400;\"> El matrimonio Morgan Ferger utiliz\u00f3 una pol\u00edtica de puertas abiertas, Do\u00f1a Helge particip\u00f3 activamente en los recreos para conectarse con estudiantes, docentes y apoderados, fomentando un ambiente cercano y familiar, Don Jos\u00e9 desde el ejercicio de su cargo de Director Administrativo y Financiero, forj\u00f3 en forma permanente un v\u00ednculo muy estrecho con todo el personal quienes lo recuerdan m\u00e1s que como jefe como un amigo y un padre, por su abierta acogida y gran humanidad.<\/span><\/li><li style=\"font-weight: 400;\" aria-level=\"1\"><b>Legado perdurable: <\/b><span style=\"font-weight: 400;\">Tras una vida dedicada a la educaci\u00f3n, ambos dejaron un legado imborrable en el CHB y en la comunidad de Iquique, siendo recordados\u00a0 como unas figuras inspiradoras y comprometidas con el bienestar de su personal, su familia y con la formaci\u00f3n integral de sus estudiantes.<\/span><\/li><\/ul>","_et_gb_content_width":"","footnotes":""},"class_list":["post-42015","page","type-page","status-publish","hentry"],"_links":{"self":[{"href":"https:\/\/www.chb.cl\/sitio\/wp-json\/wp\/v2\/pages\/42015","targetHints":{"allow":["GET"]}}],"collection":[{"href":"https:\/\/www.chb.cl\/sitio\/wp-json\/wp\/v2\/pages"}],"about":[{"href":"https:\/\/www.chb.cl\/sitio\/wp-json\/wp\/v2\/types\/page"}],"author":[{"embeddable":true,"href":"https:\/\/www.chb.cl\/sitio\/wp-json\/wp\/v2\/users\/1"}],"replies":[{"embeddable":true,"href":"https:\/\/www.chb.cl\/sitio\/wp-json\/wp\/v2\/comments?post=42015"}],"version-history":[{"count":0,"href":"https:\/\/www.chb.cl\/sitio\/wp-json\/wp\/v2\/pages\/42015\/revisions"}],"wp:attachment":[{"href":"https:\/\/www.chb.cl\/sitio\/wp-json\/wp\/v2\/media?parent=42015"}],"curies":[{"name":"wp","href":"https:\/\/api.w.org\/{rel}","templated":true}]}}