{"id":42023,"date":"2025-06-25T11:01:52","date_gmt":"2025-06-25T14:01:52","guid":{"rendered":"https:\/\/www.chb.cl\/sitio\/?page_id=42023"},"modified":"2025-06-25T13:34:41","modified_gmt":"2025-06-25T16:34:41","slug":"nela-ponce-gallardo","status":"publish","type":"page","link":"https:\/\/www.chb.cl\/sitio\/nela-ponce-gallardo\/","title":{"rendered":"Nela Ponce Gallardo"},"content":{"rendered":"<p>[et_pb_section fb_built=\u00bb1&#8243; _builder_version=\u00bb4.16&#8243; global_colors_info=\u00bb{}\u00bb][et_pb_row _builder_version=\u00bb4.16&#8243; background_size=\u00bbinitial\u00bb background_position=\u00bbtop_left\u00bb background_repeat=\u00bbrepeat\u00bb global_colors_info=\u00bb{}\u00bb][et_pb_column type=\u00bb4_4&#8243; _builder_version=\u00bb4.16&#8243; custom_padding=\u00bb|||\u00bb global_colors_info=\u00bb{}\u00bb custom_padding__hover=\u00bb|||\u00bb][et_pb_image src=\u00bbhttps:\/\/www.chb.cl\/sitio\/wp-content\/uploads\/2025\/06\/NelaPonce.jpg\u00bb title_text=\u00bbNelaPonce\u00bb align=\u00bbcenter\u00bb _builder_version=\u00bb4.27.4&#8243; _module_preset=\u00bbdefault\u00bb width=\u00bb45%\u00bb global_colors_info=\u00bb{}\u00bb][\/et_pb_image][et_pb_text _builder_version=\u00bb4.27.4&#8243; _module_preset=\u00bbdefault\u00bb hover_enabled=\u00bb0&#8243; global_colors_info=\u00bb{}\u00bb sticky_enabled=\u00bb0&#8243;]<\/p>\n<p style=\"text-align: center;\"><strong>NELA PONCE GALLARDO<\/strong><\/p>\n<p style=\"text-align: center;\"><strong>1982-1990<\/strong><\/p>\n<p>[\/et_pb_text][et_pb_text _builder_version=\u00bb4.27.4&#8243; background_size=\u00bbinitial\u00bb background_position=\u00bbtop_left\u00bb background_repeat=\u00bbrepeat\u00bb global_colors_info=\u00bb{}\u00bb]<\/p>\n<p style=\"text-align: justify;\"><span style=\"font-weight: 400;\">A mediados del a\u00f1o 1981, los Sostenedores del Colegio invitaron a la se\u00f1ora Nela Ponce Gallardo\u00a0 a apoyar los inicios del Jard\u00edn hacia la Educaci\u00f3n B\u00e1sica, con el cargo de Directora.<\/span><\/p>\n<p style=\"text-align: justify;\"><span style=\"font-weight: 400;\"><\/span><\/p>\n<ul>\n<li style=\"font-weight: 400; text-align: justify;\" aria-level=\"1\"><b>Inicios:<\/b><span style=\"font-weight: 400;\"> En marzo de 1983 con el reconocimiento del Ministerio de Educaci\u00f3n\u00a0 se abre el primer curso de 1\u00b0 B\u00e1sico, bajo el liderazgo curricular y pedag\u00f3gico de la Sra. Nela Ponce, m\u00e1s conocida como Sra. Tala.\u00a0<\/span><\/li>\n<li style=\"font-weight: 400; text-align: justify;\" aria-level=\"1\"><b>Avances de Hispano Brit\u00e1nico:<\/b><span style=\"font-weight: 400;\"> Con un hermoso grupo de padres y sus hijos que egresaban del Nivel K\u00ednder, bajo la Direcci\u00f3n de la Sra. Tala, se fue avanzando a\u00f1o a a\u00f1o hacia un curso superior hasta llegar a 8\u00b0 B\u00e1sico el a\u00f1o 1989.<\/span><\/li>\n<li style=\"font-weight: 400; text-align: justify;\" aria-level=\"1\"><b>Desaf\u00edos de una instituci\u00f3n naciente:<\/b><span style=\"font-weight: 400;\"> La Sra. Tala,<\/span> <span style=\"font-weight: 400;\">desde su<\/span> <span style=\"font-weight: 400;\">primera planificaci\u00f3n percibi\u00f3 al Colegio como un desafiante proyecto en desarrollo y dise\u00f1\u00f3 estrategias para fortalecer esta naciente comunidad educativa, fomentando siempre la colaboraci\u00f3n entre estudiantes, padres, madres, apoderados y docentes.<\/span><\/li>\n<li style=\"font-weight: 400; text-align: justify;\" aria-level=\"1\"><b>Enfoque:<\/b><span style=\"font-weight: 400;\"> Construy\u00f3 un equipo directivo y docente alineado con los valores y objetivos del Colegio, estableciendo relaciones s\u00f3lidas entre los actores educativos, basadas en confianza y compromiso mutuo.\u00a0<\/span><\/li>\n<li style=\"font-weight: 400; text-align: justify;\" aria-level=\"1\"><b>Legado:<\/b><span style=\"font-weight: 400;\"> Implement\u00f3 procesos de mejora continua, promoviendo valores como compa\u00f1erismo, empat\u00eda, respeto, responsabilidad. Su trabajo estableci\u00f3 bases s\u00f3lidas para el crecimiento personal y acad\u00e9mico de los estudiantes.<\/span><\/li>\n<\/ul>\n<p>[\/et_pb_text][\/et_pb_column][\/et_pb_row][\/et_pb_section]<\/p>\n","protected":false},"excerpt":{"rendered":"<p>NELA PONCE GALLARDO 1982-1990A mediados del a\u00f1o 1981, los Sostenedores del Colegio invitaron a la se\u00f1ora Nela Ponce Gallardo\u00a0 a apoyar los inicios del Jard\u00edn hacia la Educaci\u00f3n B\u00e1sica, con [&hellip;]<\/p>\n","protected":false},"author":1,"featured_media":0,"parent":0,"menu_order":0,"comment_status":"closed","ping_status":"closed","template":"","meta":{"_et_pb_use_builder":"on","_et_pb_old_content":"<p><span style=\"font-weight: 400;\">A mediados del a\u00f1o 1981, los Sostenedores del Colegio invitaron a la se\u00f1ora Nela Ponce Gallardo\u00a0 a apoyar los inicios del Jard\u00edn hacia la Educaci\u00f3n B\u00e1sica, con el cargo de Directora.<\/span><\/p><ul><li style=\"font-weight: 400;\" aria-level=\"1\"><b>Inicios:<\/b><span style=\"font-weight: 400;\"> En marzo de 1983 con el reconocimiento del Ministerio de Educaci\u00f3n\u00a0 se abre el primer curso de 1\u00b0 B\u00e1sico, bajo el liderazgo curricular y pedag\u00f3gico de la Sra. Nela Ponce, m\u00e1s conocida como Sra. Tala.\u00a0<\/span><\/li><li style=\"font-weight: 400;\" aria-level=\"1\"><b>Avances de Hispano Brit\u00e1nico:<\/b><span style=\"font-weight: 400;\"> Con un hermoso grupo de padres y sus hijos que egresaban del Nivel K\u00ednder, bajo la Direcci\u00f3n de la Sra. Tala, se fue avanzando a\u00f1o a a\u00f1o hacia un curso superior hasta llegar a 8\u00b0 B\u00e1sico el a\u00f1o 1989.<\/span><\/li><li style=\"font-weight: 400;\" aria-level=\"1\"><b>Desaf\u00edos de una instituci\u00f3n naciente:<\/b><span style=\"font-weight: 400;\"> La Sra. Tala,<\/span> <span style=\"font-weight: 400;\">desde su<\/span> <span style=\"font-weight: 400;\">primera planificaci\u00f3n percibi\u00f3 al Colegio como un desafiante proyecto en desarrollo y dise\u00f1\u00f3 estrategias para fortalecer esta naciente comunidad educativa, fomentando siempre la colaboraci\u00f3n entre estudiantes, padres, madres, apoderados y docentes.<\/span><\/li><li style=\"font-weight: 400;\" aria-level=\"1\"><b>Enfoque:<\/b><span style=\"font-weight: 400;\"> Construy\u00f3 un equipo directivo y docente alineado con los valores y objetivos del Colegio, estableciendo relaciones s\u00f3lidas entre los actores educativos, basadas en confianza y compromiso mutuo.\u00a0<\/span><\/li><li style=\"font-weight: 400;\" aria-level=\"1\"><b>Legado:<\/b><span style=\"font-weight: 400;\"> Implement\u00f3 procesos de mejora continua, promoviendo valores como compa\u00f1erismo, empat\u00eda, respeto, responsabilidad. Su trabajo estableci\u00f3 bases s\u00f3lidas para el crecimiento personal y acad\u00e9mico de los estudiantes.<\/span><\/li><\/ul>","_et_gb_content_width":"","footnotes":""},"class_list":["post-42023","page","type-page","status-publish","hentry"],"_links":{"self":[{"href":"https:\/\/www.chb.cl\/sitio\/wp-json\/wp\/v2\/pages\/42023","targetHints":{"allow":["GET"]}}],"collection":[{"href":"https:\/\/www.chb.cl\/sitio\/wp-json\/wp\/v2\/pages"}],"about":[{"href":"https:\/\/www.chb.cl\/sitio\/wp-json\/wp\/v2\/types\/page"}],"author":[{"embeddable":true,"href":"https:\/\/www.chb.cl\/sitio\/wp-json\/wp\/v2\/users\/1"}],"replies":[{"embeddable":true,"href":"https:\/\/www.chb.cl\/sitio\/wp-json\/wp\/v2\/comments?post=42023"}],"version-history":[{"count":0,"href":"https:\/\/www.chb.cl\/sitio\/wp-json\/wp\/v2\/pages\/42023\/revisions"}],"wp:attachment":[{"href":"https:\/\/www.chb.cl\/sitio\/wp-json\/wp\/v2\/media?parent=42023"}],"curies":[{"name":"wp","href":"https:\/\/api.w.org\/{rel}","templated":true}]}}