{"id":42043,"date":"2025-06-25T11:10:14","date_gmt":"2025-06-25T14:10:14","guid":{"rendered":"https:\/\/www.chb.cl\/sitio\/?page_id=42043"},"modified":"2025-06-25T13:39:05","modified_gmt":"2025-06-25T16:39:05","slug":"jose-tellez-morales","status":"publish","type":"page","link":"https:\/\/www.chb.cl\/sitio\/jose-tellez-morales\/","title":{"rendered":"Jos\u00e9 T\u00e9llez Morales"},"content":{"rendered":"<p>[et_pb_section fb_built=\u00bb1&#8243; _builder_version=\u00bb4.16&#8243; global_colors_info=\u00bb{}\u00bb][et_pb_row _builder_version=\u00bb4.16&#8243; background_size=\u00bbinitial\u00bb background_position=\u00bbtop_left\u00bb background_repeat=\u00bbrepeat\u00bb global_colors_info=\u00bb{}\u00bb][et_pb_column type=\u00bb4_4&#8243; _builder_version=\u00bb4.16&#8243; custom_padding=\u00bb|||\u00bb global_colors_info=\u00bb{}\u00bb custom_padding__hover=\u00bb|||\u00bb][et_pb_image src=\u00bbhttps:\/\/www.chb.cl\/sitio\/wp-content\/uploads\/2025\/06\/JoseTellez.jpg\u00bb title_text=\u00bbJoseTellez\u00bb align=\u00bbcenter\u00bb _builder_version=\u00bb4.27.4&#8243; _module_preset=\u00bbdefault\u00bb width=\u00bb45%\u00bb global_colors_info=\u00bb{}\u00bb][\/et_pb_image][et_pb_text _builder_version=\u00bb4.27.4&#8243; _module_preset=\u00bbdefault\u00bb hover_enabled=\u00bb0&#8243; global_colors_info=\u00bb{}\u00bb sticky_enabled=\u00bb0&#8243;]<\/p>\n<p style=\"text-align: center;\"><strong>JOS\u00c9 TELLEZ MORALES<\/strong><\/p>\n<p style=\"text-align: center;\"><strong>2025<\/strong><\/p>\n<p>[\/et_pb_text][et_pb_text _builder_version=\u00bb4.27.4&#8243; background_size=\u00bbinitial\u00bb background_position=\u00bbtop_left\u00bb background_repeat=\u00bbrepeat\u00bb global_colors_info=\u00bb{}\u00bb]<\/p>\n<p><span style=\"font-weight: 400;\">Impulsado por su compromiso con la educaci\u00f3n y su experiencia previa en la UTP, busca promover la excelencia acad\u00e9mica y la formaci\u00f3n integral de los estudiantes.<\/span><\/p>\n<p><span style=\"font-weight: 400;\"><\/span><\/p>\n<ul>\n<li style=\"font-weight: 400;\" aria-level=\"1\"><b>Primeras impresiones del Colegio:<\/b><span style=\"font-weight: 400;\"> Destac\u00f3 la identidad institucional y la combinaci\u00f3n de tradici\u00f3n e innovaci\u00f3n, identificando \u00e1reas de mejora como la certificaci\u00f3n en ingl\u00e9s y la integraci\u00f3n de tecnolog\u00eda.<\/span><\/li>\n<li style=\"font-weight: 400;\" aria-level=\"1\"><b>Logros como Jefe de la UTP:<\/b><span style=\"font-weight: 400;\"> Actualiz\u00f3 planes de estudio, mejor\u00f3 la certificaci\u00f3n en ingl\u00e9s, foment\u00f3 el trabajo en equipo docente e implement\u00f3 estrategias de inclusi\u00f3n educativa.<\/span><\/li>\n<li style=\"font-weight: 400;\" aria-level=\"1\"><b>Liderazgo y promoci\u00f3n de valores: <\/b><span style=\"font-weight: 400;\">Promovi\u00f3 una cultura de colaboraci\u00f3n, fortaleci\u00f3 valores institucionales como el respeto y la responsabilidad, e impuls\u00f3 la formaci\u00f3n integral de los estudiantes.<\/span><\/li>\n<li style=\"font-weight: 400;\" aria-level=\"1\"><b>Implementaci\u00f3n de mejoras:<\/b><span style=\"font-weight: 400;\"> Prioriz\u00f3 la comunicaci\u00f3n efectiva, actualiz\u00f3 metodolog\u00edas de ense\u00f1anza, incorpor\u00f3 tecnolog\u00eda y capacit\u00f3 a los docentes para crear espacios innovadores como el aula STEM.<\/span><\/li>\n<li style=\"font-weight: 400;\" aria-level=\"1\"><b>Momentos memorables:<\/b><span style=\"font-weight: 400;\"> Recibi\u00f3 el agradecimiento de estudiantes por los cambios implementados desde la UTP, lo que reforz\u00f3 su convicci\u00f3n en la importancia de escuchar y valorar a la comunidad.<\/span><\/li>\n<li style=\"font-weight: 400;\" aria-level=\"1\"><b>Legado: <\/b><span style=\"font-weight: 400;\">Considera un honor contribuir al crecimiento del Colegio, para dejar un legado de innovaci\u00f3n, unidad y compromiso con la excelencia educativa.<\/span><\/li>\n<\/ul>\n<p>[\/et_pb_text][\/et_pb_column][\/et_pb_row][\/et_pb_section]<\/p>\n","protected":false},"excerpt":{"rendered":"<p>JOS\u00c9 TELLEZ MORALES 2025Impulsado por su compromiso con la educaci\u00f3n y su experiencia previa en la UTP, busca promover la excelencia acad\u00e9mica y la formaci\u00f3n integral de los estudiantes. Primeras [&hellip;]<\/p>\n","protected":false},"author":1,"featured_media":0,"parent":0,"menu_order":0,"comment_status":"closed","ping_status":"closed","template":"","meta":{"_et_pb_use_builder":"on","_et_pb_old_content":"<p><span style=\"font-weight: 400;\">Impulsado por su compromiso con la educaci\u00f3n y su experiencia previa en la UTP, busca promover la excelencia acad\u00e9mica y la formaci\u00f3n integral de los estudiantes.<\/span><\/p><ul><li style=\"font-weight: 400;\" aria-level=\"1\"><b>Primeras impresiones del Colegio:<\/b><span style=\"font-weight: 400;\"> Destac\u00f3 la identidad institucional y la combinaci\u00f3n de tradici\u00f3n e innovaci\u00f3n, identificando \u00e1reas de mejora como la certificaci\u00f3n en ingl\u00e9s y la integraci\u00f3n de tecnolog\u00eda.<\/span><\/li><li style=\"font-weight: 400;\" aria-level=\"1\"><b>Logros como Jefe de la UTP:<\/b><span style=\"font-weight: 400;\"> Actualiz\u00f3 planes de estudio, mejor\u00f3 la certificaci\u00f3n en ingl\u00e9s, foment\u00f3 el trabajo en equipo docente e implement\u00f3 estrategias de inclusi\u00f3n educativa.<\/span><\/li><li style=\"font-weight: 400;\" aria-level=\"1\"><b>Liderazgo y promoci\u00f3n de valores: <\/b><span style=\"font-weight: 400;\">Promovi\u00f3 una cultura de colaboraci\u00f3n, fortaleci\u00f3 valores institucionales como el respeto y la responsabilidad, e impuls\u00f3 la formaci\u00f3n integral de los estudiantes.<\/span><\/li><li style=\"font-weight: 400;\" aria-level=\"1\"><b>Implementaci\u00f3n de mejoras:<\/b><span style=\"font-weight: 400;\"> Prioriz\u00f3 la comunicaci\u00f3n efectiva, actualiz\u00f3 metodolog\u00edas de ense\u00f1anza, incorpor\u00f3 tecnolog\u00eda y capacit\u00f3 a los docentes para crear espacios innovadores como el aula STEM.<\/span><\/li><li style=\"font-weight: 400;\" aria-level=\"1\"><b>Momentos memorables:<\/b><span style=\"font-weight: 400;\"> Recibi\u00f3 el agradecimiento de estudiantes por los cambios implementados desde la UTP, lo que reforz\u00f3 su convicci\u00f3n en la importancia de escuchar y valorar a la comunidad.<\/span><\/li><li style=\"font-weight: 400;\" aria-level=\"1\"><b>Legado: <\/b><span style=\"font-weight: 400;\">Considera un honor contribuir al crecimiento del Colegio, para dejar un legado de innovaci\u00f3n, unidad y compromiso con la excelencia educativa.<\/span><\/li><\/ul>","_et_gb_content_width":"","footnotes":""},"class_list":["post-42043","page","type-page","status-publish","hentry"],"_links":{"self":[{"href":"https:\/\/www.chb.cl\/sitio\/wp-json\/wp\/v2\/pages\/42043","targetHints":{"allow":["GET"]}}],"collection":[{"href":"https:\/\/www.chb.cl\/sitio\/wp-json\/wp\/v2\/pages"}],"about":[{"href":"https:\/\/www.chb.cl\/sitio\/wp-json\/wp\/v2\/types\/page"}],"author":[{"embeddable":true,"href":"https:\/\/www.chb.cl\/sitio\/wp-json\/wp\/v2\/users\/1"}],"replies":[{"embeddable":true,"href":"https:\/\/www.chb.cl\/sitio\/wp-json\/wp\/v2\/comments?post=42043"}],"version-history":[{"count":0,"href":"https:\/\/www.chb.cl\/sitio\/wp-json\/wp\/v2\/pages\/42043\/revisions"}],"wp:attachment":[{"href":"https:\/\/www.chb.cl\/sitio\/wp-json\/wp\/v2\/media?parent=42043"}],"curies":[{"name":"wp","href":"https:\/\/api.w.org\/{rel}","templated":true}]}}