{"id":45332,"date":"2026-04-14T12:38:55","date_gmt":"2026-04-14T15:38:55","guid":{"rendered":"https:\/\/www.chb.cl\/sitio\/?page_id=45332"},"modified":"2026-04-15T10:35:51","modified_gmt":"2026-04-15T13:35:51","slug":"admision-2026-2","status":"publish","type":"page","link":"https:\/\/www.chb.cl\/sitio\/admision-2026-2\/","title":{"rendered":"Admisi\u00f3n 2026"},"content":{"rendered":"<p>[et_pb_section fb_built=\u00bb1&#8243; _builder_version=\u00bb4.26.0&#8243; _module_preset=\u00bbdefault\u00bb global_colors_info=\u00bb{}\u00bb][et_pb_row _builder_version=\u00bb4.27.4&#8243; _module_preset=\u00bbdefault\u00bb global_colors_info=\u00bb{}\u00bb][et_pb_column type=\u00bb4_4&#8243; _builder_version=\u00bb4.27.4&#8243; _module_preset=\u00bbdefault\u00bb global_colors_info=\u00bb{}\u00bb][et_pb_image src=\u00bbhttps:\/\/www.chb.cl\/sitio\/wp-content\/uploads\/2025\/06\/admision2026.jpg\u00bb title_text=\u00bbadmision2026&#8243; align=\u00bbcenter\u00bb _builder_version=\u00bb4.27.4&#8243; _module_preset=\u00bbdefault\u00bb animation_style=\u00bbslide\u00bb animation_direction=\u00bbright\u00bb global_colors_info=\u00bb{}\u00bb][\/et_pb_image][\/et_pb_column][\/et_pb_row][et_pb_row _builder_version=\u00bb4.27.4&#8243; _module_preset=\u00bbdefault\u00bb animation_style=\u00bbslide\u00bb animation_direction=\u00bbleft\u00bb global_colors_info=\u00bb{}\u00bb][et_pb_column type=\u00bb4_4&#8243; _builder_version=\u00bb4.26.0&#8243; _module_preset=\u00bbdefault\u00bb global_colors_info=\u00bb{}\u00bb][et_pb_text _builder_version=\u00bb4.27.4&#8243; _module_preset=\u00bbdefault\u00bb text_text_color=\u00bb#000000&#8243; text_font_size=\u00bb18px\u00bb global_colors_info=\u00bb{}\u00bb]<\/p>\n<p style=\"text-align: justify;\">Bienvenidos al proceso de postulaci\u00f3n al Colegio Hispano Brit\u00e1nico, valoramos su consideraci\u00f3n para ser parte del proceso educativo y desarrollo de competencias de su hijo\/a, en un entorno de buena convivencia escolar y excelencia acad\u00e9mica.<\/p>\n<p style=\"text-align: justify;\">Antes de comenzar el proceso, le recomendamos leer la informaci\u00f3n indicada en cada uno de los links que encontrar\u00e1 a continuaci\u00f3n:<\/p>\n<p>[\/et_pb_text][et_pb_text _builder_version=\u00bb4.27.4&#8243; _module_preset=\u00bbdefault\u00bb text_text_color=\u00bb#000000&#8243; global_colors_info=\u00bb{}\u00bb]<\/p>\n<ul>\n<li>\n<h4 style=\"text-align: left;\"><span style=\"text-decoration: underline;\"><span style=\"color: #000000; text-decoration: underline;\">Al momento de venir a matr\u00edcular, traer los documentos solicitados en el instructivo impresos<\/span><\/span><\/h4>\n<\/li>\n<li>\n<h4 style=\"text-align: left;\"><span style=\"text-decoration: underline;\"><span style=\"color: #000000; text-decoration: underline;\"><\/span><\/span><span style=\"text-decoration: underline;\"><span style=\"color: #000000; text-decoration: underline;\">Respetar la hora asignada<\/span><\/span><\/h4>\n<\/li>\n<li>\n<h4><strong><span style=\"text-decoration: underline;\">Fono Exclusivo Admisi\u00f3n:<\/span> +56 994562795<\/strong><\/h4>\n<\/li>\n<\/ul>\n<p>[\/et_pb_text][et_pb_toggle title=\u00bb0. PERFIL DEL ESTUDIANTE\u00bb open_toggle_text_color=\u00bb#000000&#8243; open_toggle_background_color=\u00bbRGBA(255,255,255,0)\u00bb closed_toggle_background_color=\u00bbRGBA(255,255,255,0)\u00bb _builder_version=\u00bb4.27.4&#8243; _module_preset=\u00bbdefault\u00bb title_text_color=\u00bb#000000&#8243; border_width_all=\u00bb0px\u00bb border_width_bottom=\u00bb1px\u00bb global_colors_info=\u00bb{}\u00bb]<\/p>\n<p style=\"text-align: justify;\">El Colegio Hispano Brit\u00e1nico de Iquique es una instituci\u00f3n educativa reconocida en la I Regi\u00f3n por su alta exigencia acad\u00e9mica y formaci\u00f3n integral basada en valores que promueve las relaciones interpersonales, el cumplimiento de responsabilidades escolares y realizaci\u00f3n personal de sus estudiantes.<\/p>\n<p style=\"text-align: justify;\">Por esta raz\u00f3n, el Colegio se compromete a entregar una formaci\u00f3n que permite desarrollar las competencias y habilidades de sus estudiantes con el acompa\u00f1amiento de participaci\u00f3n activa de toda la comunidad educativa, en especial del grupo familiar.<\/p>\n<p style=\"text-align: justify;\">Cada familia que opte por ingresar a nuestra instituci\u00f3n educativa debe conocer el proyecto educativo, asumir su rol como primer responsable en la formaci\u00f3n y educaci\u00f3n de sus hijos; esto implica participar activamente en las actividades de la comunidad escolar, apoyo permanente en el cumplimiento de las responsabilidades acad\u00e9micas, estimulando su capacidad de relacionarse positivamente con los pares, ocupaci\u00f3n por la presentaci\u00f3n personal y todo aquello que favorezca el desarrollo personal y acad\u00e9mico del estudiante, as\u00ed como la sana convivencia escolar. Para ello la familia se debe comprometer a mantener un entorno familiar sano, respetuoso, afectivo y arm\u00f3nico.<\/p>\n<p>[\/et_pb_toggle][et_pb_toggle title=\u00bb1. VALORES CORRESPONDIENTES AL A\u00d1O 2026&#8243; open_toggle_text_color=\u00bb#000000&#8243; open_toggle_background_color=\u00bbRGBA(255,255,255,0)\u00bb closed_toggle_background_color=\u00bbRGBA(255,255,255,0)\u00bb _builder_version=\u00bb4.27.6&#8243; _module_preset=\u00bbdefault\u00bb title_text_color=\u00bb#000000&#8243; hover_enabled=\u00bb0&#8243; border_width_all=\u00bb0px\u00bb border_width_bottom=\u00bb1px\u00bb global_colors_info=\u00bb{}\u00bb sticky_enabled=\u00bb0&#8243;]<\/p>\n<ul>\n<li>\n<div>Matr\u00edcula: el valor es de $471.440.-, la que debe ser pagada al momento de matricular (efectivo, transferencia, cheque al d\u00eda o tarjetas bancarias).<\/div>\n<div><\/div>\n<\/li>\n<li>\n<div>Colegiaturas: El arancel base anual que deber\u00e1 pagar por el a\u00f1o escolar 2026 ser\u00e1 de $4.714.400.- El Colegio ofrece las siguientes alternativas de pago:<\/div>\n<div>$4.572.970.- pago contado, v\u00e1lido hasta el 26 de septiembre de 2025 para estudiantes antiguos y hasta el 17 de octubre de 2025 para estudiantes nuevos (efectivo, transferencia o con cheque al d\u00eda)<\/div>\n<div>$4.714.400.- pago colegiatura con tarjeta bancaria (d\u00e9bito o cr\u00e9dito)<\/div>\n<div>$4.785.120.- pago colegiatura con un cheque a fecha al 16 de diciembre 2025<\/div>\n<div>$4.902.976.- pago colegiatura dividida en 10 cuotas con cargos mensuales v\u00eda PAC o PAT<\/div>\n<div>$4.988.800.- pago colegiatura dividido en 10 cheques iguales con vencimiento el 05 de cada mes partiendo en marzo de Todos aquellos apoderados\/as que opten por esta opci\u00f3n de pago, deber\u00e1n presentar una copia impresa de la siguiente documentaci\u00f3n:<\/div>\n<div><\/div>\n<\/li>\n<li>\n<div>Acreditaci\u00f3n de domicilio mediante la presentaci\u00f3n de dos documentos diferentes a nombre del titular de la cuenta, tales como: 1 boleta de servicios b\u00e1sicos (luz, agua, gas o telefon\u00eda), contrato de arriendo, aval\u00fao fiscal, licencia de conducir y\/o boleta de honorarios o servicio emitida por el SII.<\/div>\n<\/li>\n<li>\n<div>Para personas jur\u00eddicas, adem\u00e1s, escritura de constituci\u00f3n con sus modificaciones, certificado de vigencia (de a lo menos 90 d\u00edas) y personer\u00eda del representante legal.<\/div>\n<\/li>\n<li>\n<div>Copia de c\u00e9dula de identidad del titular de la cuenta corriente<\/div>\n<\/li>\n<\/ul>\n<p><strong>Descuento por hermanos:<\/strong><\/p>\n<table style=\"border-collapse: collapse; width: 100%; height: 162px;\" border=\"1\">\n<tbody>\n<tr style=\"height: 47px;\">\n<td style=\"width: 50%; text-align: center; height: 47px;\">CONDICI\u00d3N: valor base depende de la forma de<br \/>pago elegida<\/td>\n<td style=\"width: 50%; text-align: center; height: 47px;\">% de descuento en base al valor<br \/>de la colegiatura del 1er hijo<\/td>\n<\/tr>\n<tr style=\"height: 23px;\">\n<td style=\"width: 50%; height: 23px; text-align: center;\">HIJO\/A MAYOR O \u00daNICO\/A<\/td>\n<td style=\"width: 50%; height: 23px; text-align: center;\">0%<\/td>\n<\/tr>\n<tr style=\"height: 23px;\">\n<td style=\"width: 50%; height: 23px; text-align: center;\">SEGUNDO\/A HIJO\/A<\/td>\n<td style=\"width: 50%; height: 23px; text-align: center;\">5%<\/td>\n<\/tr>\n<tr style=\"height: 23px;\">\n<td style=\"width: 50%; height: 23px; text-align: center;\">TERCER\/A HIJO\/A<\/td>\n<td style=\"width: 50%; height: 23px; text-align: center;\">10%<\/td>\n<\/tr>\n<tr style=\"height: 23px;\">\n<td style=\"width: 50%; height: 23px; text-align: center;\">CUARTO\/A HIJO\/A<\/td>\n<td style=\"width: 50%; height: 23px; text-align: center;\">15%<\/td>\n<\/tr>\n<tr style=\"height: 23px;\">\n<td style=\"width: 50%; height: 23px; text-align: center;\">QUINTO\/A HIJO\/A<\/td>\n<td style=\"width: 50%; height: 23px; text-align: center;\">Exento de pago<\/td>\n<\/tr>\n<\/tbody>\n<\/table>\n<p>&nbsp;<\/p>\n<p>[\/et_pb_toggle][et_pb_toggle title=\u00bb2. CRITERIOS GENERALES DE POSTULACI\u00d3N\u00bb open_toggle_text_color=\u00bb#000000&#8243; open_toggle_background_color=\u00bbRGBA(255,255,255,0)\u00bb closed_toggle_background_color=\u00bbRGBA(255,255,255,0)\u00bb _builder_version=\u00bb4.27.6&#8243; _module_preset=\u00bbdefault\u00bb title_text_color=\u00bb#000000&#8243; hover_enabled=\u00bb0&#8243; border_width_all=\u00bb0px\u00bb border_width_bottom=\u00bb1px\u00bb global_colors_info=\u00bb{}\u00bb sticky_enabled=\u00bb0&#8243;]<\/p>\n<p>Toda familia que desee incorporarse al Colegio debe informarse de manera general del Proyecto Educativo Institucional, siendo de su responsabilidad tomar conocimiento de este a trav\u00e9s de la versi\u00f3n que se encuentra disponible en la p\u00e1gina web del Colegio <a href=\"http:\/\/www.chb.cl\/\"><u>www.chb.cl<\/u>.<\/a> Las familias que opten por postular al Colegio deben manifestar su compromiso, aceptaci\u00f3n y respeto por la propuesta y servicio educacional establecido en el Proyecto Educativo Institucional.<\/p>\n<p>Los estudiantes que deseen reintegrarse al colegio despu\u00e9s de un a\u00f1o de ausencia, deben cumplir con todos los requisitos solicitados y realizar completo el proceso de postulaci\u00f3n como estudiante nuevo.<\/p>\n<p>\u200b<\/p>\n<p>[\/et_pb_toggle][et_pb_toggle title=\u00bb3. INSTRUCCIONES PARA LOS\/LAS POSTULANTES\u00bb open_toggle_text_color=\u00bb#000000&#8243; open_toggle_background_color=\u00bbRGBA(255,255,255,0)\u00bb closed_toggle_background_color=\u00bbRGBA(255,255,255,0)\u00bb _builder_version=\u00bb4.27.6&#8243; _module_preset=\u00bbdefault\u00bb title_text_color=\u00bb#000000&#8243; hover_enabled=\u00bb0&#8243; border_width_all=\u00bb0px\u00bb border_width_bottom=\u00bb1px\u00bb global_colors_info=\u00bb{}\u00bb sticky_enabled=\u00bb0&#8243;]<\/p>\n<ul>\n<li>El apoderado o apoderada debe adjuntar los documentos digitales que se solicitan en el punto 6 del presente<\/li>\n<li>El postulante que no presente toda la documentaci\u00f3n solicitada en la plataforma no ser\u00e1 incorporado en el proceso de postulaci\u00f3n.<\/li>\n<\/ul>\n<p>[\/et_pb_toggle][et_pb_toggle title=\u00bb4. REQUISITOS DE POSTULACI\u00d3N\u00bb open_toggle_text_color=\u00bb#000000&#8243; open_toggle_background_color=\u00bbRGBA(255,255,255,0)\u00bb closed_toggle_background_color=\u00bbRGBA(255,255,255,0)\u00bb _builder_version=\u00bb4.27.6&#8243; _module_preset=\u00bbdefault\u00bb title_text_color=\u00bb#000000&#8243; hover_enabled=\u00bb0&#8243; border_width_all=\u00bb0px\u00bb border_width_bottom=\u00bb1px\u00bb global_colors_info=\u00bb{}\u00bb sticky_enabled=\u00bb0&#8243;]<\/p>\n<ul>\n<li>Acreditar Promedio General de Notas a\u00f1o anterior (2024) en Lenguaje y Matem\u00e1tica igual o superior a 6,0 (seis coma cero)<\/li>\n<li>Acreditar Promedio General de Notas primer semestre a\u00f1o en curso (2025) en Lenguaje y Matem\u00e1tica igual o superior a 6,0 (seis coma cero)<br \/>Informes de Personalidad<br \/><strong>Requisitos de edad:<\/strong><\/li>\n<li>6,0 a\u00f1os a marzo para 1\u00ba a\u00f1o B\u00e1sico.<\/li>\n<li>7,0 a\u00f1os a marzo para 2\u00ba a\u00f1o B\u00e1sico.<\/li>\n<li>8,0 a\u00f1os a marzo para 3\u00ba a\u00f1o B\u00e1sico.<\/li>\n<\/ul>\n<p>[\/et_pb_toggle][et_pb_toggle title=\u00bb5. DOCUMENTACI\u00d3N REQUERIDA\u00bb open_toggle_text_color=\u00bb#000000&#8243; open_toggle_background_color=\u00bbRGBA(255,255,255,0)\u00bb closed_toggle_background_color=\u00bbRGBA(255,255,255,0)\u00bb _builder_version=\u00bb4.27.6&#8243; _module_preset=\u00bbdefault\u00bb title_text_color=\u00bb#000000&#8243; hover_enabled=\u00bb0&#8243; border_width_all=\u00bb0px\u00bb border_width_bottom=\u00bb1px\u00bb global_colors_info=\u00bb{}\u00bb sticky_enabled=\u00bb0&#8243;]<\/p>\n<p><strong>Para postulaciones a 1\u00b0 b\u00e1sico:<\/strong><\/p>\n<ul>\n<li>Informe al Hogar del Jard\u00edn Infantil del a\u00f1o 2025. (1er semestre, k\u00ednder)<\/li>\n<li>Informe al Hogar del Jard\u00edn Infantil del a\u00f1o 2024 (Prek\u00ednder)<\/li>\n<li>Certificado de Nacimiento para todo tr\u00e1mite<\/li>\n<\/ul>\n<p><strong>Para postulaciones a 2 B\u00e1sico:<\/strong><\/p>\n<ul>\n<li>Informe de Notas 1er Semestre a\u00f1o 2025<\/li>\n<li>Informe de Personalidad 1er Semestre a\u00f1o 2025<\/li>\n<li>Informe al Hogar del Jard\u00edn Infantil del a\u00f1o 2024 (Kinder)<\/li>\n<li>Certificado de Nacimiento para todo tr\u00e1mite<\/li>\n<\/ul>\n<p><strong>Para postulaciones desde 3 B\u00e1sico a 4 Medio:<\/strong><\/p>\n<ul>\n<li>Certificado Anual de Estudios 2024<\/li>\n<li>Informe de Notas 1er Semestre a\u00f1o 2025<\/li>\n<li>Informe de Personalidad a\u00f1o 2024<\/li>\n<li>Informe de Personalidad 1er Semestre a\u00f1o 2025<\/li>\n<li>Certificado de Nacimiento para todo tr\u00e1mite<\/li>\n<\/ul>\n<p>[\/et_pb_toggle][et_pb_toggle title=\u00bb6. EXAMEN DE ADMISI\u00d3N QUE RENDIR\u00c1N LOS POSTULANTES\u00bb open_toggle_text_color=\u00bb#000000&#8243; open_toggle_background_color=\u00bbRGBA(255,255,255,0)\u00bb closed_toggle_background_color=\u00bbRGBA(255,255,255,0)\u00bb _builder_version=\u00bb4.27.6&#8243; _module_preset=\u00bbdefault\u00bb title_text_color=\u00bb#000000&#8243; hover_enabled=\u00bb0&#8243; border_width_all=\u00bb0px\u00bb border_width_bottom=\u00bb1px\u00bb global_colors_info=\u00bb{}\u00bb sticky_enabled=\u00bb0&#8243;]<\/p>\n<ul>\n<li>Desde 1\u00ba A\u00f1o B\u00e1sico a 4\u00ba A\u00f1o Medio: Examen de Admisi\u00f3n de Lenguaje y Matem\u00e1tica.<\/li>\n<li>Las fechas para rendir el examen ser\u00e1n coordinadas con el \u00e1rea de admisi\u00f3n.<\/li>\n<\/ul>\n<div><\/div>\n<div><strong>Fecha de Rendici\u00f3n de Ex\u00e1menes<\/strong><\/div>\n<ul>\n<li>11 de agosto<\/li>\n<li>01 de septiembre<\/li>\n<li>22 de septiembre<\/li>\n<li>06 de octubre<\/li>\n<li>20 de octubre<\/li>\n<li>03 de noviembre<\/li>\n<li>17 de noviembre<\/li>\n<li>01 de diciembre<\/li>\n<li>15 de diciembre<\/li>\n<\/ul>\n<p>&nbsp;<\/p>\n<ul>\n<li>Los postulantes que provengan de otras ciudades deber\u00e1n coordinar y agendar a trav\u00e9s del correo admision@chb.cl, una fecha para rendir el examen de forma presencial en el colegio.<\/li>\n<li>Una vez rendido los ex\u00e1menes de admisi\u00f3n, el Colegio podr\u00e1 citar a los apoderados de los postulantes a una entrevista con directivos de nuestro establecimiento educacional, para dar conocer los objetivos del Proyecto Educativo y sus requerimientos.<\/li>\n<\/ul>\n<p>[\/et_pb_toggle][et_pb_toggle title=\u00bb7. CRITERIOS DE SELECCI\u00d3N\u00bb open_toggle_text_color=\u00bb#000000&#8243; open_toggle_background_color=\u00bbRGBA(255,255,255,0)\u00bb closed_toggle_background_color=\u00bbRGBA(255,255,255,0)\u00bb _builder_version=\u00bb4.27.6&#8243; _module_preset=\u00bbdefault\u00bb title_text_color=\u00bb#000000&#8243; hover_enabled=\u00bb0&#8243; border_width_all=\u00bb0px\u00bb border_width_bottom=\u00bb1px\u00bb global_colors_info=\u00bb{}\u00bb sticky_enabled=\u00bb0&#8243;]<\/p>\n<ul>\n<li>El proceso de selecci\u00f3n priorizar\u00e1 a aquellos postulantes que obtengan el mejor rendimiento en el examen de admisi\u00f3n.<\/li>\n<li>Entre 2 postulantes en igualdad de condiciones, se dar\u00e1 preferencia al de mejor nota de postulaci\u00f3n. De mantenerse la igualdad, se aplicar\u00e1 el principio de orden de postulaci\u00f3n.<\/li>\n<li><strong>La nota m\u00ednima para avanzar en el examen de admisi\u00f3n ser\u00e1 de 5,5, tanto en Lenguaje como en Matem\u00e1ticas.<\/strong><\/li>\n<\/ul>\n<p>[\/et_pb_toggle][et_pb_toggle title=\u00bb8. PUBLICACI\u00d3N DE RESULTADOS\u00bb open_toggle_text_color=\u00bb#000000&#8243; open_toggle_background_color=\u00bbRGBA(255,255,255,0)\u00bb closed_toggle_background_color=\u00bbRGBA(255,255,255,0)\u00bb _builder_version=\u00bb4.27.6&#8243; _module_preset=\u00bbdefault\u00bb title_text_color=\u00bb#000000&#8243; hover_enabled=\u00bb0&#8243; border_width_all=\u00bb0px\u00bb border_width_bottom=\u00bb1px\u00bb global_colors_info=\u00bb{}\u00bb sticky_enabled=\u00bb0&#8243;]<\/p>\n<ul>\n<li>Los resultados de la postulaci\u00f3n se dar\u00e1n a conocer en el plazo de 10 d\u00edas una vez rendido el examen.<\/li>\n<li>La lista de postulantes admitidos ser\u00e1 publicada en el pasillo central del colegio.<\/li>\n<li>Tel\u00e9fonos de contacto (57) 273 5611 &#8211; (+56) 9 9456 2795 o al correo admision@chb.cl<\/li>\n<li>Velando por la transparencia del proceso, Direcci\u00f3n no conceder\u00e1 entrevistas, ya sea para apelar, solicitar situaciones especiales para postulantes que no cumplen los requisitos de postulaci\u00f3n, hayan sido rechazados, est\u00e9n en Lista de Espera o para cualquier asunto que tenga que ver con un alumno en proceso de postulaci\u00f3n. <strong>FAVOR NO INSISTIR.<\/strong><\/li>\n<\/ul>\n<p>[\/et_pb_toggle][et_pb_text _builder_version=\u00bb4.27.4&#8243; _module_preset=\u00bbdefault\u00bb text_text_color=\u00bb#000000&#8243; global_colors_info=\u00bb{}\u00bb]<\/p>\n<p><strong>OBSERVACI\u00d3N:<\/strong> Los postulantes que son aceptados, tienen tres d\u00edas h\u00e1biles para matricular desde que son notificados. La matr\u00edcula s\u00f3lo se hace efectiva en el momento que los apoderados hayan firmado el contrato de matr\u00edcula y pague los valores correspondientes.<\/p>\n<p>[\/et_pb_text][et_pb_toggle title=\u00bb9. PASOS MATR\u00cdCULA ALUMNOS SELECCIONADOS\u00bb open_toggle_text_color=\u00bb#000000&#8243; open_toggle_background_color=\u00bbRGBA(255,255,255,0)\u00bb closed_toggle_background_color=\u00bbRGBA(255,255,255,0)\u00bb _builder_version=\u00bb4.27.6&#8243; _module_preset=\u00bbdefault\u00bb title_text_color=\u00bb#000000&#8243; hover_enabled=\u00bb0&#8243; border_width_all=\u00bb0px\u00bb border_width_bottom=\u00bb1px\u00bb global_colors_info=\u00bb{}\u00bb sticky_enabled=\u00bb0&#8243;]<\/p>\n<ul>\n<li>\n<div>Firma del Contrato de Prestaci\u00f3n de Servicios y pago de matr\u00edcula + colegiaturas.<\/div>\n<div><\/div>\n<\/li>\n<li>\n<div>Completar y firmar Encuesta de Religi\u00f3n por estudiante.<\/div>\n<div><\/div>\n<\/li>\n<li>\n<div>Ficha Familiar del Postulante<\/div>\n<div><\/div>\n<div><strong>Cualquier consulta, favor dirigirse a la Secretar\u00eda de Admisi\u00f3n:<\/strong> <a href=\"http:\/\/admision@chb.cl.\">admision@chb.cl.<\/a><\/div>\n<\/li>\n<\/ul>\n<p>[\/et_pb_toggle][\/et_pb_column][\/et_pb_row][et_pb_row column_structure=\u00bb1_2,1_2&#8243; _builder_version=\u00bb4.26.0&#8243; _module_preset=\u00bbdefault\u00bb global_colors_info=\u00bb{}\u00bb][et_pb_column type=\u00bb1_2&#8243; _builder_version=\u00bb4.26.0&#8243; _module_preset=\u00bbdefault\u00bb global_colors_info=\u00bb{}\u00bb][et_pb_button button_url=\u00bbhttps:\/\/hispanobritanico.alexiaeducl.com\/ACWeb\/Paginas\/Publicas\/FormularioMatriculacion.aspx?token=N6NoDSk6C3YyO0FoKoHFsg==#no-back-button\u00bb button_text=\u00bbProceso de postulaci\u00f3n Alexia\u00bb button_alignment=\u00bbcenter\u00bb _builder_version=\u00bb4.27.4&#8243; _module_preset=\u00bbdefault\u00bb custom_button=\u00bbon\u00bb button_text_size=\u00bb30px\u00bb button_text_color=\u00bb#FFFFFF\u00bb button_bg_color=\u00bb#002b7e\u00bb button_border_radius=\u00bb18px\u00bb button_font=\u00bbAlata|||on|||||\u00bb animation_style=\u00bbslide\u00bb animation_direction=\u00bbleft\u00bb global_colors_info=\u00bb{}\u00bb][\/et_pb_button][\/et_pb_column][et_pb_column type=\u00bb1_2&#8243; _builder_version=\u00bb4.26.0&#8243; _module_preset=\u00bbdefault\u00bb global_colors_info=\u00bb{}\u00bb][et_pb_button button_url=\u00bbhttps:\/\/www.chb.cl\/sitio\/wp-content\/uploads\/2025\/08\/Instructivo-COLEGIO-Alumnos-Nuevos-2026-GENERAL.pdf\u00bb button_text=\u00bbInstructivo de postulacion y matr\u00edcula 2026&#8243; button_alignment=\u00bbcenter\u00bb _builder_version=\u00bb4.27.4&#8243; _module_preset=\u00bbdefault\u00bb custom_button=\u00bbon\u00bb button_text_size=\u00bb30px\u00bb button_text_color=\u00bb#FFFFFF\u00bb button_bg_color=\u00bb#ff5300&#8243; button_border_radius=\u00bb18px\u00bb button_font=\u00bbAlata|||on|||||\u00bb animation_style=\u00bbslide\u00bb animation_direction=\u00bbright\u00bb global_colors_info=\u00bb{}\u00bb][\/et_pb_button][\/et_pb_column][\/et_pb_row][et_pb_row _builder_version=\u00bb4.27.4&#8243; _module_preset=\u00bbdefault\u00bb animation_style=\u00bbslide\u00bb animation_direction=\u00bbleft\u00bb global_colors_info=\u00bb{}\u00bb][et_pb_column type=\u00bb4_4&#8243; _builder_version=\u00bb4.27.4&#8243; _module_preset=\u00bbdefault\u00bb global_colors_info=\u00bb{}\u00bb][et_pb_text _builder_version=\u00bb4.27.4&#8243; _module_preset=\u00bbdefault\u00bb text_font=\u00bb&#8211;et_global_heading_font||||||||\u00bb text_text_color=\u00bb#000000&#8243; text_font_size=\u00bb38px\u00bb global_colors_info=\u00bb{}\u00bb]<\/p>\n<p>Testimonios<\/p>\n<p>[\/et_pb_text][\/et_pb_column][\/et_pb_row][et_pb_row column_structure=\u00bb1_2,1_2&#8243; _builder_version=\u00bb4.27.4&#8243; _module_preset=\u00bbdefault\u00bb animation_style=\u00bbslide\u00bb animation_direction=\u00bbleft\u00bb global_colors_info=\u00bb{}\u00bb][et_pb_column type=\u00bb1_2&#8243; _builder_version=\u00bb4.27.4&#8243; _module_preset=\u00bbdefault\u00bb global_colors_info=\u00bb{}\u00bb][et_pb_image src=\u00bbhttps:\/\/www.chb.cl\/sitio\/wp-content\/uploads\/2025\/07\/CalderonVega-scaled.jpg\u00bb title_text=\u00bbCalderonVega\u00bb align=\u00bbcenter\u00bb _builder_version=\u00bb4.27.4&#8243; _module_preset=\u00bbdefault\u00bb global_colors_info=\u00bb{}\u00bb][\/et_pb_image][et_pb_text _builder_version=\u00bb4.27.4&#8243; _module_preset=\u00bbdefault\u00bb text_text_color=\u00bb#000000&#8243; text_orientation=\u00bbjustified\u00bb global_colors_info=\u00bb{}\u00bb]<\/p>\n<p><strong><span>Familia Calder\u00f3n Vega<\/span><\/strong><\/p>\n<p>el a\u00f1o 2005 llegamos al CHB, llenos de ilusi\u00f3n y muchas expectativas. Despu\u00e9s de 20 a\u00f1os, podemos estar tranquilos de no solo haber encontrado un excelente colegio para nuestros hijos, sino un colegio que los acogi\u00f3 y se transform\u00f3 en un segundo hogar donde se desarrollaron en lo acad\u00e9mico y social; donde encontraron grandes maestros y amigos y sobre todo donde recibieron las herramientas necesarias para enfrentar su vida adulta.<\/p>\n<p><span>Si hoy me preguntan si recomendar\u00eda CHB, no dudar\u00eda en hacerlo, ya que para nosotros el colegio fue fundamental en el desarrollo integral de nuestros hijos.<\/span><\/p>\n<p><span>Solo nos queda agradecer al colegio por todo.<\/span><\/p>\n<p>[\/et_pb_text][\/et_pb_column][et_pb_column type=\u00bb1_2&#8243; _builder_version=\u00bb4.27.4&#8243; _module_preset=\u00bbdefault\u00bb global_colors_info=\u00bb{}\u00bb][et_pb_image src=\u00bbhttps:\/\/www.chb.cl\/sitio\/wp-content\/uploads\/2025\/07\/RosalesMorales-scaled.jpg\u00bb title_text=\u00bbRosalesMorales\u00bb _builder_version=\u00bb4.27.4&#8243; _module_preset=\u00bbdefault\u00bb global_colors_info=\u00bb{}\u00bb][\/et_pb_image][et_pb_text _builder_version=\u00bb4.27.4&#8243; _module_preset=\u00bbdefault\u00bb text_text_color=\u00bb#000000&#8243; text_orientation=\u00bbjustified\u00bb global_colors_info=\u00bb{}\u00bb]<\/p>\n<p><strong><span>Familia Rosales Morales<\/span><\/strong><\/p>\n<p><span>Formamos parte de la familia Hispano Brit\u00e1nico desde principios de 1998, ya son 27 a\u00f1os en que el colegio ha formado parte importante de nuestras vidas. Cada uno de mis hijos, los seis que ya salieron y la que a\u00fan estudia aqu\u00ed han encontrado, en sus aulas y pasillos, amistades, conocimientos, retos, ayuda, apoyo y muchas herramientas para ser personas de bien. <\/span><\/p>\n<p><span>\u00a1Siempre estaremos agradecidos!<\/span><\/p>\n<p>[\/et_pb_text][\/et_pb_column][\/et_pb_row][et_pb_row _builder_version=\u00bb4.27.4&#8243; _module_preset=\u00bbdefault\u00bb global_colors_info=\u00bb{}\u00bb][et_pb_column type=\u00bb4_4&#8243; _builder_version=\u00bb4.27.4&#8243; _module_preset=\u00bbdefault\u00bb global_colors_info=\u00bb{}\u00bb][et_pb_code _builder_version=\u00bb4.27.4&#8243; _module_preset=\u00bbdefault\u00bb global_colors_info=\u00bb{}\u00bb]<iframe loading=\"lazy\" width=\"560\" height=\"315\" src=\"https:\/\/www.youtube.com\/embed\/_NaIKPgf4sE?si=edjUHbWHiMsY66UX\" title=\"YouTube video player\" frameborder=\"0\" allow=\"accelerometer; autoplay; clipboard-write; encrypted-media; gyroscope; picture-in-picture; web-share\" referrerpolicy=\"strict-origin-when-cross-origin\" allowfullscreen><\/iframe>[\/et_pb_code][\/et_pb_column][\/et_pb_row][\/et_pb_section]<\/p>\n","protected":false},"excerpt":{"rendered":"<p>Bienvenidos al proceso de postulaci\u00f3n al Colegio Hispano Brit\u00e1nico, valoramos su consideraci\u00f3n para ser parte del proceso educativo y desarrollo de competencias de su hijo\/a, en un entorno de buena [&hellip;]<\/p>\n","protected":false},"author":1,"featured_media":0,"parent":0,"menu_order":0,"comment_status":"closed","ping_status":"closed","template":"","meta":{"_et_pb_use_builder":"on","_et_pb_old_content":"","_et_gb_content_width":"","footnotes":""},"class_list":["post-45332","page","type-page","status-publish","hentry"],"_links":{"self":[{"href":"https:\/\/www.chb.cl\/sitio\/wp-json\/wp\/v2\/pages\/45332","targetHints":{"allow":["GET"]}}],"collection":[{"href":"https:\/\/www.chb.cl\/sitio\/wp-json\/wp\/v2\/pages"}],"about":[{"href":"https:\/\/www.chb.cl\/sitio\/wp-json\/wp\/v2\/types\/page"}],"author":[{"embeddable":true,"href":"https:\/\/www.chb.cl\/sitio\/wp-json\/wp\/v2\/users\/1"}],"replies":[{"embeddable":true,"href":"https:\/\/www.chb.cl\/sitio\/wp-json\/wp\/v2\/comments?post=45332"}],"version-history":[{"count":0,"href":"https:\/\/www.chb.cl\/sitio\/wp-json\/wp\/v2\/pages\/45332\/revisions"}],"wp:attachment":[{"href":"https:\/\/www.chb.cl\/sitio\/wp-json\/wp\/v2\/media?parent=45332"}],"curies":[{"name":"wp","href":"https:\/\/api.w.org\/{rel}","templated":true}]}}