{"id":493,"date":"2013-06-17T02:57:26","date_gmt":"2013-06-17T02:57:26","guid":{"rendered":"https:\/\/www.chb.cl\/sitio\/?page_id=493"},"modified":"2024-01-23T12:55:43","modified_gmt":"2024-01-23T15:55:43","slug":"infraestructura","status":"publish","type":"page","link":"https:\/\/www.chb.cl\/sitio\/infraestructura\/","title":{"rendered":"Infraestructura"},"content":{"rendered":"<p>[et_pb_section fb_built=\u00bb1&#8243; admin_label=\u00bbsection\u00bb _builder_version=\u00bb4.16&#8243; global_colors_info=\u00bb{}\u00bb][et_pb_row admin_label=\u00bbrow\u00bb _builder_version=\u00bb4.16&#8243; background_size=\u00bbinitial\u00bb background_position=\u00bbtop_left\u00bb background_repeat=\u00bbrepeat\u00bb global_colors_info=\u00bb{}\u00bb][et_pb_column type=\u00bb4_4&#8243; _builder_version=\u00bb4.16&#8243; custom_padding=\u00bb|||\u00bb global_colors_info=\u00bb{}\u00bb custom_padding__hover=\u00bb|||\u00bb][et_pb_text admin_label=\u00bbText\u00bb _builder_version=\u00bb4.24.0&#8243; background_size=\u00bbinitial\u00bb background_position=\u00bbtop_left\u00bb background_repeat=\u00bbrepeat\u00bb hover_enabled=\u00bb0&#8243; global_colors_info=\u00bb{}\u00bb sticky_enabled=\u00bb0&#8243;]<\/p>\n<h3>Infraestructura<\/h3>\n<p>[\/et_pb_text][\/et_pb_column][\/et_pb_row][et_pb_row admin_label=\u00bbrow\u00bb _builder_version=\u00bb4.16&#8243; background_size=\u00bbinitial\u00bb background_position=\u00bbtop_left\u00bb background_repeat=\u00bbrepeat\u00bb global_colors_info=\u00bb{}\u00bb][et_pb_column type=\u00bb4_4&#8243; _builder_version=\u00bb4.16&#8243; custom_padding=\u00bb|||\u00bb global_colors_info=\u00bb{}\u00bb custom_padding__hover=\u00bb|||\u00bb][et_pb_text admin_label=\u00bbText\u00bb _builder_version=\u00bb4.24.0&#8243; background_size=\u00bbinitial\u00bb background_position=\u00bbtop_left\u00bb background_repeat=\u00bbrepeat\u00bb hover_enabled=\u00bb0&#8243; global_colors_info=\u00bb{}\u00bb text_font_size=\u00bb17px\u00bb text_orientation=\u00bbjustified\u00bb sticky_enabled=\u00bb0&#8243;]<\/p>\n<p><span style=\"font-weight: 400;\">Para un total de 1349 alumnos, contamos con una infraestructura inaugurada en el a\u00f1o 1998; el edificio cuenta con 3 niveles, 2 ascensores, patios y servicios higi\u00e9nicos independientes para\u00a0 educaci\u00f3n b\u00e1sica y educaci\u00f3n media.<\/span><\/p>\n<ul>\n<li><span style=\"font-weight: 400;\">52 salas de clases, implementada con retroproyector, conexi\u00f3n a internet, ventanas protegidas con laminado de seguridad 3M, ventiladores e iluminaci\u00f3n de emergencia.<\/span><\/li>\n<li><span style=\"font-weight: 400;\">Sector de primeros b\u00e1sicos separado con su propio patio e ingreso.<\/span><\/li>\n<li><span style=\"font-weight: 400;\">5 Laboratorios completamente equipados de Artes Visuales, M\u00fasica, Tecnolog\u00eda, Inform\u00e1tica, Qu\u00edmica.<\/span><\/li>\n<li><span style=\"font-weight: 400;\">2 Salas de profesores dotadas de computadores en red e internet.<\/span><\/li>\n<li><span style=\"font-weight: 400;\">2 Oficinas de Inspector\u00eda Ed. B\u00e1sica y Media.<\/span><\/li>\n<li><span style=\"font-weight: 400;\">3 Oficinas de coordinaci\u00f3n Ed. B\u00e1sica, Media y Extraescolar.<\/span><\/li>\n<li><span style=\"font-weight: 400;\">Oficina de atenci\u00f3n para servicios de Primeros Auxilios.<\/span><\/li>\n<li><span style=\"font-weight: 400;\">Oficinas administrativas<\/span><\/li>\n<li><span style=\"font-weight: 400;\">1 Sal\u00f3n Audiovisual para 100 personas<\/span><\/li>\n<li><span style=\"font-weight: 400;\">1 Sala de reuniones<\/span><\/li>\n<li><span style=\"font-weight: 400;\">3 Multicanchas techadas.<\/span><\/li>\n<li><span style=\"font-weight: 400;\">Cancha de f\u00fatbol y atletismo pasto.<\/span><\/li>\n<li><span style=\"font-weight: 400;\">Cancha techada de H\u00e1ndbol<\/span><\/li>\n<li><span style=\"font-weight: 400;\">4 Camarines habilitados con lavamanos, W.C. y duchas.<\/span><\/li>\n<li><span style=\"font-weight: 400;\">500 Lockers para los alumnos de Ed media (7\u00b0 B\u00e1sico a IV Medio)<\/span><\/li>\n<li><span style=\"font-weight: 400;\">Un Comedor habilitado con mobiliario para 360 personas.<\/span><\/li>\n<li><span style=\"font-weight: 400;\">Un Stand concesionado.<\/span><\/li>\n<li><span style=\"font-weight: 400;\">Biblioteca con computadoras en red.<\/span><\/li>\n<li><span style=\"font-weight: 400;\">Oficina de reproducciones.<\/span><\/li>\n<li><span style=\"font-weight: 400;\">Escenario mayor para actos.<\/span><\/li>\n<li><span style=\"font-weight: 400;\">2 ascensores.<\/span><\/li>\n<li><span style=\"font-weight: 400;\">2 Garitas de Seguridad.<\/span><\/li>\n<li><span style=\"font-weight: 400;\">Oficinas para inspectores de patio.<\/span><\/li>\n<li><span style=\"font-weight: 400;\">Rampa de evacuaci\u00f3n a Zona Segura.<\/span><\/li>\n<li><span style=\"font-weight: 400;\">Zona Cardioprotegida.<\/span><\/li>\n<\/ul>\n<h3>Servicios externos<\/h3>\n<h4><span style=\"font-weight: 400;\">Servicio de Aseo:<\/span><\/h4>\n<p><span style=\"font-weight: 400;\">Es preocupaci\u00f3n constante de nuestro Colegio, el mantener todas las dependencias del mismo siempre limpias, y hermosas para toda nuestra comunidad educativa, por este motivo contamos con la contrataci\u00f3n externa de personal dedicado diariamente a la ardua labor de limpieza y aseo. De esta manera orgullosamente siempre vamos a ver nuestro Colegio como el d\u00eda de su inauguraci\u00f3n: Impecable.<\/span><\/p>\n<h4><span style=\"font-weight: 400;\">Sistema de Seguridad:<\/span><\/h4>\n<p><span style=\"font-weight: 400;\">Nuestro Colegio siempre preocupado por la seguridad y bienestar de nuestros alumnos y comunidad educativa en general, cuenta con el respaldo permanente de guardias de seguridad las 24 horas del d\u00eda y los 360 d\u00edas del a\u00f1o, permitiendo de esta manera que Uds. sientan la tranquilidad necesaria al dejar a vuestros hijos en nuestro establecimiento.<\/span><\/p>\n<h4><span style=\"font-weight: 400;\">Servicio de Sanitizaci\u00f3n y Fumigaci\u00f3n:<\/span><\/h4>\n<p><span style=\"font-weight: 400;\">Nuestro Colegio siempre preocupado por la salud de nuestros estudiantes y comunidad educativa en general, cuenta con un servicio de sanitizaci\u00f3n, desinfecci\u00f3n y control de plagas.<\/span><\/p>\n<p>&nbsp;<\/p>\n<p>[\/et_pb_text][\/et_pb_column][\/et_pb_row][\/et_pb_section]<\/p>\n","protected":false},"excerpt":{"rendered":"<p>InfraestructuraPara un total de 1349 alumnos, contamos con una infraestructura inaugurada en el a\u00f1o 1998; el edificio cuenta con 3 niveles, 2 ascensores, patios y servicios higi\u00e9nicos independientes para\u00a0 educaci\u00f3n [&hellip;]<\/p>\n","protected":false},"author":1,"featured_media":0,"parent":0,"menu_order":0,"comment_status":"closed","ping_status":"closed","template":"","meta":{"_et_pb_use_builder":"on","_et_pb_old_content":"<span style=\"font-weight: 400;\">Para un total de 1349 alumnos, contamos con una infraestructura inaugurada en el a\u00f1o 1998; el edificio cuenta con 3 niveles, 2 ascensores, patios y servicios higi\u00e9nicos independientes para\u00a0 educaci\u00f3n b\u00e1sica y educaci\u00f3n media.<\/span>\r\n<ul>\r\n \t<li><span style=\"font-weight: 400;\">52 salas de clases, implementada con retroproyector, conexi\u00f3n a internet, ventanas protegidas con laminado de seguridad 3M, ventiladores e iluminaci\u00f3n de emergencia.<\/span><\/li>\r\n \t<li><span style=\"font-weight: 400;\">Sector de primeros b\u00e1sicos separado con su propio patio e ingreso.<\/span><\/li>\r\n \t<li><span style=\"font-weight: 400;\">5 Laboratorios completamente equipados de Artes Visuales, M\u00fasica, Tecnolog\u00eda, Inform\u00e1tica, Qu\u00edmica.<\/span><\/li>\r\n \t<li><span style=\"font-weight: 400;\">2 Salas de profesores dotadas de computadores en red e internet.<\/span><\/li>\r\n \t<li><span style=\"font-weight: 400;\">2 Oficinas de Inspector\u00eda Ed. B\u00e1sica y Media.<\/span><\/li>\r\n \t<li><span style=\"font-weight: 400;\">3 Oficinas de coordinaci\u00f3n Ed. B\u00e1sica, Media y Extraescolar.<\/span><\/li>\r\n \t<li><span style=\"font-weight: 400;\">Oficina de atenci\u00f3n para servicios de Primeros Auxilios.<\/span><\/li>\r\n \t<li><span style=\"font-weight: 400;\">Oficinas administrativas<\/span><\/li>\r\n \t<li><span style=\"font-weight: 400;\">1 Sal\u00f3n Audiovisual para 100 personas<\/span><\/li>\r\n \t<li><span style=\"font-weight: 400;\">1 Sala de reuniones<\/span><\/li>\r\n \t<li><span style=\"font-weight: 400;\">3 Multicanchas techadas.<\/span><\/li>\r\n \t<li><span style=\"font-weight: 400;\">Cancha de f\u00fatbol y atletismo pasto.<\/span><\/li>\r\n \t<li><span style=\"font-weight: 400;\">Cancha techada de H\u00e1ndbol<\/span><\/li>\r\n \t<li><span style=\"font-weight: 400;\">4 Camarines habilitados con lavamanos, W.C. y duchas.<\/span><\/li>\r\n \t<li><span style=\"font-weight: 400;\">500 Lockers para los alumnos de Ed media (7\u00b0 B\u00e1sico a IV Medio)<\/span><\/li>\r\n \t<li><span style=\"font-weight: 400;\">Un Comedor habilitado con mobiliario para 360 personas.<\/span><\/li>\r\n \t<li><span style=\"font-weight: 400;\">Un Stand concesionado.<\/span><\/li>\r\n \t<li><span style=\"font-weight: 400;\">Biblioteca con computadoras en red.<\/span><\/li>\r\n \t<li><span style=\"font-weight: 400;\">Oficina de reproducciones.<\/span><\/li>\r\n \t<li><span style=\"font-weight: 400;\">Escenario mayor para actos.<\/span><\/li>\r\n \t<li><span style=\"font-weight: 400;\">2 ascensores.<\/span><\/li>\r\n \t<li><span style=\"font-weight: 400;\">2 Garitas de Seguridad.<\/span><\/li>\r\n \t<li><span style=\"font-weight: 400;\">Oficinas para inspectores de patio.<\/span><\/li>\r\n \t<li><span style=\"font-weight: 400;\">Rampa de evacuaci\u00f3n a Zona Segura.<\/span><\/li>\r\n \t<li><span style=\"font-weight: 400;\">Zona Cardioprotegida.<\/span><\/li>\r\n<\/ul>\r\n<strong>SERVICIOS EXTERNOS<\/strong>\r\n\r\n<span style=\"font-weight: 400;\"><strong>Servicio de Aseo<\/strong>:<\/span>\r\n\r\n<span style=\"font-weight: 400;\">Es preocupaci\u00f3n constante de nuestro Colegio, el mantener todas las dependencias del mismo siempre limpias, y hermosas para toda nuestra comunidad educativa, por este motivo contamos con la contrataci\u00f3n externa de personal dedicado diariamente a la ardua labor de limpieza y aseo. De esta manera orgullosamente siempre vamos a ver nuestro Colegio como el d\u00eda de su inauguraci\u00f3n: Impecable.<\/span>\r\n\r\n<span style=\"font-weight: 400;\"><strong>Sistema de Seguridad<\/strong>:<\/span>\r\n\r\n<span style=\"font-weight: 400;\">Nuestro Colegio siempre preocupado por la seguridad y bienestar de nuestros alumnos y comunidad educativa en general, cuenta con el respaldo permanente de guardias de seguridad las 24 horas del d\u00eda y los 360 d\u00edas del a\u00f1o, permitiendo de esta manera que Uds. sientan la tranquilidad necesaria al dejar a vuestros hijos en nuestro establecimiento.<\/span>\r\n\r\n<span style=\"font-weight: 400;\"><strong>Servicio de Sanitizaci\u00f3n y Fumigaci\u00f3n<\/strong>:<\/span>\r\n\r\n<span style=\"font-weight: 400;\">Nuestro Colegio siempre preocupado por la salud de nuestros estudiantes y comunidad educativa en general, cuenta con un servicio de sanitizaci\u00f3n, desinfecci\u00f3n y control de plagas.<\/span>\r\n\r\n&nbsp;","_et_gb_content_width":"","footnotes":""},"class_list":["post-493","page","type-page","status-publish","hentry"],"_links":{"self":[{"href":"https:\/\/www.chb.cl\/sitio\/wp-json\/wp\/v2\/pages\/493","targetHints":{"allow":["GET"]}}],"collection":[{"href":"https:\/\/www.chb.cl\/sitio\/wp-json\/wp\/v2\/pages"}],"about":[{"href":"https:\/\/www.chb.cl\/sitio\/wp-json\/wp\/v2\/types\/page"}],"author":[{"embeddable":true,"href":"https:\/\/www.chb.cl\/sitio\/wp-json\/wp\/v2\/users\/1"}],"replies":[{"embeddable":true,"href":"https:\/\/www.chb.cl\/sitio\/wp-json\/wp\/v2\/comments?post=493"}],"version-history":[{"count":0,"href":"https:\/\/www.chb.cl\/sitio\/wp-json\/wp\/v2\/pages\/493\/revisions"}],"wp:attachment":[{"href":"https:\/\/www.chb.cl\/sitio\/wp-json\/wp\/v2\/media?parent=493"}],"curies":[{"name":"wp","href":"https:\/\/api.w.org\/{rel}","templated":true}]}}