{"id":5063,"date":"2020-03-30T19:06:14","date_gmt":"2020-03-30T19:06:14","guid":{"rendered":"https:\/\/www.chb.cl\/sitio\/?page_id=5063"},"modified":"2026-02-19T12:31:48","modified_gmt":"2026-02-19T15:31:48","slug":"inspectoria","status":"publish","type":"page","link":"https:\/\/www.chb.cl\/sitio\/inspectoria\/","title":{"rendered":"Inspector\u00eda"},"content":{"rendered":"<p>[et_pb_section fb_built=\u00bb1&#8243; admin_label=\u00bbsection\u00bb _builder_version=\u00bb4.16&#8243; global_colors_info=\u00bb{}\u00bb][et_pb_row admin_label=\u00bbrow\u00bb _builder_version=\u00bb4.16&#8243; background_size=\u00bbinitial\u00bb background_position=\u00bbtop_left\u00bb background_repeat=\u00bbrepeat\u00bb global_colors_info=\u00bb{}\u00bb][et_pb_column type=\u00bb4_4&#8243; _builder_version=\u00bb4.16&#8243; custom_padding=\u00bb|||\u00bb global_colors_info=\u00bb{}\u00bb custom_padding__hover=\u00bb|||\u00bb][et_pb_image src=\u00bbhttps:\/\/www.chb.cl\/sitio\/wp-content\/uploads\/2026\/02\/Classic-gradient-04.png\u00bb title_text=\u00bbClassic gradient 04&#8243; align=\u00bbcenter\u00bb _builder_version=\u00bb4.27.5&#8243; _module_preset=\u00bbdefault\u00bb hover_enabled=\u00bb0&#8243; global_colors_info=\u00bb{}\u00bb width=\u00bb28%\u00bb sticky_enabled=\u00bb0&#8243;][\/et_pb_image][et_pb_text admin_label=\u00bbText\u00bb _builder_version=\u00bb4.27.5&#8243; text_font_size=\u00bb17px\u00bb background_size=\u00bbinitial\u00bb background_position=\u00bbtop_left\u00bb background_repeat=\u00bbrepeat\u00bb text_orientation=\u00bbjustified\u00bb global_colors_info=\u00bb{}\u00bb]<\/p>\n<h4 style=\"text-align: center;\">Inspectora General<\/h4>\n<h4 style=\"text-align: center;\"><span style=\"font-weight: 400;\">Alejandra Milla Ahumada<\/span><\/h4>\n<h3><b>Inspector\u00eda General<\/b><\/h3>\n<p>En el Colegio Hispano Brit\u00e1nico, Inspector\u00eda cumple un papel fundamental para toda la comunidad educativa puesto que, es la unidad encargada de cautelar las actividades del establecimiento para asegurar que toda interacci\u00f3n entre sus miembros se desarrollen en un ambiente de orden, seguridad y sana convivencia.<\/p>\n<p>La unidad est\u00e1 compuesta por profesionales con formaci\u00f3n en el \u00e1rea de la educaci\u00f3n o social, con especializaci\u00f3n en inspector\u00eda educacional y\/o asistente de la educaci\u00f3n.<\/p>\n<p>Inspector\u00eda realiza un trabajo articulado con Convivencia Escolar.<\/p>\n<h4 style=\"text-align: justify;\"><b>Objetivo<\/b><\/h4>\n<p style=\"text-align: justify;\">Promover un ambiente escolar seguro, de disciplina y sana convivencia a trav\u00e9s del cumplimiento de las disposiciones reglamentarias del establecimiento.<\/p>\n<h4><b>Principales Funciones<\/b><\/h4>\n<ul>\n<li style=\"font-weight: 400; text-align: justify;\" aria-level=\"1\">Velar por el cumplimiento del reglamento interno de la instituci\u00f3n.<\/li>\n<li style=\"font-weight: 400; text-align: justify;\" aria-level=\"1\">Supervisar que las actividades del establecimiento se desarrollen en un ambiente de disciplina y armon\u00eda.<\/li>\n<li style=\"font-weight: 400; text-align: justify;\" aria-level=\"1\">Cautelar y resguardar la Seguridad e Higiene del Establecimiento.<\/li>\n<li style=\"font-weight: 400; text-align: justify;\" aria-level=\"1\">Controlar y supervisar la responsabilidad y disciplina escolar del alumnado, de acuerdo con el Proyecto Educativo Institucional (PEI) que sustenta el Colegio.<\/li>\n<li style=\"font-weight: 400; text-align: justify;\" aria-level=\"1\">Atender las inquietudes y tener un conocimiento general de todos los y las estudiantes, principalmente de aquellos en situaci\u00f3n especial con respecto a su disciplina, conducta y responsabilidad escolar.<\/li>\n<li style=\"font-weight: 400; text-align: justify;\" aria-level=\"1\">Coordinaci\u00f3n durante la jornada de clases, de los aspectos de infraestructura y personal para el correcto desarrollo de las actividades acad\u00e9micas del establecimiento tanto programadas como emergentes.<\/li>\n<li style=\"font-weight: 400; text-align: justify;\" aria-level=\"1\">Velar por el correcto uso y la conservaci\u00f3n del mobiliario, materiales y las dependencias del Establecimiento.<\/li>\n<li style=\"font-weight: 400; text-align: justify;\" aria-level=\"1\">Mantener en forma actualizada y ordenada, la informaci\u00f3n en cuanto a asistencia y justificaciones del alumnado y los docentes del Colegio.<\/li>\n<li style=\"font-weight: 400; text-align: justify;\" aria-level=\"1\">Informar, supervisar y controlar la funci\u00f3n de los profesores jefes como garantes de la disciplina de sus alumnos.<\/li>\n<\/ul>\n<p style=\"text-align: justify;\">En el Colegio Hispano Brit\u00e1nico, Inspector\u00eda General busca establecer un cambio en el paradigma disciplinario \u2013 punitivo por un modelo m\u00e1s formativo, integrando elementos y estrategias en relaci\u00f3n a la formaci\u00f3n y prevenci\u00f3n en materia de convivencia escolar.<\/p>\n<p>[\/et_pb_text][\/et_pb_column][\/et_pb_row][\/et_pb_section]<\/p>\n","protected":false},"excerpt":{"rendered":"<p>Inspectora General Alejandra Milla Ahumada Inspector\u00eda General En el Colegio Hispano Brit\u00e1nico, Inspector\u00eda cumple un papel fundamental para toda la comunidad educativa puesto que, es la unidad encargada de cautelar [&hellip;]<\/p>\n","protected":false},"author":1,"featured_media":0,"parent":0,"menu_order":0,"comment_status":"closed","ping_status":"closed","template":"","meta":{"_et_pb_use_builder":"on","_et_pb_old_content":"[vc_row][vc_column][vc_single_image image=\"17693\" img_size=\"full\" alignment=\"center\"][vc_column_text]\r\n<h4 style=\"text-align: center;\"><b>Inspector General.<\/b><\/h4>\r\n<h4 style=\"text-align: center;\"><span style=\"font-weight: 400;\">Alejandro Felipe Carrillo N\u00fa\u00f1ez<\/span><\/h4>\r\n[\/vc_column_text][\/vc_column][\/vc_row][vc_row][vc_column][vc_empty_space][vc_column_text]<b>Inspector\u00eda General<\/b>\r\n\r\n<span style=\"font-weight: 400;\">En el Colegio Hispano Brit\u00e1nico, Inspector\u00eda cumple un papel fundamental para toda la comunidad educativa puesto que, es la unidad encargada de cautelar las actividades del establecimiento para asegurar que toda interacci\u00f3n entre sus miembros se desarrollen en un ambiente de orden, seguridad y sana convivencia.<\/span>\r\n\r\n<span style=\"font-weight: 400;\">La unidad est\u00e1 compuesta por profesionales con formaci\u00f3n en el \u00e1rea de la educaci\u00f3n o social, con especializaci\u00f3n en inspector\u00eda educacional y\/o asistente de la educaci\u00f3n.<\/span>\r\n\r\n<span style=\"font-weight: 400;\">Inspector\u00eda realiza un trabajo articulado con Convivencia Escolar<\/span>\r\n\r\n<b>Objetivo.<\/b>\r\n\r\n<span style=\"font-weight: 400;\">Promover un ambiente escolar seguro, de disciplina y sana convivencia a trav\u00e9s del cumplimiento de las disposiciones reglamentarias del establecimiento.<\/span>\r\n\r\n<b>Principales Funciones.<\/b>\r\n<ul>\r\n \t<li style=\"font-weight: 400;\" aria-level=\"1\"><span style=\"font-weight: 400;\">Velar por el cumplimiento del reglamento interno de la instituci\u00f3n.<\/span><\/li>\r\n \t<li style=\"font-weight: 400;\" aria-level=\"1\"><span style=\"font-weight: 400;\">Supervisar que las actividades del establecimiento se desarrollen en un ambiente de disciplina y armon\u00eda.<\/span><\/li>\r\n \t<li style=\"font-weight: 400;\" aria-level=\"1\"><span style=\"font-weight: 400;\">Cautelar y resguardar la Seguridad e Higiene del Establecimiento.<\/span><\/li>\r\n \t<li style=\"font-weight: 400;\" aria-level=\"1\"><span style=\"font-weight: 400;\">Controlar y supervisar la responsabilidad y disciplina escolar del alumnado, de acuerdo con el Proyecto Educativo Institucional (PEI) que sustenta el Colegio.<\/span><\/li>\r\n \t<li style=\"font-weight: 400;\" aria-level=\"1\"><span style=\"font-weight: 400;\">Atender las inquietudes y tener un conocimiento general de todos los y las estudiantes, principalmente de aquellos en situaci\u00f3n especial con respecto a su disciplina, conducta y responsabilidad escolar.<\/span><\/li>\r\n \t<li style=\"font-weight: 400;\" aria-level=\"1\"><span style=\"font-weight: 400;\">Coordinaci\u00f3n durante la jornada de clases, de los aspectos de infraestructura y personal para el correcto desarrollo de las actividades acad\u00e9micas del establecimiento tanto programadas como emergentes.<\/span><\/li>\r\n \t<li style=\"font-weight: 400;\" aria-level=\"1\"><span style=\"font-weight: 400;\">Velar por el correcto uso y la conservaci\u00f3n del mobiliario, materiales y las dependencias del Establecimiento.<\/span><\/li>\r\n \t<li style=\"font-weight: 400;\" aria-level=\"1\"><span style=\"font-weight: 400;\">Mantener en forma\u00a0 actualizada y ordenada, la informaci\u00f3n en cuanto a asistencia y justificaciones del alumnado y los docentes del Colegio.<\/span><\/li>\r\n \t<li style=\"font-weight: 400;\" aria-level=\"1\"><span style=\"font-weight: 400;\">Informar, supervisar y controlar la funci\u00f3n de los profesores jefes como garantes de la disciplina de sus alumnos.<\/span><\/li>\r\n<\/ul>\r\n<span style=\"font-weight: 400;\">En el colegio Hispano Brit\u00e1nico, Inspector\u00eda busca establecer un cambio en el paradigma disciplinario - punitivo por un modelo m\u00e1s formativo, integrando elementos y estrategias en relaci\u00f3n a la formaci\u00f3n y prevenci\u00f3n en materia de convivencia escolar.<\/span>[\/vc_column_text][vc_empty_space][\/vc_column][\/vc_row][vc_row][vc_column][vc_column_text]<span style=\"color: #333333;\"><b>Comunidad de Madres, Padres y Apoderados del Colegio Hispano Brit\u00e1nico Iquique:<\/b><\/span>\r\n\r\nEstamos trabajando para enfrentar los desaf\u00edos que la pandemia de COVID-19 trae consigo en el \u00e1mbito educativo, nuestro equipo docente se encuentra trabajando para entregar las mejores herramientas a sus hijos, sin que esto signifique para ellos una carga innecesaria de estr\u00e9s, cumpliendo con los est\u00e1ndares de nuestras instituciones.\r\n\r\nAsimismo, estamos trabajando en un plan de beneficios para a aquellas familias que lo necesiten. Esta informaci\u00f3n en detalle se ha enviado a sus correos electr\u00f3nicos.\r\n\r\nReciban un gran abrazo de nuestra parte.[\/vc_column_text][vc_empty_space][vc_row_inner][vc_column_inner width=\"1\/2\"][vc_btn title=\"Protocolo Medidas Sanitarias MINSAL (Septiembre 2022)\" color=\"info\" link=\"url:https%3A%2F%2Fwww.mineduc.cl%2Fwp-content%2Fuploads%2Fsites%2F19%2F2022%2F09%2FPROTOCOLO_MEDIDAS_SANITARIAS_Y_VIGILANCIA_EPIDEMIOLOGICA.pdf|target:_blank\"][vc_empty_space][vc_btn title=\"Protocolo Comedor Escolar\" color=\"primary\" link=\"url:https%3A%2F%2Fwww.chb.cl%2Fsitio%2Fwp-content%2Fuploads%2F2022%2F09%2FProtocolo-COMEDOR-ESCOLAR-octubre-2022.pdf|target:_blank\"][vc_empty_space][vc_btn title=\"Protocolo de Medidas Sanitarias y Vigilancia Epidemiol\u00f3gica\" color=\"primary\" link=\"url:https%3A%2F%2Fwww.chb.cl%2Fsitio%2Fwp-content%2Fuploads%2F2022%2F10%2FACTUALIZACION-PROTOCOLO-DE-MEDIDAS-SANITARIAS-Y-VIGILANCIA-EPIDEMIOLOGICA-1.pdf\"][\/vc_column_inner][vc_column_inner width=\"1\/2\"][vc_btn title=\"Revisa estado de vacunaci\u00f3n\" color=\"orange\" link=\"url:https%3A%2F%2Fvacunacionescolar.mineduc.cl%2F\"][vc_empty_space][vc_btn title=\"Protocolo Transporte Escolar\" color=\"primary\" link=\"url:https%3A%2F%2Fwww.chb.cl%2Fsitio%2Fwp-content%2Fuploads%2F2022%2F09%2FProtocolo-TRANSPORTE-ESCOLAR-marzo-2022.pdf|target:_blank\"][vc_empty_space][\/vc_column_inner][vc_column_inner][\/vc_column_inner][\/vc_row_inner][\/vc_column][\/vc_row]","_et_gb_content_width":"","footnotes":""},"class_list":["post-5063","page","type-page","status-publish","hentry"],"_links":{"self":[{"href":"https:\/\/www.chb.cl\/sitio\/wp-json\/wp\/v2\/pages\/5063","targetHints":{"allow":["GET"]}}],"collection":[{"href":"https:\/\/www.chb.cl\/sitio\/wp-json\/wp\/v2\/pages"}],"about":[{"href":"https:\/\/www.chb.cl\/sitio\/wp-json\/wp\/v2\/types\/page"}],"author":[{"embeddable":true,"href":"https:\/\/www.chb.cl\/sitio\/wp-json\/wp\/v2\/users\/1"}],"replies":[{"embeddable":true,"href":"https:\/\/www.chb.cl\/sitio\/wp-json\/wp\/v2\/comments?post=5063"}],"version-history":[{"count":0,"href":"https:\/\/www.chb.cl\/sitio\/wp-json\/wp\/v2\/pages\/5063\/revisions"}],"wp:attachment":[{"href":"https:\/\/www.chb.cl\/sitio\/wp-json\/wp\/v2\/media?parent=5063"}],"curies":[{"name":"wp","href":"https:\/\/api.w.org\/{rel}","templated":true}]}}