{"id":8135,"date":"2021-03-04T14:01:26","date_gmt":"2021-03-04T14:01:26","guid":{"rendered":"https:\/\/www.chb.cl\/sitio\/?page_id=8135"},"modified":"2024-02-14T09:37:41","modified_gmt":"2024-02-14T12:37:41","slug":"chbxxi","status":"publish","type":"page","link":"https:\/\/www.chb.cl\/sitio\/chbxxi\/","title":{"rendered":"Hispano Brit\u00e1nico, impulsando la educaci\u00f3n del siglo XXI en la regi\u00f3n"},"content":{"rendered":"<p>[et_pb_section fb_built=\u00bb1&#8243; _builder_version=\u00bb4.23.4&#8243; _module_preset=\u00bbdefault\u00bb global_colors_info=\u00bb{}\u00bb][et_pb_row _builder_version=\u00bb4.23.4&#8243; _module_preset=\u00bbdefault\u00bb global_colors_info=\u00bb{}\u00bb][et_pb_column type=\u00bb4_4&#8243; _builder_version=\u00bb4.23.4&#8243; _module_preset=\u00bbdefault\u00bb global_colors_info=\u00bb{}\u00bb][et_pb_text _builder_version=\u00bb4.24.0&#8243; _module_preset=\u00bbdefault\u00bb text_font_size=\u00bb17px\u00bb text_orientation=\u00bbjustified\u00bb global_colors_info=\u00bb{}\u00bb]<\/p>\n<h3><\/h3>\n<h3>Hispano Brit\u00e1nico, impulsando la educaci\u00f3n del siglo XXI en la regi\u00f3n<\/h3>\n<p>El Colegio Hispano Brit\u00e1nico en el a\u00f1o 2021 realiz\u00f3 una actualizaci\u00f3n en su propuesta educativa, cuya finalidad es la educaci\u00f3n centrada en el estudiante y sus necesidades para desarrollar las competencias requeridas en el siglo XXI.<br \/>Este proyecto contempla la participaci\u00f3n activa de los padres y apoderados en la educaci\u00f3n val\u00f3rica de sus hijos; Familia y Colegio trabajan alineados y constantemente se comunican para acompa\u00f1ar a los j\u00f3venes, ni\u00f1as y ni\u00f1os en su desarrollo acad\u00e9mico, personal y socioemocional.<\/p>\n<p>Nuestro Colegio imparte una educaci\u00f3n de calidad y excelencia propia de un establecimiento particular privado, en donde los estudiantes se esfuerzan para alcanzar sus metas y objetivos de acuerdo a sus propias competencias e intereses.<\/p>\n<p>Esta mirada actualizada, se concreta en una renovaci\u00f3n de su Misi\u00f3n, Visi\u00f3n y Lema institucional, que responde a los cambios necesarios en una sociedad en constante desarrollo.<\/p>\n<h4><\/h4>\n<p>&nbsp;<\/p>\n<h4>Sello CHB<\/h4>\n<ul>\n<li>Excelencia acad\u00e9mica lograda a trav\u00e9s del enfoque centrado en el estudiante<\/li>\n<li>Ocupaci\u00f3n permanente por el medio ambiente y su protecci\u00f3n<\/li>\n<li>Clima de convivencia escolar positivo con toda la comunidad educativa<\/li>\n<li>Amplia oferta de actividades destinadas al desarrollo de competencias tanto cognitivas como sociales para nuestros estudiantes<\/li>\n<li>Permanente mejoramiento de la infraestructura, destinada a favorecer el desarrollo integral de nuestros estudiantes<\/li>\n<\/ul>\n<h4><\/h4>\n<h4><\/h4>\n<h4>Nuestro Lema<\/h4>\n<p><strong>\u00abConstruyendo juntos lo que eres capaz de ser\u00bb<\/strong><br \/><strong>\u00abBuilding together what you are able to be\u00bb<\/strong><\/p>\n<p>Bienvenidos a Hispano Brit\u00e1nico, impulsemos juntos la educaci\u00f3n en el siglo XXI.<\/p>\n<p>[\/et_pb_text][\/et_pb_column][\/et_pb_row][\/et_pb_section]<\/p>\n","protected":false},"excerpt":{"rendered":"<p>Hispano Brit\u00e1nico, impulsando la educaci\u00f3n del siglo XXI en la regi\u00f3n El Colegio Hispano Brit\u00e1nico en el a\u00f1o 2021 realiz\u00f3 una actualizaci\u00f3n en su propuesta educativa, cuya finalidad es la [&hellip;]<\/p>\n","protected":false},"author":1,"featured_media":0,"parent":0,"menu_order":0,"comment_status":"closed","ping_status":"closed","template":"","meta":{"_et_pb_use_builder":"on","_et_pb_old_content":"","_et_gb_content_width":"","footnotes":""},"class_list":["post-8135","page","type-page","status-publish","hentry"],"_links":{"self":[{"href":"https:\/\/www.chb.cl\/sitio\/wp-json\/wp\/v2\/pages\/8135","targetHints":{"allow":["GET"]}}],"collection":[{"href":"https:\/\/www.chb.cl\/sitio\/wp-json\/wp\/v2\/pages"}],"about":[{"href":"https:\/\/www.chb.cl\/sitio\/wp-json\/wp\/v2\/types\/page"}],"author":[{"embeddable":true,"href":"https:\/\/www.chb.cl\/sitio\/wp-json\/wp\/v2\/users\/1"}],"replies":[{"embeddable":true,"href":"https:\/\/www.chb.cl\/sitio\/wp-json\/wp\/v2\/comments?post=8135"}],"version-history":[{"count":0,"href":"https:\/\/www.chb.cl\/sitio\/wp-json\/wp\/v2\/pages\/8135\/revisions"}],"wp:attachment":[{"href":"https:\/\/www.chb.cl\/sitio\/wp-json\/wp\/v2\/media?parent=8135"}],"curies":[{"name":"wp","href":"https:\/\/api.w.org\/{rel}","templated":true}]}}