{"id":8484,"date":"2021-04-19T03:25:00","date_gmt":"2021-04-19T03:25:00","guid":{"rendered":"https:\/\/www.chb.cl\/sitio\/?page_id=8484"},"modified":"2024-07-04T10:35:33","modified_gmt":"2024-07-04T13:35:33","slug":"convivencia-escolar","status":"publish","type":"page","link":"https:\/\/www.chb.cl\/sitio\/convivencia-escolar\/","title":{"rendered":"Convivencia escolar"},"content":{"rendered":"<p>[et_pb_section fb_built=\u00bb1&#8243; _builder_version=\u00bb4.23.4&#8243; _module_preset=\u00bbdefault\u00bb global_colors_info=\u00bb{}\u00bb][et_pb_row _builder_version=\u00bb4.24.0&#8243; _module_preset=\u00bbdefault\u00bb global_colors_info=\u00bb{}\u00bb][et_pb_column type=\u00bb4_4&#8243; _builder_version=\u00bb4.24.0&#8243; _module_preset=\u00bbdefault\u00bb global_colors_info=\u00bb{}\u00bb][et_pb_image src=\u00bbhttps:\/\/www.chb.cl\/sitio\/wp-content\/uploads\/2024\/01\/PhotoRoom-20230308_113908-1.jpg\u00bb title_text=\u00bbPhotoRoom-20230308_113908-1&#8243; align=\u00bbcenter\u00bb _builder_version=\u00bb4.24.0&#8243; _module_preset=\u00bbdefault\u00bb width=\u00bb28%\u00bb global_colors_info=\u00bb{}\u00bb][\/et_pb_image][\/et_pb_column][\/et_pb_row][et_pb_row _builder_version=\u00bb4.23.4&#8243; _module_preset=\u00bbdefault\u00bb global_colors_info=\u00bb{}\u00bb][et_pb_column type=\u00bb4_4&#8243; _builder_version=\u00bb4.23.4&#8243; _module_preset=\u00bbdefault\u00bb global_colors_info=\u00bb{}\u00bb][et_pb_text _builder_version=\u00bb4.24.0&#8243; _module_preset=\u00bbdefault\u00bb text_orientation=\u00bbjustified\u00bb global_colors_info=\u00bb{}\u00bb]<\/p>\n<h3 style=\"text-align: center;\">Encargado de Convivencia CHB.<br \/><span style=\"font-weight: 400;\">Miguel Angel Orellana Ch\u00e1vez<\/span><\/h3>\n<h4 style=\"text-align: justify;\"><\/h4>\n<h4 style=\"text-align: justify;\"><\/h4>\n<h4 style=\"text-align: justify;\"><\/h4>\n<h4 style=\"text-align: justify;\"><\/h4>\n<h3 style=\"text-align: justify;\">\u00bfQu\u00e9 es la Convivencia Escolar?<\/h3>\n<p>Es el conjunto de relaciones que se producen entre todos los actores de una comunidad; incluye las relaciones entre individuos y tambi\u00e9n entre equipos, grupos, cursos y organizaciones internas.<br \/>Gesti\u00f3n de la Convivencia Escolar en Hispano Brit\u00e1nico.<\/p>\n<p>La ley N\u00b0 20.536 sobre violencia escolar (2011), establece que cada establecimiento educacional debe contar con un Plan de Gesti\u00f3n de la Convivencia. En el colegio Hispano Brit\u00e1nico se busca desarrollar la Convivencia Escolar a trav\u00e9s de:<\/p>\n<ul style=\"text-align: justify;\">\n<li style=\"font-weight: 400;\" aria-level=\"1\"><span style=\"font-weight: 400;\">Trato respetuoso<\/span><\/li>\n<li style=\"font-weight: 400;\" aria-level=\"1\"><span style=\"font-weight: 400;\">Convivencia Inclusiva<\/span><\/li>\n<li style=\"font-weight: 400;\" aria-level=\"1\"><span style=\"font-weight: 400;\">Participaci\u00f3n democr\u00e1tica y colaboraci\u00f3n<\/span><\/li>\n<li style=\"font-weight: 400;\" aria-level=\"1\"><span style=\"font-weight: 400;\">Resoluci\u00f3n pac\u00edfica y dialogada de los conflictos<\/span><\/li>\n<\/ul>\n<p>La Unidad de Convivencia Escolar est\u00e1 compuesta por profesionales de la educaci\u00f3n y ciencias sociales que act\u00faan de manera articulada para responder a las necesidades del contexto escolar y busca la intervenci\u00f3n sist\u00e9mica en el \u00e1rea de convivencia escolar, distingui\u00e9ndose dos formas de intervenci\u00f3n, la preventiva y la de intervenci\u00f3n directa.<br \/>Convivencia Escolar realiza un trabajo articulado con Inspector\u00eda.<br \/>Es importante saber que de acuerdo al Art\u00edculo 73\u00b0 del Reglamento interno y Manual de Convivencia Escolar, que los padres y apoderados del Colegio Hispano Brit\u00e1nico, tienen el derecho a utilizar, de modo apropiado, los siguientes conductos regulares jer\u00e1rquicos de soluci\u00f3n de conflictos que afecten a su pupilo(a) en el \u00e1mbito de la Convivencia Escolar:<\/p>\n<ul style=\"text-align: justify;\">\n<li style=\"font-weight: 400;\" aria-level=\"1\"><span style=\"font-weight: 400;\">Profesor Jefe (primera Instancia)<\/span><\/li>\n<li style=\"font-weight: 400;\" aria-level=\"1\"><span style=\"font-weight: 400;\">Inspector General y\/u Orientador (Segunda Instancia)<\/span><\/li>\n<li style=\"font-weight: 400;\" aria-level=\"1\"><span style=\"font-weight: 400;\">Encargado de Convivencia Escolar (tercera Instancia)<\/span><\/li>\n<li style=\"font-weight: 400;\" aria-level=\"1\"><span style=\"font-weight: 400;\">Director (\u00faltima instancia)<\/span><\/li>\n<\/ul>\n<h3><\/h3>\n<h3>Objetivo General.<\/h3>\n<p>Desarrollar en la organizaci\u00f3n una convivencia basada en el trato respetuoso, inclusivo, participativo y con resoluci\u00f3n de conflictos dialogados, a trav\u00e9s de la ejecuci\u00f3n del Plan de Gesti\u00f3n de la Convivencia Escolar alineado con el Proyecto Educativo Institucional.<\/p>\n<p>[\/et_pb_text][\/et_pb_column][\/et_pb_row][et_pb_row _builder_version=\u00bb4.23.4&#8243; _module_preset=\u00bbdefault\u00bb global_colors_info=\u00bb{}\u00bb column_structure=\u00bb1_3,1_3,1_3&#8243;][et_pb_column type=\u00bb1_3&#8243; _builder_version=\u00bb4.23.4&#8243; _module_preset=\u00bbdefault\u00bb global_colors_info=\u00bb{}\u00bb][et_pb_code _builder_version=\u00bb4.24.3&#8243; _module_preset=\u00bbdefault\u00bb global_colors_info=\u00bb{}\u00bb]<iframe loading=\"lazy\" width=\"560\" height=\"315\" src=\"https:\/\/www.youtube.com\/embed\/78gbAhyq5W8?si=QcT8TjqGeiT8NJFe\" title=\"YouTube video player\" frameborder=\"0\" allow=\"accelerometer; autoplay; clipboard-write; encrypted-media; gyroscope; picture-in-picture; web-share\" referrerpolicy=\"strict-origin-when-cross-origin\" allowfullscreen><\/iframe>[\/et_pb_code][\/et_pb_column][et_pb_column type=\u00bb1_3&#8243; _builder_version=\u00bb4.23.4&#8243; _module_preset=\u00bbdefault\u00bb global_colors_info=\u00bb{}\u00bb][et_pb_code _builder_version=\u00bb4.25.2&#8243; _module_preset=\u00bbdefault\u00bb width=\u00bb74%\u00bb max_width=\u00bb100%\u00bb module_alignment=\u00bbcenter\u00bb hover_enabled=\u00bb0&#8243; sticky_enabled=\u00bb0&#8243;]<iframe loading=\"lazy\" width=\"478\" height=\"849\" src=\"https:\/\/www.youtube.com\/embed\/BzlVh_Dil5M\" title=\"Re 1\" frameborder=\"0\" allow=\"accelerometer; autoplay; clipboard-write; encrypted-media; gyroscope; picture-in-picture; web-share\" referrerpolicy=\"strict-origin-when-cross-origin\" allowfullscreen><\/iframe>[\/et_pb_code][\/et_pb_column][et_pb_column type=\u00bb1_3&#8243; _builder_version=\u00bb4.23.4&#8243; _module_preset=\u00bbdefault\u00bb global_colors_info=\u00bb{}\u00bb][et_pb_image src=\u00bbhttps:\/\/www.chb.cl\/sitio\/wp-content\/uploads\/2024\/04\/Campana-contra-el-bullying-chb-5.jpg\u00bb title_text=\u00bbCampa\u00f1a contra el bullying chb (5)\u00bb url=\u00bbhttps:\/\/www.chb.cl\/sitio\/campana-de-promocion-de-los-buenos-tratos-y-prevencion-de-la-violencia-escolar\/\u00bb align=\u00bbcenter\u00bb _builder_version=\u00bb4.25.2&#8243; _module_preset=\u00bbdefault\u00bb hover_enabled=\u00bb0&#8243; global_colors_info=\u00bb{}\u00bb sticky_enabled=\u00bb0&#8243;][\/et_pb_image][\/et_pb_column][\/et_pb_row][et_pb_row _builder_version=\u00bb4.24.3&#8243; _module_preset=\u00bbdefault\u00bb global_colors_info=\u00bb{}\u00bb][et_pb_column type=\u00bb4_4&#8243; _builder_version=\u00bb4.24.3&#8243; _module_preset=\u00bbdefault\u00bb global_colors_info=\u00bb{}\u00bb][\/et_pb_column][\/et_pb_row][\/et_pb_section]<\/p>\n","protected":false},"excerpt":{"rendered":"<p>Encargado de Convivencia CHB.Miguel Angel Orellana Ch\u00e1vez \u00bfQu\u00e9 es la Convivencia Escolar? Es el conjunto de relaciones que se producen entre todos los actores de una comunidad; incluye las relaciones [&hellip;]<\/p>\n","protected":false},"author":1,"featured_media":0,"parent":0,"menu_order":0,"comment_status":"closed","ping_status":"closed","template":"","meta":{"_et_pb_use_builder":"on","_et_pb_old_content":"","_et_gb_content_width":"","footnotes":""},"class_list":["post-8484","page","type-page","status-publish","hentry"],"_links":{"self":[{"href":"https:\/\/www.chb.cl\/sitio\/wp-json\/wp\/v2\/pages\/8484","targetHints":{"allow":["GET"]}}],"collection":[{"href":"https:\/\/www.chb.cl\/sitio\/wp-json\/wp\/v2\/pages"}],"about":[{"href":"https:\/\/www.chb.cl\/sitio\/wp-json\/wp\/v2\/types\/page"}],"author":[{"embeddable":true,"href":"https:\/\/www.chb.cl\/sitio\/wp-json\/wp\/v2\/users\/1"}],"replies":[{"embeddable":true,"href":"https:\/\/www.chb.cl\/sitio\/wp-json\/wp\/v2\/comments?post=8484"}],"version-history":[{"count":0,"href":"https:\/\/www.chb.cl\/sitio\/wp-json\/wp\/v2\/pages\/8484\/revisions"}],"wp:attachment":[{"href":"https:\/\/www.chb.cl\/sitio\/wp-json\/wp\/v2\/media?parent=8484"}],"curies":[{"name":"wp","href":"https:\/\/api.w.org\/{rel}","templated":true}]}}