{"id":8946,"date":"2021-05-27T17:44:03","date_gmt":"2021-05-27T17:44:03","guid":{"rendered":"https:\/\/www.chb.cl\/sitio\/?page_id=8946"},"modified":"2022-02-14T18:48:39","modified_gmt":"2022-02-14T18:48:39","slug":"clasesmixtabasica","status":"publish","type":"page","link":"https:\/\/www.chb.cl\/sitio\/clasesmixtabasica\/","title":{"rendered":"EDUCACI\u00d3N BASICA CLASES MIXTAS"},"content":{"rendered":"<p>[vc_row][vc_column][vc_column_text]<\/p>\n<div class=\"wpb_text_column wpb_content_element wpb_animate_when_almost_visible wpb_fadeInLeft fadeInLeft wpb_start_animation animated\">\n<div class=\"wpb_wrapper\"><span style=\"font-family: arial, sans-serif;\">Estimados Padres, Madres y apoderados:A continuaci\u00f3n, podr\u00e1n acceder a los horarios y a la distribuci\u00f3n de los grupos para la asistencia a clases presenciales en modalidad mixta, esto considera el aforo permitido. <\/span>No olvide revisar la informaci\u00f3n respecto a los horarios de entrada y salida.<\/div>\n<\/div>\n<div><\/div>\n<h4><\/h4>\n<p>[\/vc_column_text][vc_empty_space][vc_btn title=\u00bbHorario Ense\u00f1anza B\u00e1sica\u00bb color=\u00bbprimary\u00bb size=\u00bblg\u00bb align=\u00bbcenter\u00bb css_animation=\u00bbfadeInLeft\u00bb link=\u00bburl:https%3A%2F%2Fwww.chb.cl%2Fsitio%2Feducacion-a-distancia%2Fhorarios-basica-av%2F|title:Horario%20Ense%C3%B1anza%20Basica|target:_blank\u00bb][vc_empty_space][\/vc_column][\/vc_row][vc_row][vc_column width=\u00bb1\/2&#8243;][vc_column_text]<\/p>\n<div class=\"wpb_text_column wpb_content_element wpb_animate_when_almost_visible wpb_fadeInLeft fadeInLeft wpb_start_animation animated\">\n<div class=\"wpb_wrapper\"><\/div>\n<\/div>\n<h4><strong>Grupos de clases Mixtas.<\/strong><\/h4>\n<p>&nbsp;<\/p>\n<div class=\"wpb_text_column wpb_content_element wpb_animate_when_almost_visible wpb_fadeInLeft fadeInLeft wpb_start_animation animated\">\n<div class=\"wpb_wrapper\">\n<h1><a href=\"https:\/\/www.chb.cl\/sitio\/wp-content\/uploads\/2021\/05\/1\u00b0-BASICO-A-1.pdf\">1\u00ba A<\/a>\u00a0 \u2013\u00a0<a href=\"https:\/\/www.chb.cl\/sitio\/wp-content\/uploads\/2021\/05\/1\u00b0-BASICO-B-1.pdf\">1\u00baB<\/a>\u00a0 \u2013\u00a0<a href=\"https:\/\/www.chb.cl\/sitio\/wp-content\/uploads\/2021\/05\/1\u00b0-BASICO-C-1.pdf\">1\u00baC<\/a>\u00a0 \u2013\u00a0<a href=\"https:\/\/www.chb.cl\/sitio\/wp-content\/uploads\/2021\/05\/1\u00b0-BASICO-D-1.pdf\">1\u00ba D<\/a><\/h1>\n<h1><a href=\"https:\/\/www.chb.cl\/sitio\/wp-content\/uploads\/2021\/05\/2\u00b0-BASICO-A-1.pdf\">2\u00baA\u00a0<\/a>\u00a0\u2013\u00a0<a href=\"https:\/\/www.chb.cl\/sitio\/wp-content\/uploads\/2021\/05\/2\u00b0-BASICO-B-2.pdf\">2\u00baB<\/a>\u00a0\u2013\u00a0<a href=\"https:\/\/www.chb.cl\/sitio\/wp-content\/uploads\/2021\/05\/2\u00b0-BASICO-C-1.pdf\">2\u00baC<\/a>\u00a0\u2013\u00a0<a href=\"https:\/\/www.chb.cl\/sitio\/wp-content\/uploads\/2021\/05\/2\u00b0-BASICO-D-1.pdf\">2\u00baD<\/a><\/h1>\n<h1><a href=\"https:\/\/www.chb.cl\/sitio\/wp-content\/uploads\/2021\/05\/3\u00b0-BASICO-A-1.pdf\">3\u00baA<\/a>\u00a0\u2013\u00a0<a href=\"https:\/\/www.chb.cl\/sitio\/wp-content\/uploads\/2021\/05\/3\u00b0-BASICO-B-1.pdf\">3\u00baB<\/a>\u00a0\u2013\u00a0<a href=\"https:\/\/www.chb.cl\/sitio\/wp-content\/uploads\/2021\/05\/3\u00b0-BASICO-C-1.pdf\">3\u00baC<\/a>\u00a0\u2013\u00a0<a href=\"https:\/\/www.chb.cl\/sitio\/wp-content\/uploads\/2021\/05\/3\u00b0-BASICO-D-1.pdf\">3\u00baD<\/a>\u00a0\u2013\u00a0<a href=\"https:\/\/www.chb.cl\/sitio\/wp-content\/uploads\/2021\/05\/3\u00b0-BASICO-E-1.pdf\">3\u00baE<\/a><\/h1>\n<h1><a href=\"https:\/\/www.chb.cl\/sitio\/wp-content\/uploads\/2021\/05\/4\u00b0-BASICO-A-1.pdf\">4\u00ba A<\/a>\u00a0\u2013\u00a0<a href=\"https:\/\/www.chb.cl\/sitio\/wp-content\/uploads\/2021\/05\/4\u00b0-BASICO-B-1.pdf\">4\u00ba B<\/a>\u00a0\u2013\u00a0<a href=\"https:\/\/www.chb.cl\/sitio\/wp-content\/uploads\/2021\/05\/4\u00b0-BASICO-C-1.pdf\">4\u00ba C<\/a>\u00a0\u2013\u00a0<a href=\"https:\/\/www.chb.cl\/sitio\/wp-content\/uploads\/2021\/05\/4\u00b0-BASICO-D-1.pdf\">4\u00ba D<\/a>\u00a0\u2013\u00a0<a href=\"https:\/\/www.chb.cl\/sitio\/wp-content\/uploads\/2021\/05\/4\u00b0-BASICO-E-1.pdf\">4\u00ba E<\/a><\/h1>\n<h1><a href=\"https:\/\/www.chb.cl\/sitio\/wp-content\/uploads\/2021\/05\/5\u00b0-BASICO-A-1.pdf\">5\u00ba A<\/a>\u00a0\u2013\u00a0<a href=\"https:\/\/www.chb.cl\/sitio\/wp-content\/uploads\/2021\/05\/5\u00b0-BASICO-B-1.pdf\">5\u00ba B<\/a>\u00a0\u2013\u00a0<a href=\"https:\/\/www.chb.cl\/sitio\/wp-content\/uploads\/2021\/05\/5\u00b0-BASICO-C-1.pdf\">5\u00ba C<\/a>\u00a0\u2013\u00a0<a href=\"https:\/\/www.chb.cl\/sitio\/wp-content\/uploads\/2021\/05\/5\u00b0-BASICO-D-1.pdf\">5\u00ba D<\/a>\u00a0\u2013\u00a0<a href=\"https:\/\/www.chb.cl\/sitio\/wp-content\/uploads\/2021\/05\/5\u00b0-BASICO-E-1.pdf\">5\u00ba E<\/a><\/h1>\n<h1><a href=\"https:\/\/www.chb.cl\/sitio\/wp-content\/uploads\/2021\/05\/6\u00b0-BASICO-A-1.pdf\">6\u00ba A<\/a>\u00a0\u2013\u00a0<a href=\"https:\/\/www.chb.cl\/sitio\/wp-content\/uploads\/2021\/05\/6\u00b0-BASICO-B-1.pdf\">6\u00ba B<\/a>\u00a0\u2013\u00a0<a href=\"https:\/\/www.chb.cl\/sitio\/wp-content\/uploads\/2021\/05\/6\u00b0-BASICO-C-1.pdf\">6\u00ba C<\/a>\u00a0\u2013\u00a0<a href=\"https:\/\/www.chb.cl\/sitio\/wp-content\/uploads\/2021\/05\/6\u00b0-BASICO-D-1.pdf\">6\u00ba D<\/a>\u00a0\u2013\u00a0<a href=\"https:\/\/www.chb.cl\/sitio\/wp-content\/uploads\/2021\/05\/6\u00b0-BASICO-E-1.pdf\">6\u00ba E<\/a><\/h1>\n<\/div>\n<\/div>\n<p>[\/vc_column_text][\/vc_column][vc_column width=\u00bb1\/2&#8243;][vc_empty_space][vc_empty_space][vc_empty_space][vc_empty_space][vc_empty_space][vc_btn title=\u00bbHorarios de Matr\u00edcula\u00bb color=\u00bbprimary\u00bb align=\u00bbcenter\u00bb link=\u00bburl:https%3A%2F%2Fwww.chb.cl%2Fsitio%2Fwp-content%2Fuploads%2F2021%2F09%2Fhorarios-de-matricula.pdf\u00bb][\/vc_column][\/vc_row]<\/p>\n","protected":false},"excerpt":{"rendered":"<p>[vc_row][vc_column][vc_column_text] Estimados Padres, Madres y apoderados:A continuaci\u00f3n, podr\u00e1n acceder a los horarios y a la distribuci\u00f3n de los grupos para la asistencia a clases presenciales en modalidad mixta, esto considera [&hellip;]<\/p>\n","protected":false},"author":1,"featured_media":0,"parent":0,"menu_order":0,"comment_status":"closed","ping_status":"closed","template":"","meta":{"_et_pb_use_builder":"","_et_pb_old_content":"","_et_gb_content_width":"","footnotes":""},"class_list":["post-8946","page","type-page","status-publish","hentry"],"_links":{"self":[{"href":"https:\/\/www.chb.cl\/sitio\/wp-json\/wp\/v2\/pages\/8946","targetHints":{"allow":["GET"]}}],"collection":[{"href":"https:\/\/www.chb.cl\/sitio\/wp-json\/wp\/v2\/pages"}],"about":[{"href":"https:\/\/www.chb.cl\/sitio\/wp-json\/wp\/v2\/types\/page"}],"author":[{"embeddable":true,"href":"https:\/\/www.chb.cl\/sitio\/wp-json\/wp\/v2\/users\/1"}],"replies":[{"embeddable":true,"href":"https:\/\/www.chb.cl\/sitio\/wp-json\/wp\/v2\/comments?post=8946"}],"version-history":[{"count":0,"href":"https:\/\/www.chb.cl\/sitio\/wp-json\/wp\/v2\/pages\/8946\/revisions"}],"wp:attachment":[{"href":"https:\/\/www.chb.cl\/sitio\/wp-json\/wp\/v2\/media?parent=8946"}],"curies":[{"name":"wp","href":"https:\/\/api.w.org\/{rel}","templated":true}]}}